{"id":4251,"date":"2022-02-08T18:22:04","date_gmt":"2022-02-08T21:22:04","guid":{"rendered":"https:\/\/www.ufmg.br\/proex\/?page_id=4251"},"modified":"2024-07-23T09:48:40","modified_gmt":"2024-07-23T12:48:40","slug":"mhnjb-setoreducativo","status":"publish","type":"page","link":"https:\/\/www.ufmg.br\/proex\/mhnjb-setoreducativo\/","title":{"rendered":"Setor Educativo MHNJB"},"content":{"rendered":"<p data-pm-slice=\"1 1 [&quot;blockquote&quot;,null]\">As inscri\u00e7\u00f5es para sele\u00e7\u00e3o de bolsistas para atuar no setor educativo do Museu de Hit\u00f3ria Natural e Jardim Bot\u00e2nico (MHNJB\/UFMG) estar\u00e3o abertas no per\u00edodo de <strong>22 de julho a 02 de agosto<\/strong> <strong>de 2024.<\/strong><\/p>\n<p data-pm-slice=\"1 1 [&quot;blockquote&quot;,null]\">Podem se candidatar estudantes da UFMG dos cursos de Ci\u00eancias Biol\u00f3gicas, Filosofia, Hist\u00f3ria, Museologia, Pedagogia, Teatro e \u00e1reas afins a partir do 2\u00ba per\u00edodo.<\/p>\n<p data-pm-slice=\"1 1 [&quot;blockquote&quot;,null]\">S\u00e3o oferecidas tr\u00eas vagas. O valor da bolsa \u00e9 de R$700,00 (setecentos reais) com vig\u00eancia de doze meses, a partir de agosto. \u00c9 necess\u00e1rio disponibilidade para cumprir 20 horas semanais.<\/p>\n<p>Os (as) candidatos (as) dever\u00e3o preencher <a href=\"https:\/\/forms.gle\/PAxBEB3YRJcdTs7y6\" target=\"_blank\" rel=\"noopener\">formul\u00e1rio de inscri\u00e7\u00e3o<\/a>\u00a0e encaminhar para o e-mail <a href=\"mailto:educativo@mhnjb.ufmg.br\" target=\"_blank\" rel=\"noopener\">educativo@mhnjb.ufmg.br<\/a> os seguintes documentos:<br \/>\n&#8211; Curr\u00edculo Lattes preenchido e atualizado;<br \/>\n&#8211; Extrato de Integraliza\u00e7\u00e3o Curricular;<br \/>\n&#8211; Carta de inten\u00e7\u00e3o (ver anexo I do edital).<\/p>\n<p>No assunto do e-mail deve constar:\u00a0 &#8220;Sele\u00e7\u00e3o de Bolsistas MHNJB e o nome do candidato\u201d.<\/p>\n<p>Consulte as informa\u00e7\u00f5es completas no <a href=\"https:\/\/www.ufmg.br\/mhnjb\/wp-content\/uploads\/2024\/07\/EDITAL-DE-SELECAO-DE-BOLSISTAS-MHNJB-No-02-2024.pdf\" target=\"_blank\" rel=\"noopener\">edital de sele\u00e7\u00e3o<\/a> e <a href=\"https:\/\/www.ufmg.br\/proex\/wp-content\/uploads\/2024\/07\/RETIFICACAO-AO-EDITAL-DE-SELECAO-DE-BOLSISTAS-MHNJB-No-022024.pdf\" target=\"_blank\" rel=\"noopener\">retifica\u00e7\u00e3o<\/a>.<\/p>\n<p><strong>Setor Educativo<\/strong><\/p>\n<p>O Setor Educativo compreende diferentes a\u00e7\u00f5es de extens\u00e3o: a\u00e7\u00f5es educativas, eventos, projetos, forma\u00e7\u00f5es e oficinas, que t\u00eam como objetivo difundir, popularizar e divulgar os<br \/>\nconhecimentos cient\u00edficos produzidos principalmente no \u00e2mbito do MHNJB, bem como cumprir com a miss\u00e3o institucional de forma\u00e7\u00e3o de pessoal e atendimento ao p\u00fablico.<\/p>\n<p>O Museu de Hist\u00f3ria Natural e Jardim Bot\u00e2nico fica na Rua Gustavo da Silveira, n\u00ba 1035, bairro\u00a0 Santa In\u00eas, Belo Horizonte\/MG.<\/p>\n<p>&nbsp;<\/p>\n","protected":false},"excerpt":{"rendered":"<p>As inscri\u00e7\u00f5es para sele\u00e7\u00e3o de bolsistas para atuar no setor [&hellip;]<\/p>\n","protected":false},"author":2,"featured_media":0,"parent":0,"menu_order":0,"comment_status":"closed","ping_status":"closed","template":"","meta":[],"tags":[53,701,185,109],"_links":{"self":[{"href":"https:\/\/www.ufmg.br\/proex\/wp-json\/wp\/v2\/pages\/4251"}],"collection":[{"href":"https:\/\/www.ufmg.br\/proex\/wp-json\/wp\/v2\/pages"}],"about":[{"href":"https:\/\/www.ufmg.br\/proex\/wp-json\/wp\/v2\/types\/page"}],"author":[{"embeddable":true,"href":"https:\/\/www.ufmg.br\/proex\/wp-json\/wp\/v2\/users\/2"}],"replies":[{"embeddable":true,"href":"https:\/\/www.ufmg.br\/proex\/wp-json\/wp\/v2\/comments?post=4251"}],"version-history":[{"count":18,"href":"https:\/\/www.ufmg.br\/proex\/wp-json\/wp\/v2\/pages\/4251\/revisions"}],"predecessor-version":[{"id":13262,"href":"https:\/\/www.ufmg.br\/proex\/wp-json\/wp\/v2\/pages\/4251\/revisions\/13262"}],"wp:attachment":[{"href":"https:\/\/www.ufmg.br\/proex\/wp-json\/wp\/v2\/media?parent=4251"}],"wp:term":[{"taxonomy":"post_tag","embeddable":true,"href":"https:\/\/www.ufmg.br\/proex\/wp-json\/wp\/v2\/tags?post=4251"}],"curies":[{"name":"wp","href":"https:\/\/api.w.org\/{rel}","templated":true}]}}