{"id":4274,"date":"2023-01-24T09:53:55","date_gmt":"2023-01-24T12:53:55","guid":{"rendered":"https:\/\/www.ufmg.br\/proex\/?page_id=4274"},"modified":"2023-01-24T13:35:28","modified_gmt":"2023-01-24T16:35:28","slug":"carro-biblioteca","status":"publish","type":"page","link":"https:\/\/www.ufmg.br\/proex\/carro-biblioteca\/","title":{"rendered":"Carro Biblioteca"},"content":{"rendered":"<div>\n<p>O programa Carro Biblioteca (ECI\/UFMG) recebe, <strong>at\u00e9 10 de fevereiro de 2023,<\/strong> inscri\u00e7\u00f5es de estudantes interessados (as) em participar de processo seletivo de cinco bolsas PBEXT e uma bolsa PBEXT A\u00e7\u00e3o Afirmativa.<\/p>\n<p>Podem se candidatar alunos (as) de gradua\u00e7\u00e3o da UFMG dos cursos de Biblioteconomia, Museologia, Letras, Pedagogia, Artes, Comunica\u00e7\u00e3o Social e Ci\u00eancias Sociais.<\/p>\n<p>Al\u00e9m de prestar atendimento \u00e0s comunidades visitadas pelo Carro Biblioteca, os bolsistas selecionados ir\u00e3o atuar nas a\u00e7\u00f5es vinculadas ao programa.<\/p>\n<p>As inscri\u00e7\u00f5es s\u00e3o feitas exclusivamente atrav\u00e9s do envio da documenta\u00e7\u00e3o exigida para o e-mail: <a href=\"mailto:editalcarrobiblioteca2023@gmail.com\" target=\"_blank\" rel=\"noopener\">editalcarrobiblioteca2023@gmail.com<\/a> destacando-se no assunto <em>Inscri\u00e7\u00e3o Bolsa PBEXT Carro Biblioteca.<\/em><\/p>\n<p><strong>Documenta\u00e7\u00e3o<\/strong><br \/>\n&#8211; Hist\u00f3rico escolar;<br \/>\n&#8211; Comprovante de matr\u00edcula no 1\u00ba semestre de 2023;<br \/>\n&#8211; Curriculum Lattes (obrigat\u00f3rio)<br \/>\n&#8211; V\u00eddeo do candidato relatando o porqu\u00ea do interesse pelo Programa Carro Biblioteca. O v\u00eddeo n\u00e3o dever\u00e1 exceder cinco minutos e o candidato deve demonstrar conhecimento sobre o Programa Carro Biblioteca, destacando suas a\u00e7\u00f5es vinculadas ativas (informa\u00e7\u00f5es dispon\u00edveis no <a href=\"https:\/\/sistemas.ufmg.br\/siex\" target=\"_blank\" rel=\"noopener\">SIEX<\/a>).<br \/>\n&#8211; Dados pessoais: nome completo, telefone e e-mail<\/p>\n<\/div>\n<div>As demais informa\u00e7\u00f5es da oportunidade devem ser consultadas no <a href=\"https:\/\/cenex.eci.ufmg.br\/wp-content\/uploads\/2023\/01\/edital-carro-bib-2023.pdf\" target=\"_blank\" rel=\"noopener\">Edital 01\/2023 Cenex\/ECI\/UFMG.<\/a><\/div>\n<p>&nbsp;<\/p>\n<p>&nbsp;<\/p>\n<p>&nbsp;<\/p>\n<p>&nbsp;<\/p>\n<p>&nbsp;<\/p>\n","protected":false},"excerpt":{"rendered":"<p>O programa Carro Biblioteca (ECI\/UFMG) recebe, at\u00e9 10 de fevereiro [&hellip;]<\/p>\n","protected":false},"author":2,"featured_media":0,"parent":0,"menu_order":0,"comment_status":"closed","ping_status":"closed","template":"","meta":[],"tags":[733,23],"_links":{"self":[{"href":"https:\/\/www.ufmg.br\/proex\/wp-json\/wp\/v2\/pages\/4274"}],"collection":[{"href":"https:\/\/www.ufmg.br\/proex\/wp-json\/wp\/v2\/pages"}],"about":[{"href":"https:\/\/www.ufmg.br\/proex\/wp-json\/wp\/v2\/types\/page"}],"author":[{"embeddable":true,"href":"https:\/\/www.ufmg.br\/proex\/wp-json\/wp\/v2\/users\/2"}],"replies":[{"embeddable":true,"href":"https:\/\/www.ufmg.br\/proex\/wp-json\/wp\/v2\/comments?post=4274"}],"version-history":[{"count":11,"href":"https:\/\/www.ufmg.br\/proex\/wp-json\/wp\/v2\/pages\/4274\/revisions"}],"predecessor-version":[{"id":7035,"href":"https:\/\/www.ufmg.br\/proex\/wp-json\/wp\/v2\/pages\/4274\/revisions\/7035"}],"wp:attachment":[{"href":"https:\/\/www.ufmg.br\/proex\/wp-json\/wp\/v2\/media?parent=4274"}],"wp:term":[{"taxonomy":"post_tag","embeddable":true,"href":"https:\/\/www.ufmg.br\/proex\/wp-json\/wp\/v2\/tags?post=4274"}],"curies":[{"name":"wp","href":"https:\/\/api.w.org\/{rel}","templated":true}]}}