{"id":4279,"date":"2022-02-10T10:16:11","date_gmt":"2022-02-10T13:16:11","guid":{"rendered":"https:\/\/www.ufmg.br\/proex\/?page_id=4279"},"modified":"2022-02-10T10:52:19","modified_gmt":"2022-02-10T13:52:19","slug":"cevex-lanca-edital-de-selecao-para-bolsista","status":"publish","type":"page","link":"https:\/\/www.ufmg.br\/proex\/cevex-lanca-edital-de-selecao-para-bolsista\/","title":{"rendered":"Cevex lan\u00e7a edital de sele\u00e7\u00e3o para bolsista"},"content":{"rendered":"<p>O <a href=\"https:\/\/sistemas.ufmg.br\/siex\/AuditarProjeto.do?id=77728\" target=\"_blank\" rel=\"noopener\">Centro de Mem\u00f3ria Virtual da Extens\u00e3o (Cevex),<\/a>\u00a0est\u00e1 com inscri\u00e7\u00f5es abertas de 1 (uma) vaga para bolsista de extens\u00e3o (modalidade PBEXT). Os interessados devem realizar a inscri\u00e7\u00e3o at\u00e9 o dia 18 de fevereiro de 2022.<\/p>\n<p>A vaga \u00e9 destinada a estudantes da UFMG, a partir do 2\u00ba per\u00edodo, matriculados nos cursos de gradua\u00e7\u00e3o em Museologia, Arquivologia e Hist\u00f3ria, que possuam disponibilidade de 20 horas semanais para dedica\u00e7\u00e3o as atividades do projeto.<\/p>\n<p>As inscri\u00e7\u00f5es dever\u00e3o ser enviadas para o e-mail do Centro de Extens\u00e3o da Escola de Ci\u00eancia da Informa\u00e7\u00e3o da UFMG: <a href=\"mailto:cenex@eci.ufmg.br\">cenex@eci.ufmg.br<\/a>, com a seguinte documenta\u00e7\u00e3o:<\/p>\n<p><strong>a)<\/strong> Hist\u00f3rico escolar (pode ser o que o aluno possui acesso no SIGA);<\/p>\n<p><strong>b)<\/strong> Comprovante de matr\u00edcula no 2\u00ba semestre de 2021;<\/p>\n<p><strong>c)<\/strong> Link do Curr\u00edculo Lattes (obrigat\u00f3rio cadastro na plataforma e envio apenas do link);<\/p>\n<p><strong>d)<\/strong> Pequena reda\u00e7\u00e3o relatando o porqu\u00ea do interesse pelo projeto de extens\u00e3o;<\/p>\n<p><strong>e)<\/strong> Dados pessoais para contato: nome completo, telefone e e-mail.<\/p>\n<p>O processo seletivo constar\u00e1 da an\u00e1lise de hist\u00f3rico escolar, Curriculum Lattes, reda\u00e7\u00e3o e da entrevista, que ser\u00e1 realizada no dia 23 de fevereiro, em hor\u00e1rios agendados pelo coordenador do projeto via plataforma Teams.<\/p>\n<p>Confira o\u00a0<a href=\"https:\/\/www.ufmg.br\/proex\/wp-content\/uploads\/2022\/02\/EDITAL-No-004-2022-Cevex-Paulo.pdf\" target=\"_blank\" rel=\"noopener\">edital<\/a> do processo seletivo e saiba mais.<\/p>\n<p>&nbsp;<\/p>\n<p>&nbsp;<\/p>\n<p>&nbsp;<\/p>\n<p>&nbsp;<\/p>\n","protected":false},"excerpt":{"rendered":"<p>O Centro de Mem\u00f3ria Virtual da Extens\u00e3o (Cevex),\u00a0est\u00e1 com inscri\u00e7\u00f5es [&hellip;]<\/p>\n","protected":false},"author":2,"featured_media":0,"parent":0,"menu_order":0,"comment_status":"closed","ping_status":"closed","template":"","meta":[],"tags":[53,51,185,109,299],"_links":{"self":[{"href":"https:\/\/www.ufmg.br\/proex\/wp-json\/wp\/v2\/pages\/4279"}],"collection":[{"href":"https:\/\/www.ufmg.br\/proex\/wp-json\/wp\/v2\/pages"}],"about":[{"href":"https:\/\/www.ufmg.br\/proex\/wp-json\/wp\/v2\/types\/page"}],"author":[{"embeddable":true,"href":"https:\/\/www.ufmg.br\/proex\/wp-json\/wp\/v2\/users\/2"}],"replies":[{"embeddable":true,"href":"https:\/\/www.ufmg.br\/proex\/wp-json\/wp\/v2\/comments?post=4279"}],"version-history":[{"count":4,"href":"https:\/\/www.ufmg.br\/proex\/wp-json\/wp\/v2\/pages\/4279\/revisions"}],"predecessor-version":[{"id":4291,"href":"https:\/\/www.ufmg.br\/proex\/wp-json\/wp\/v2\/pages\/4279\/revisions\/4291"}],"wp:attachment":[{"href":"https:\/\/www.ufmg.br\/proex\/wp-json\/wp\/v2\/media?parent=4279"}],"wp:term":[{"taxonomy":"post_tag","embeddable":true,"href":"https:\/\/www.ufmg.br\/proex\/wp-json\/wp\/v2\/tags?post=4279"}],"curies":[{"name":"wp","href":"https:\/\/api.w.org\/{rel}","templated":true}]}}