{"id":4292,"date":"2022-02-10T11:32:59","date_gmt":"2022-02-10T14:32:59","guid":{"rendered":"https:\/\/www.ufmg.br\/proex\/?page_id=4292"},"modified":"2022-02-10T11:33:22","modified_gmt":"2022-02-10T14:33:22","slug":"projeto-de-extensao-da-eci-oferece-vaga-para-bolsista","status":"publish","type":"page","link":"https:\/\/www.ufmg.br\/proex\/projeto-de-extensao-da-eci-oferece-vaga-para-bolsista\/","title":{"rendered":"Projeto de extens\u00e3o da ECI oferece vaga para bolsista"},"content":{"rendered":"<p>Est\u00e3o abertas, at\u00e9 o dia 17 de fevereiro, as inscri\u00e7\u00f5es para bolsa de extens\u00e3o, modalidade PBEXT A\u00e7\u00f5es Afirmativas, do\u00a0projeto \u201c<a href=\"https:\/\/sistemas.ufmg.br\/siex\/AuditarProjeto.do?id=78793\" target=\"_blank\" rel=\"noopener\">Biblioteca escolar: formando os agentes<\/a>\u201dA iniciativa \u00e9 vinculada a Escola de Ci\u00eancia da Informa\u00e7\u00e3o (ECI\/UFMG).<\/p>\n<p>Podem participar estudantes regularmente matriculados no curso de gradua\u00e7\u00e3o em Biblioteconomia da UFMG, classificados socioeconomicamente nos n\u00edveis I, II e III pela Funda\u00e7\u00e3o Universit\u00e1ria Mendes Pimentel e\/ou discentes que ingressaram na UFMG pelo sistema de cotas.<\/p>\n<p>o candidato dever\u00e1 enviar para o e-mail: <a href=\"mailto:cenex@eci.ufmg.br\">cenex@eci.ufmg.br<\/a>, \u00a0os seguintes documentos digitalizados:<\/p>\n<p><strong>a)<\/strong> Hist\u00f3rico escolar (dispon\u00edvel no SIGA);<\/p>\n<p><strong>b)<\/strong> Comprovante de matr\u00edcula no 2\u00ba semestre de 2021;<\/p>\n<p><strong>c)<\/strong> Link do Curriculum Lattes (obrigat\u00f3rio cadastro na plataforma e envio apenas do link);<\/p>\n<p><strong>d)<\/strong> Comprovante de enquadramento nos requisitos de Bolsa PBEXT a\u00e7\u00e3o afirmativa;<\/p>\n<p><strong>e)<\/strong> Pequena reda\u00e7\u00e3o relatando o porqu\u00ea do interesse pelo projeto de extens\u00e3o;<\/p>\n<p><strong>f)<\/strong> Dados pessoais para contato: nome completo, telefone e e-mail.<\/p>\n<p>O candidato selecionado dever\u00e1 possuir disponibilidade de 20h semanais para dedica\u00e7\u00e3o as atividades do projeto. A vig\u00eancia da bolsa \u00e9 de mar\u00e7o de 2022 a fevereiro de 2023.<\/p>\n<p>Veja todos os detalhes do processo seletivo no\u00a0<a href=\"https:\/\/www.ufmg.br\/proex\/wp-content\/uploads\/2022\/02\/Edita-02-2022-lBibliotecaEscolar.pdf\" target=\"_blank\" rel=\"noopener\">edital<\/a>.<\/p>\n<p>&nbsp;<\/p>\n<p>&nbsp;<\/p>\n<p>&nbsp;<\/p>\n<p>&nbsp;<\/p>\n","protected":false},"excerpt":{"rendered":"<p>Est\u00e3o abertas, at\u00e9 o dia 17 de fevereiro, as inscri\u00e7\u00f5es [&hellip;]<\/p>\n","protected":false},"author":2,"featured_media":0,"parent":0,"menu_order":0,"comment_status":"closed","ping_status":"closed","template":"","meta":[],"tags":[53,51,129,185,23,25,109],"_links":{"self":[{"href":"https:\/\/www.ufmg.br\/proex\/wp-json\/wp\/v2\/pages\/4292"}],"collection":[{"href":"https:\/\/www.ufmg.br\/proex\/wp-json\/wp\/v2\/pages"}],"about":[{"href":"https:\/\/www.ufmg.br\/proex\/wp-json\/wp\/v2\/types\/page"}],"author":[{"embeddable":true,"href":"https:\/\/www.ufmg.br\/proex\/wp-json\/wp\/v2\/users\/2"}],"replies":[{"embeddable":true,"href":"https:\/\/www.ufmg.br\/proex\/wp-json\/wp\/v2\/comments?post=4292"}],"version-history":[{"count":1,"href":"https:\/\/www.ufmg.br\/proex\/wp-json\/wp\/v2\/pages\/4292\/revisions"}],"predecessor-version":[{"id":4294,"href":"https:\/\/www.ufmg.br\/proex\/wp-json\/wp\/v2\/pages\/4292\/revisions\/4294"}],"wp:attachment":[{"href":"https:\/\/www.ufmg.br\/proex\/wp-json\/wp\/v2\/media?parent=4292"}],"wp:term":[{"taxonomy":"post_tag","embeddable":true,"href":"https:\/\/www.ufmg.br\/proex\/wp-json\/wp\/v2\/tags?post=4292"}],"curies":[{"name":"wp","href":"https:\/\/api.w.org\/{rel}","templated":true}]}}