{"id":4325,"date":"2022-02-10T22:37:18","date_gmt":"2022-02-11T01:37:18","guid":{"rendered":"https:\/\/www.ufmg.br\/proex\/?page_id=4325"},"modified":"2022-02-10T22:37:18","modified_gmt":"2022-02-11T01:37:18","slug":"projeto-sarandeiros-seleciona-bolsistas-de-extensao","status":"publish","type":"page","link":"https:\/\/www.ufmg.br\/proex\/projeto-sarandeiros-seleciona-bolsistas-de-extensao\/","title":{"rendered":"Projeto Sarandeiros seleciona bolsistas de extens\u00e3o"},"content":{"rendered":"<p>O Projeto \u2018<a href=\"https:\/\/sistemas.ufmg.br\/siex\/AuditarProjeto.do?id=77034\" target=\"_blank\" rel=\"noopener\">Escola de Dan\u00e7a e Ritmo Sarandeiros<\/a>\u2019, da Escola de Educa\u00e7\u00e3o F\u00edsica, Fisioterapia e Terapia Ocupacional (EEFFTO\/UFMG) est\u00e1 com processo de sele\u00e7\u00e3o aberto para bolsistas de extens\u00e3o. Os interessados devem realizar a inscri\u00e7\u00e3o at\u00e9 o dia 20 de fevereiro.<\/p>\n<p>S\u00e3o 10 (dez) vagas dispon\u00edveis. Podem participar, alunos regularmente matriculados em qualquer curso de gradua\u00e7\u00e3o da UFMG, sendo que 40% das vagas (4 bolsas de ampla concorr\u00eancia), est\u00e3o reservadas para alunos da EEFFTO e a bolsa PBEXT\/A\u00e7\u00e3o Afirmativa est\u00e1 destinada, exclusivamente, a alunos de gradua\u00e7\u00e3o na UFMG classificados socioeconomicamente nos n\u00edveis I, II ou III, e\/ou alunos que ingressaram na UFMG pelo sistema de cotas.<\/p>\n<p>Para realizar a inscri\u00e7\u00e3o, \u00e9 necess\u00e1rio enviar o Curr\u00edculo lattes e\/ou Vitae para atrav\u00e9s do e-mail: <a href=\"mailto:sarandeiros@gmail.com\">sarandeiros@gmail.com<\/a>. O processo seletivo ser\u00e1 realizado em formato remoto no dia 24 de fevereiro, \u00e0s 17h, na plataforma RNP, compreendendo as seguintes fases e crit\u00e9rios de avalia\u00e7\u00e3o:<\/p>\n<p><strong>A)<\/strong> An\u00e1lise do Curr\u00edculo lattes e\/ou Vitae (40 pontos a serem enviados no ato da inscri\u00e7\u00e3o);<\/p>\n<p><strong>B)<\/strong> Entrevista (40 pontos);<\/p>\n<p><strong>C)<\/strong> J\u00e1 ter participado do projeto ou do Grupo Sarandeiros em escolas ou na UFMG (20\u00a0pontos);<\/p>\n<p>A lista de selecionados ser\u00e1 enviada a todos os candidatos pelo e-mail fornecido no ato da inscri\u00e7\u00e3o e divulgada no\u00a0site\u00a0da <a href=\"http:\/\/www.eeffto.ufmg.br\/eeffto\/\" target=\"_blank\" rel=\"noopener\">EEFFTO<\/a>.\u00a0Ser\u00e3o considerados aprovados os candidatos que obtiverem m\u00e9dia m\u00ednima de 70%.<\/p>\n<p>Mais informa\u00e7\u00f5es sobre o processo seletivo est\u00e3o dispon\u00edveis no <a href=\"https:\/\/www.ufmg.br\/proex\/wp-content\/uploads\/2022\/02\/Edital-final-ASSINADO-Selecao-bolsistas-Sarandeiros-2022-11.pdf\" target=\"_blank\" rel=\"noopener\">edital<\/a>.<\/p>\n<p>&nbsp;<\/p>\n<p>&nbsp;<\/p>\n<p>&nbsp;<\/p>\n","protected":false},"excerpt":{"rendered":"<p>O Projeto \u2018Escola de Dan\u00e7a e Ritmo Sarandeiros\u2019, da Escola [&hellip;]<\/p>\n","protected":false},"author":2,"featured_media":0,"parent":0,"menu_order":0,"comment_status":"closed","ping_status":"closed","template":"","meta":[],"tags":[53,51,185,501,197,243],"_links":{"self":[{"href":"https:\/\/www.ufmg.br\/proex\/wp-json\/wp\/v2\/pages\/4325"}],"collection":[{"href":"https:\/\/www.ufmg.br\/proex\/wp-json\/wp\/v2\/pages"}],"about":[{"href":"https:\/\/www.ufmg.br\/proex\/wp-json\/wp\/v2\/types\/page"}],"author":[{"embeddable":true,"href":"https:\/\/www.ufmg.br\/proex\/wp-json\/wp\/v2\/users\/2"}],"replies":[{"embeddable":true,"href":"https:\/\/www.ufmg.br\/proex\/wp-json\/wp\/v2\/comments?post=4325"}],"version-history":[{"count":1,"href":"https:\/\/www.ufmg.br\/proex\/wp-json\/wp\/v2\/pages\/4325\/revisions"}],"predecessor-version":[{"id":4327,"href":"https:\/\/www.ufmg.br\/proex\/wp-json\/wp\/v2\/pages\/4325\/revisions\/4327"}],"wp:attachment":[{"href":"https:\/\/www.ufmg.br\/proex\/wp-json\/wp\/v2\/media?parent=4325"}],"wp:term":[{"taxonomy":"post_tag","embeddable":true,"href":"https:\/\/www.ufmg.br\/proex\/wp-json\/wp\/v2\/tags?post=4325"}],"curies":[{"name":"wp","href":"https:\/\/api.w.org\/{rel}","templated":true}]}}