{"id":4364,"date":"2022-02-16T13:23:17","date_gmt":"2022-02-16T16:23:17","guid":{"rendered":"https:\/\/www.ufmg.br\/proex\/?page_id=4364"},"modified":"2022-02-16T13:25:40","modified_gmt":"2022-02-16T16:25:40","slug":"gemti-acoes-educativas-para-a-promocao-da-saude","status":"publish","type":"page","link":"https:\/\/www.ufmg.br\/proex\/gemti-acoes-educativas-para-a-promocao-da-saude\/","title":{"rendered":"Gemti: a\u00e7\u00f5es educativas para a promo\u00e7\u00e3o da sa\u00fade"},"content":{"rendered":"<p>At\u00e9 20 de fevereiro de 2022, est\u00e3o abertas as inscri\u00e7\u00f5es para sele\u00e7\u00e3o de um (1) bolsista de A\u00e7\u00f5es Afirmativas para atuar junto ao projeto <em>Gemti: a\u00e7\u00f5es educativas para a promo\u00e7\u00e3o da sa\u00fade<\/em>\u201d, de coordena\u00e7\u00e3o da professora T\u00e2nia Mara Segatelli.<\/p>\n<p><strong>Requisitos para candidatura<\/strong><\/p>\n<p>&#8211; Estar regularmente matriculado nos Cursos de Gradua\u00e7\u00e3o em Ci\u00eancias Biol\u00f3gicas ou da \u00e1rea da sa\u00fade da UFMG.<br \/>\n&#8211; Disponibilidade para cumprir 20 (vinte) horas semanais de dedica\u00e7\u00e3o na a\u00e7\u00e3o de extens\u00e3o.<br \/>\n&#8211; Apresentar experi\u00eancia no uso de tecnologias digitais e recursos das redes sociais, sendo desej\u00e1vel ter no\u00e7\u00f5es b\u00e1sicas de edi\u00e7\u00e3o de \u00e1udio, imagens e anima\u00e7\u00e3o gr\u00e1fica;<br \/>\n&#8211; O candidato selecionado dever\u00e1 apresentar n\u00famero de conta corrente banc\u00e1ria do Banco do Brasil, da qual seja o \u00fanico titular no momento da contrata\u00e7\u00e3o.<\/p>\n<p>No ato da inscri\u00e7\u00e3o, o candidato (a) dever\u00e1 enviar, via e-mails (tmsegatelli@icb.ufmg.br e segatellitm@gmail.com), os documentos listados abaixo (digitalizados e salvos em arquivo pdf):<\/p>\n<p><strong>Documentos para inscri\u00e7\u00e3o<\/strong><\/p>\n<p>a) Carteira de Identidade e CPF;<br \/>\nb) Comprovante de Matr\u00edcula na UFMG;<br \/>\nc) Hist\u00f3rico Escolar, incluindo o Rendimento Semestral Global;<br \/>\nd) Comprovante de classifica\u00e7\u00e3o socioecon\u00f4mica no n\u00edvel I, II ou III pela Funda\u00e7\u00e3o Universit\u00e1ria Mendes Pimentel (FUMP) e\/ou terem ingressado na UFMG pelo sistema de cotas;<br \/>\ne) Carta de inten\u00e7\u00e3o na qual o candidato exp\u00f5e as raz\u00f5es e expectativas em participar como bolsista do Projeto Interagir enquanto a\u00e7\u00e3o de extens\u00e3o. Experi\u00eancias pr\u00e9vias em outras a\u00e7\u00f5es tamb\u00e9m podem ser destacadas, assim como a disponibilidade de hor\u00e1rios na semana;<br \/>\nf) Comprovante de uso de tecnologias digitais e recursos das redes sociais, assim como das no\u00e7\u00f5es b\u00e1sicas de edi\u00e7\u00e3o de \u00e1udio, imagens e anima\u00e7\u00e3o gr\u00e1fica, quando houver. Pode ser apresentado no formato de declara\u00e7\u00e3o ou autodeclara\u00e7\u00e3o.<\/p>\n<p>As demais informa\u00e7\u00f5es est\u00e3o dispon\u00edveis no <a href=\"https:\/\/www.ufmg.br\/proex\/wp-content\/uploads\/2022\/02\/Edital-Selecao-Bolsista-2022-GEMTI_assinado.pdf\">edital.<\/a><\/p>\n<p><a href=\"https:\/\/www.ufmg.br\/proex\/wp-content\/uploads\/2022\/02\/Errata-Edital-Selecao-Bolsista-2022_assinado.pdf\" target=\"_blank\" rel=\"noopener\">Errata<\/a><\/p>\n<p>&nbsp;<\/p>\n<p>&nbsp;<\/p>\n","protected":false},"excerpt":{"rendered":"<p>At\u00e9 20 de fevereiro de 2022, est\u00e3o abertas as inscri\u00e7\u00f5es [&hellip;]<\/p>\n","protected":false},"author":2,"featured_media":0,"parent":0,"menu_order":0,"comment_status":"closed","ping_status":"closed","template":"","meta":[],"tags":[],"_links":{"self":[{"href":"https:\/\/www.ufmg.br\/proex\/wp-json\/wp\/v2\/pages\/4364"}],"collection":[{"href":"https:\/\/www.ufmg.br\/proex\/wp-json\/wp\/v2\/pages"}],"about":[{"href":"https:\/\/www.ufmg.br\/proex\/wp-json\/wp\/v2\/types\/page"}],"author":[{"embeddable":true,"href":"https:\/\/www.ufmg.br\/proex\/wp-json\/wp\/v2\/users\/2"}],"replies":[{"embeddable":true,"href":"https:\/\/www.ufmg.br\/proex\/wp-json\/wp\/v2\/comments?post=4364"}],"version-history":[{"count":4,"href":"https:\/\/www.ufmg.br\/proex\/wp-json\/wp\/v2\/pages\/4364\/revisions"}],"predecessor-version":[{"id":4370,"href":"https:\/\/www.ufmg.br\/proex\/wp-json\/wp\/v2\/pages\/4364\/revisions\/4370"}],"wp:attachment":[{"href":"https:\/\/www.ufmg.br\/proex\/wp-json\/wp\/v2\/media?parent=4364"}],"wp:term":[{"taxonomy":"post_tag","embeddable":true,"href":"https:\/\/www.ufmg.br\/proex\/wp-json\/wp\/v2\/tags?post=4364"}],"curies":[{"name":"wp","href":"https:\/\/api.w.org\/{rel}","templated":true}]}}