{"id":4373,"date":"2023-02-21T14:10:49","date_gmt":"2023-02-21T16:10:49","guid":{"rendered":"https:\/\/www.ufmg.br\/proex\/?page_id=4373"},"modified":"2026-03-13T20:54:19","modified_gmt":"2026-03-13T23:54:19","slug":"projetoacolherprac","status":"publish","type":"page","link":"https:\/\/www.ufmg.br\/proex\/projetoacolherprac\/","title":{"rendered":"Projeto Acolher PRAC"},"content":{"rendered":"<p>Est\u00e3o abertas\u00a0as inscri\u00e7\u00f5es de candidatos (as) \u00e0 bolsista (modalidade PBEXT) no projeto <em>Acolhedores \u2013 PRAC,<\/em> do Programa de Humaniza\u00e7\u00e3o do Hospital das Cl\u00ednicas da UFMG\/Ebserh.<\/p>\n<p>Podem participar e se inscrever no processo seletivo estudantes da UFMG destes cursos de gradua\u00e7\u00e3o: <strong>Fisioterapia, Educa\u00e7\u00e3o F\u00edsica, Comunica\u00e7\u00e3o, Terapia Ocupacional e Pedagogia, cursando a partir do 4\u00ba per\u00edodo.<\/strong><\/p>\n<p>Prazo de inscri\u00e7\u00f5es: <strong>16 a 27 de mar\u00e7o de 2026<\/strong><\/p>\n<p><strong>Vig\u00eancia da bolsa<\/strong>: abril de 2026 a fevereiro de 2027<br \/>\n<strong>Valor<\/strong>: R$750,00\/mensal<\/p>\n<p><strong>Como se inscrever<br \/>\n<\/strong>Os(as) interessados(as) devem enviar para o e-mail <a href=\"mailto:uca.hc-ufmg@ebserh.gov.br\" target=\"_blank\" rel=\"noopener\">uca.hc-ufmg@ebserh.gov.br<\/a> os seguintes documentos:<br \/>\n-Curriculum Vitae (registrado na Plataforma Lattes);<br \/>\n-C\u00f3pia da Carteira de Identidade;<br \/>\n-Hist\u00f3rico Escolar (contendo Rendimento Semestral Global \u2013 RSG);<br \/>\n-Declara\u00e7\u00e3o do n\u00edvel de assist\u00eancia da FUMP(Assist\u00eancia Estudantil da UFMG).<\/p>\n<p>No momento da inscri\u00e7\u00e3o devem ser apresentados os meios de contato (telefone e e-mail) do(a) candidato(a).<\/p>\n<p>As atividades ser\u00e3o desenvolvidas presencialmente, e o bolsista vai cumprir uma jornada de 20 horas semanais.<\/p>\n<p>As informa\u00e7\u00f5es completas est\u00e3o no <a href=\"https:\/\/www.ufmg.br\/proex\/wp-content\/uploads\/2026\/03\/EDITAL_BOLSISTA_PRAC.pdf\" target=\"_blank\" rel=\"noopener\">edital de sele\u00e7\u00e3o.<\/a><\/p>\n<p>&nbsp;<\/p>\n","protected":false},"excerpt":{"rendered":"<p>Est\u00e3o abertas\u00a0as inscri\u00e7\u00f5es de candidatos (as) \u00e0 bolsista (modalidade PBEXT) [&hellip;]<\/p>\n","protected":false},"author":2,"featured_media":0,"parent":0,"menu_order":0,"comment_status":"closed","ping_status":"closed","template":"","meta":[],"tags":[23,29],"_links":{"self":[{"href":"https:\/\/www.ufmg.br\/proex\/wp-json\/wp\/v2\/pages\/4373"}],"collection":[{"href":"https:\/\/www.ufmg.br\/proex\/wp-json\/wp\/v2\/pages"}],"about":[{"href":"https:\/\/www.ufmg.br\/proex\/wp-json\/wp\/v2\/types\/page"}],"author":[{"embeddable":true,"href":"https:\/\/www.ufmg.br\/proex\/wp-json\/wp\/v2\/users\/2"}],"replies":[{"embeddable":true,"href":"https:\/\/www.ufmg.br\/proex\/wp-json\/wp\/v2\/comments?post=4373"}],"version-history":[{"count":27,"href":"https:\/\/www.ufmg.br\/proex\/wp-json\/wp\/v2\/pages\/4373\/revisions"}],"predecessor-version":[{"id":17321,"href":"https:\/\/www.ufmg.br\/proex\/wp-json\/wp\/v2\/pages\/4373\/revisions\/17321"}],"wp:attachment":[{"href":"https:\/\/www.ufmg.br\/proex\/wp-json\/wp\/v2\/media?parent=4373"}],"wp:term":[{"taxonomy":"post_tag","embeddable":true,"href":"https:\/\/www.ufmg.br\/proex\/wp-json\/wp\/v2\/tags?post=4373"}],"curies":[{"name":"wp","href":"https:\/\/api.w.org\/{rel}","templated":true}]}}