{"id":438,"date":"2021-07-30T01:46:19","date_gmt":"2021-07-30T04:46:19","guid":{"rendered":"https:\/\/www.ufmg.br\/proex\/?page_id=438"},"modified":"2026-02-10T12:46:41","modified_gmt":"2026-02-10T15:46:41","slug":"centros-de-extensao","status":"publish","type":"page","link":"https:\/\/www.ufmg.br\/proex\/centros-de-extensao\/","title":{"rendered":"Centros de Extens\u00e3o"},"content":{"rendered":"<p>Cada uma das Unidades Acad\u00eamicas ou Unidades Especiais da UFMG tem seu <a href=\"https:\/\/www.ufmg.br\/proex\/centros-de-extensao\/\" target=\"_blank\" rel=\"noopener\">Centro de Extens\u00e3o, os Cenex<\/a>.<\/p>\n<p>Eles s\u00e3o respons\u00e1veis pela gest\u00e3o acad\u00eamica e administrativa da extens\u00e3o nas unidades em articula\u00e7\u00e3o com Pr\u00f3-reitoria de Extens\u00e3o e em conformidade com as normas e procedimentos disciplinados pelos \u00f3rg\u00e3os competentes.<\/p>\n<div>\n<p>Em outubro de 2020, os Cenex se tornaram \u00f3rg\u00e3os colegiados de gest\u00e3o acad\u00eamica e administrativa ap\u00f3s a publica\u00e7\u00e3o da <a href=\"https:\/\/www.ufmg.br\/proex\/wp-content\/uploads\/2021\/12\/Resolucao-Complementar-05.2020-Conselho-Universitario-de-22-de-outubro-de-2020.pdf\" target=\"_blank\" rel=\"noopener\">Resolu\u00e7\u00e3o Complementar n\u00ba 05\/2020<\/a>\u00a0e da <a href=\"https:\/\/www.ufmg.br\/proex\/wp-content\/uploads\/2021\/12\/Resolucao-Complementar-06.2020-Conselho-Universitario-de-22-de-outubro-de-2020.pdf\" target=\"_blank\" rel=\"noopener\">Resolu\u00e7\u00e3o Complementar n\u00ba 06\/2020.<\/a><\/p>\n<p>Atualmente, a UFMG conta com 22 Cenex. Eles s\u00e3o vinculados administrativamente \u00e0s suas respectivas unidades.<\/p>\n<\/div>\n<p><b>Algumas compet\u00eancias<\/b><\/p>\n<p>&#8211; Viabilizar e implementar a pol\u00edtica de extens\u00e3o da UFMG na Unidade;<\/p>\n<p>&#8211; Analisar e aprovar as atividades de extens\u00e3o propostas no \u00e2mbito da Unidade, observando os princ\u00edpios e as diretrizes acad\u00eamicas da extens\u00e3o universit\u00e1ria adotados pela UFMG;<\/p>\n<p>&#8211; Validar e acompanhar os registros das atividades de extens\u00e3o no <a href=\"https:\/\/www.ufmg.br\/proex\/siexufmg\/\" target=\"_blank\" rel=\"noopener\">Siex<\/a>;<\/p>\n<p>&#8211; Fomentar a participa\u00e7\u00e3o da comunidade externa no processo de concep\u00e7\u00e3o e desenvolvimento das atividades de extens\u00e3o;<\/p>\n<p>&#8211; Mobilizar os estudantes e a comunidade universit\u00e1ria em geral a participar das atividades de extens\u00e3o desenvolvidas na Unidade.<\/p>\n<h3><b>Contatos &#8211; Cenex<\/b><\/h3>\n<p>&nbsp;<\/p>\n<p><b>Escola de Arquitetura\u00a0<\/b><br \/>\n<b>Coordenador:<\/b> Marcela Silviano Brand\u00e3o Lopes<br \/>\n<b>Secret\u00e1ria:<\/b> Junia Cambraia Mortimer<br \/>\nRua Para\u00edba, 697 &#8211; Centro\/BH<br \/>\n<b>Telefone:<\/b>\u00a0(31) 3409-8828<br \/>\n<strong>E-mail<\/strong>: <a href=\"cenex@arq.ufmg.br\" target=\"_blank\" rel=\"noopener\">c<\/a><a href=\"cenex@arq.ufmg.br\" target=\"_blank\" rel=\"noopener\">enex@arq.ufmg.br<\/a><br \/>\n<a href=\"https:\/\/sites.arq.ufmg.br\/ea\/extensao\/\" target=\"_blank\" rel=\"noopener\">Site<\/a><\/p>\n<p><a href=\"https:\/\/www.ufmg.br\/proex\/cenex-eba\/\" target=\"_blank\" rel=\"noopener\">Escola de Belas Artes<\/a><br \/>\n<b>Coordenador:<\/b> Sandro Ouriques Cardoso<br \/>\n<b>Subcoordenador:<\/b> M\u00e1rcio Andr\u00e9 Diegues<br \/>\n<b>Secret\u00e1ria:<\/b> Anna Isabel de Carvalho<br \/>\nAv. Ant\u00f4nio Carlos, 6627 &#8211; Campus Pampulha<br \/>\n<b>Telefone:<\/b>\u00a0(31) 3409-5256<br \/>\n<strong>E-mail:<\/strong> <a href=\"mailto:cenex@eba.ufmg.br\" target=\"_blank\" rel=\"noopener\">cenex@eba.ufmg.br<\/a><\/p>\n<p><b>Escola de Ci\u00eancia da Informa\u00e7\u00e3o\u00a0<\/b><br \/>\n<b>Coordenadora: <\/b>Terezinha de F\u00e1tima Carvalho de Souza<b><br \/>\n<\/b><strong>Subcoordenadora<\/strong>: Adriana Mortara Almeida<br \/>\n<b>Secret\u00e1rio:<\/b> Alexander Morais<br \/>\nAv. Ant\u00f4nio Carlos, 6627 &#8211; Campus Pampulha<br \/>\n<b>Telefone:<\/b>\u00a0(31)\u00a03409-5202<br \/>\n<strong>E-mail<\/strong>: <a href=\"mailto:coord-pex@eci.ufmg.br\" target=\"_blank\" rel=\"noopener\">coord-pex@eci.ufmg.br<\/a><br \/>\n<a href=\"http:\/\/cenex.eci.ufmg.br\/\" target=\"_blank\" rel=\"noopener\">Site<\/a><\/p>\n<p><b><strong>Escola de Educa\u00e7\u00e3o B\u00e1sica e Profissional<br \/>\nCoordenadora: <\/strong><\/b>Amanda Fonseca Soares Freitas<b><strong><br \/>\nSubcoordenadora: <\/strong><\/b>Cec\u00edlia Vieira do Nascimento<br \/>\n<b>Secret\u00e1ria: <\/b>Raquel Aparecida Dias<br \/>\nAv. Ant\u00f4nio Carlos, 6627 &#8211; Campus Pampulha<br \/>\n<b>Telefone:<\/b> (31) 3409-5175<br \/>\n<strong>E-mail: <\/strong>cp-cenex@ufmg.br<br \/>\n<a href=\"http:\/\/www.cp.ufmg.br\" target=\"_blank\" rel=\"noopener\">Site<\/a><\/p>\n<p><a href=\"https:\/\/www.ufmg.br\/proex\/cenex-eeffto\/\" target=\"_blank\" rel=\"noopener\">Escola de Educa\u00e7\u00e3o F\u00edsica, Fisioterapia e Terapia Ocupacional\u00a0<\/a><br \/>\n<b>Coordenador:<\/b>\u00a0Franco Noce<br \/>\n<b>Subcoordenador:<\/b> M\u00e1rcio M\u00e1rio Vieira<br \/>\n<b>Secret\u00e1rio:<\/b>\u00a0Adair Rodrigues Amaral<br \/>\nAv. Ant\u00f4nio Carlos, 6627 &#8211; Campus Pampulha<br \/>\n<b>Telefone:<\/b>\u00a0(31) 3409-2314<br \/>\n<strong>E-mail:<\/strong> <a href=\"mailto:cenex@eeffto.ufmg.br\" target=\"_blank\" rel=\"noopener\">cenex@eeffto.ufmg.br<\/a><\/p>\n<p><b>Escola de Enfermagem\u00a0<\/b><br \/>\n<b>Coordenadora:<\/b> Marlene Azevedo Magalh\u00e3es Monteiro<br \/>\n<b>Subcoordenadora: <\/b>Doane Martins da Silva<br \/>\n<b>Secret\u00e1rio:<\/b> Ismael Isac Pereira<br \/>\nAv. Alfredo Balena, 190 &#8211; Campus Sa\u00fade<br \/>\n<b>Telefone:<\/b>\u00a0(31) 3409-9831<br \/>\n<strong>E-mail:<\/strong> <a href=\"mailto:cenex@enf.ufmg.br\" target=\"_blank\" rel=\"noopener\">cenex@enf.ufmg.br<\/a><br \/>\n<a href=\"http:\/\/www.enf.ufmg.br\/index.php\/2016-06-28-16-43-53\" target=\"_blank\" rel=\"noopener\">Site<\/a><\/p>\n<p><a href=\"https:\/\/www.ufmg.br\/proex\/cenex-engenharia\/\" target=\"_blank\" rel=\"noopener\">Escola de Engenharia<\/a><br \/>\n<b>Coordenadora: <\/b>Giovanna Monique Alelvan<br \/>\n<b>Subcoordenador: <\/b>Jeferson Wilian Dossa Fernandes<br \/>\n<b>Secret\u00e1rios:\u00a0<\/b>\u00c1urea Domingos e Tiago Arlei Alves<br \/>\nAv. Ant\u00f4nio Carlos, 6627 &#8211; Campus Pampulha<br \/>\n<b>Telefone:<\/b> (31) 3409-1834<br \/>\n<strong>E-mails:<\/strong> <a href=\"mailto:extensao@eng.ufmg.br\" target=\"_blank\" rel=\"noopener\">extensao@eng.ufmg.br<\/a><\/p>\n<p><b>Escola de M\u00fasica<\/b><br \/>\n<b>Coordenador:<\/b> Cl\u00e9ber Jos\u00e9 Bernardes Alves<br \/>\n<b>Subcoordenador:<\/b> Robson Miguel Saquett Chagas<br \/>\n<b>Secret\u00e1ria:<\/b>\u00a0Ana Paula Rinuphi Pereira<br \/>\nAv. Ant\u00f4nio Carlos, 6627 &#8211; Campus Pampulha<br \/>\n<b>Telefone:<\/b>\u00a0(31) 3409-4715<br \/>\n<strong>E-mail:<\/strong> <a href=\"mailto:cenex@musica.ufmg.br\" target=\"_blank\" rel=\"noopener\">cenex@musica.ufmg.br<\/a><br \/>\n<a href=\"https:\/\/musica.ufmg.br\/\" target=\"_blank\" rel=\"noopener\">Site<\/a><\/p>\n<p><b>Escola de Veterin\u00e1ria<\/b><br \/>\n<b>Coordenador:<\/b> Luciano dos Santos Rodrigues<br \/>\n<b>Subcoordenadora:<\/b> Hemilly Cristina Menezes de S\u00e1<br \/>\n<b>Secret\u00e1ria:<\/b>\u00a0Eliana Morais Viana<br \/>\nAv. Ant\u00f4nio Carlos, 6627 &#8211; Campus Pampulha<br \/>\n<b>Telefone:<\/b> (31) 3409-2052<br \/>\n<strong>E-mail:<\/strong> <a href=\"mailto:cenex@vet.ufmg.br\" target=\"_blank\" rel=\"noopener\">cenexev@gmail.com<\/a><br \/>\n<a href=\"http:\/\/www.vet.ufmg.br\/academicos\/cenex\" target=\"_blank\" rel=\"noopener\">Site<\/a><\/p>\n<p><a href=\"https:\/\/www.ufmg.br\/proex\/cenex-face\/\" target=\"_blank\" rel=\"noopener\">Faculdade de Ci\u00eancias Econ\u00f4micas\u00a0<\/a><br \/>\n<b>Coordenador:<\/b> Anderson Tadeu Marques Cavalcante<br \/>\n<strong>Subcoordenadora<\/strong>: Lizia Figueiredo<br \/>\n<b>Secret\u00e1ria<\/b>: Adriana Aparecida Lemos Torres<br \/>\nAv. Ant\u00f4nio Carlos, 6627 &#8211; Campus Pampulha<br \/>\n<b>Telefone:<\/b> (31)\u00a03409-7028 \/(31) 3409-7059<br \/>\n<strong>E-mail:<\/strong> <a href=\"mailto:cenex@face.ufmg.br\" target=\"_blank\" rel=\"noopener\">cenex@face.ufmg.br<\/a><\/p>\n<p><a href=\"https:\/\/www.ufmg.br\/proex\/cenex-direito\/\" target=\"_blank\" rel=\"noopener\">Faculdade de Direito<\/a><br \/>\n<b>Coordenador: <\/b>Pedro Augusto Gravat\u00e1 Nicoli<b><br \/>\n<\/b><b>Secret\u00e1ria:<\/b>\u00a0Cl\u00e1udia Maria Pereira<br \/>\nAv. \u00c1lvares Cabral, 211 &#8211; Centro\/BH<br \/>\n<b>Telefone:<\/b>\u00a0(31) 3409-8608<br \/>\n<strong>E-mail:<\/strong> <a href=\"mailto:miepe@direito.ufmg.br\" target=\"_blank\" rel=\"noopener\">niepe@direito.ufmg.br<\/a><\/p>\n<p><b>Faculdade de Educa\u00e7\u00e3o\u00a0<\/b><br \/>\n<b>Coordenadora: <\/b>Symaira Poliana Nonato<br \/>\n<b>Subcoordenadora:<\/b> \u00c1lida Ang\u00e9lica Alves Leal<br \/>\n<b>Secret\u00e1ria:<\/b> Tatiane Resende Silva<br \/>\nAv. Ant\u00f4nio Carlos, 6627 &#8211; Campus Pampulha<br \/>\n<b>Telefone:<\/b>\u00a0(31) 3409-6367<br \/>\n<strong>E-mail: <\/strong><a href=\"mailto:cenex@fae.ufmg.br\" target=\"_blank\" rel=\"noopener\">cenex@fae.ufmg.br<\/a><br \/>\n<a href=\"http:\/\/www.fae.ufmg.br\" target=\"_blank\" rel=\"noopener\">Site<\/a><\/p>\n<p><b>Faculdade de Farm\u00e1cia<\/b><br \/>\n<b>Coordenadora:<\/b> Inayara Cristina Alves Lacerda<br \/>\n<b>Subcoordenadora:<\/b> Caryne Margotto Bertollo<br \/>\n<b>Secret\u00e1ria:<\/b> \u00darsula Regiane Martins Rodrigues<br \/>\nAv. Ant\u00f4nio Carlos, 6627 &#8211; Campus Pampulha<br \/>\n<b>Telefone:<\/b>\u00a0(31) 3409-6740<br \/>\n<strong>E-mails: <\/strong><a href=\"cenex@farmacia.ufmg.br\">cenex<\/a><a href=\"cenex@farmacia.ufmg.br\" target=\"_blank\" rel=\"noopener\">@farmacia.ufmg.br<\/a>\/<a href=\"mailto:cenex@farmacia.ufmg.br\" target=\"_blank\" rel=\"noopener\">napq@farmacia.ufmg.br<\/a><br \/>\n<a href=\"http:\/\/www.farmacia.ufmg.br\" target=\"_blank\" rel=\"noopener\">Site<\/a><\/p>\n<p><b>Faculdade de Filosofia e Ci\u00eancias Humanas\u00a0<\/b><br \/>\n<b>Coordenadora:<\/b> Viviane Verdu Rico<br \/>\n<b>Subcoordenadora: <\/b>Clarice Cristine Ferreira Menezes<br \/>\n<strong>Secret\u00e1rio: <\/strong>Adirson Teles<br \/>\nAv. Ant\u00f4nio Carlos, 6627 &#8211; Campus Pampulha<br \/>\n<b>Telefone:<\/b>\u00a0(31) 3409-3803<br \/>\n<strong>E-mail:<\/strong> <a href=\"mailto:cenex@fafich.ufmg.br\" target=\"_blank\" rel=\"noopener\">cenex@fafich.ufmg.br<\/a><br \/>\n<a href=\"http:\/\/www.fafich.ufmg.br\" target=\"_blank\" rel=\"noopener\">Site<\/a><\/p>\n<p><a href=\"https:\/\/www.ufmg.br\/proex\/cenex-fale\/\" target=\"_blank\" rel=\"noopener\">Faculdade de Letras\u00a0<\/a><br \/>\n<b>Coordenadora:<\/b> Daniela Akie Hirakawa<br \/>\n<strong>Subcoordenador<\/strong><strong>:\u00a0<\/strong>Ronaldo Corr\u00eaa Gomes Junior<br \/>\n<b>Secret\u00e1ria:\u00a0<\/b>T\u00e2nia Aparecida Mateus Rosa<br \/>\nAv. Ant\u00f4nio Carlos, 6627 &#8211; Campus Pampulha<br \/>\n<b>Telefone:<\/b>\u00a0(31) 3409-6002<br \/>\n<strong>E-mail: <\/strong><a href=\"mailto:cenex@letras.ufmg.br\" target=\"_blank\" rel=\"noopener\">cenex@letras.ufmg.br<\/a><\/p>\n<p><a href=\"https:\/\/www.ufmg.br\/proex\/cenex-medicina\/\" target=\"_blank\" rel=\"noopener\">Faculdade de Medicina<\/a><br \/>\n<b>Coordenadora:<\/b> Patr\u00edcia Gon\u00e7alves Teixeira<br \/>\n<b>Subcoordenadora:<\/b> Elaine Alvarenga de Almeida Carvalho<br \/>\n<b>Secret\u00e1ria:<\/b> Viviane Cristina Gl\u00f3ria<br \/>\nAv. Alfredo Balena, 190 &#8211; Campus Sa\u00fade<br \/>\n<b>Telefone:<\/b>\u00a0(31) 3409-9644<br \/>\n<strong>E-mail:<\/strong> <a href=\"mailto:cenexmed@medicina.ufmg.br\" target=\"_blank\" rel=\"noopener\">cenexmed@medicina.ufmg.br<\/a><\/p>\n<p><a href=\"https:\/\/www.ufmg.br\/proex\/cenex-fao\/\" target=\"_blank\" rel=\"noopener\">Faculdade de Odontologia<\/a><br \/>\n<b>Coordenadora:<\/b> Renata Magalh\u00e3es Cyrino<br \/>\n<b>Subcoordenadora:<\/b> Isabella Faria da Cunha Peixoto<br \/>\n<b>Secret\u00e1ria:<\/b>\u00a0Isabel Cristina da Silva Venceslau<br \/>\nAv. Ant\u00f4nio Carlos, 6627 &#8211; Campus Pampulha<br \/>\n<b>Telefone:<\/b>\u00a0(31) 3409-2451<br \/>\n<strong>E-mail:<\/strong> <a href=\"mailto:odonto-cenex@ufmg.br\" target=\"_blank\" rel=\"noopener\">odonto-cenex@ufmg.br\u00a0<\/a><\/p>\n<p><a href=\"https:\/\/www.ufmg.br\/proex\/cenex-hc\/\" target=\"_blank\" rel=\"noopener\">Hospital das Cl\u00ednicas<\/a><br \/>\n<b>Coordenadora:<\/b> S\u00f4nia Maria Nunes Viana<br \/>\n<strong>Subcoordenadora<\/strong>: Jovita Lane Soares Santos Zanini<br \/>\nAv. Alfredo Balena, 190 &#8211; Campus Sa\u00fade<br \/>\n<b>Telefone:<\/b>\u00a0(31)\u00a03307-9962<br \/>\n<strong>E-mail:<\/strong> <a href=\"mailto:cenex@hc.ufmg.br\">cenex@hc.ufmg.br<\/a>\/<a href=\"mailto:cenex.hcmg@ebserh.gov.br\" target=\"_blank\" rel=\"noopener\">cenex.hcmg@ebserh.gov.br<\/a><\/p>\n<p><a href=\"https:\/\/www.ufmg.br\/proex\/cenex-ica\/\" target=\"_blank\" rel=\"noopener\">Instituto de Ci\u00eancias Agr\u00e1rias<\/a><br \/>\n<b>Coordenadora:<\/b> Maria Fernanda Lousada Antunes<br \/>\n<b>Subcoordenadora: <\/b>\u00c9rika Endo Alves<br \/>\n<b>Secret\u00e1ria:<\/b> Ist\u00e9ffany Fr\u00f3es Mendes Paulino<br \/>\nAv.Universit\u00e1ria,1000 &#8211; Bairro Universit\u00e1rio &#8211; Montes Claros &#8211; CEP 39404-006 \/ Caixa Postal 135<br \/>\n<b>Telefone:<\/b> (38) 2101-7963<br \/>\n<strong>E-mail:<\/strong> <a href=\"mailto:cenex@ica.ufmg.br\" target=\"_blank\" rel=\"noopener\">cenex@ica.ufmg.br<\/a><\/p>\n<p><a href=\"https:\/\/www.ufmg.br\/proex\/cenex-icb\/\" target=\"_blank\" rel=\"noopener\">Instituto de Ci\u00eancias Biol\u00f3gicas\u00a0<\/a><br \/>\n<b>Coordenador: <\/b>Diogo de Barros Peruchetti<br \/>\n<strong>Subcoordenadora<\/strong>: Paula Rocha Moreira<br \/>\n<b>Secret\u00e1rio:<\/b> Pedro Henrique Ferreira<br \/>\nAv. Ant\u00f4nio Carlos, 6627 &#8211; Campus Pampulha<br \/>\n<b>Telefone:<\/b>\u00a0(31) 3409-2533<br \/>\n<strong>E-mail:<\/strong> <a href=\"mailto:cenex@icb.ufmg.br\" target=\"_blank\" rel=\"noopener\">cenex@icb.ufmg.br<\/a><\/p>\n<p><b>Instituto de Ci\u00eancias Exatas\u00a0<\/b><br \/>\n<b>Coordenador:<\/b> Ad\u00e3o Aparecido Sabino<br \/>\n<b>Subcoordenadora: <\/b>Aniura Milan\u00e9s Barrientos<br \/>\n<b>Secret\u00e1ria:<\/b> Denise Gon\u00e7alves de Castro<br \/>\nAv. Ant\u00f4nio Carlos, 6627 &#8211; Campus Pampulha<br \/>\n<b>Telefone:<\/b> (31) 3409-4984<br \/>\n<strong>E-mail:<\/strong> <a href=\"mailto:cenex@icex.ufmg.br\" target=\"_blank\" rel=\"noopener\">cenex@icex.ufmg.br<\/a><br \/>\n<a href=\"https:\/\/www.icex.ufmg.br\/cenex\/\" target=\"_blank\" rel=\"noopener\">Site<\/a><\/p>\n<p><b>Instituto de Geoci\u00eancias\u00a0<\/b><br \/>\n<b>Coordenador:<\/b> Get\u00falio Fonseca Domingues<br \/>\n<b>Subcoordenadora:<\/b> Janise Bruno Dias<br \/>\n<b>Secret\u00e1ria:<\/b> Christina Lemos Sim\u00f5es<br \/>\nAv. Ant\u00f4nio Carlos, 6627 &#8211; Campus Pampulha<br \/>\n<b>Telefone:<\/b>\u00a0(31) 3409-7506<br \/>\n<strong>E-mail:<\/strong> <a href=\"mailto:cenex@igc.ufmg.br\" target=\"_blank\" rel=\"noopener\">cenex@igc.ufmg.br<\/a><br \/>\n<a href=\"http:\/\/www.igc.ufmg.br\/\" target=\"_blank\" rel=\"noopener\">Site<\/a><\/p>\n<p>&nbsp;<\/p>\n<p>&nbsp;<\/p>\n","protected":false},"excerpt":{"rendered":"<p>Cada uma das Unidades Acad\u00eamicas ou Unidades Especiais da UFMG [&hellip;]<\/p>\n","protected":false},"author":2,"featured_media":0,"parent":0,"menu_order":0,"comment_status":"closed","ping_status":"closed","template":"","meta":[],"tags":[149,137,23,29],"_links":{"self":[{"href":"https:\/\/www.ufmg.br\/proex\/wp-json\/wp\/v2\/pages\/438"}],"collection":[{"href":"https:\/\/www.ufmg.br\/proex\/wp-json\/wp\/v2\/pages"}],"about":[{"href":"https:\/\/www.ufmg.br\/proex\/wp-json\/wp\/v2\/types\/page"}],"author":[{"embeddable":true,"href":"https:\/\/www.ufmg.br\/proex\/wp-json\/wp\/v2\/users\/2"}],"replies":[{"embeddable":true,"href":"https:\/\/www.ufmg.br\/proex\/wp-json\/wp\/v2\/comments?post=438"}],"version-history":[{"count":168,"href":"https:\/\/www.ufmg.br\/proex\/wp-json\/wp\/v2\/pages\/438\/revisions"}],"predecessor-version":[{"id":17008,"href":"https:\/\/www.ufmg.br\/proex\/wp-json\/wp\/v2\/pages\/438\/revisions\/17008"}],"wp:attachment":[{"href":"https:\/\/www.ufmg.br\/proex\/wp-json\/wp\/v2\/media?parent=438"}],"wp:term":[{"taxonomy":"post_tag","embeddable":true,"href":"https:\/\/www.ufmg.br\/proex\/wp-json\/wp\/v2\/tags?post=438"}],"curies":[{"name":"wp","href":"https:\/\/api.w.org\/{rel}","templated":true}]}}