{"id":4380,"date":"2022-02-16T14:23:53","date_gmt":"2022-02-16T17:23:53","guid":{"rendered":"https:\/\/www.ufmg.br\/proex\/?page_id=4380"},"modified":"2022-02-16T14:32:11","modified_gmt":"2022-02-16T17:32:11","slug":"programa-acoes-educativas-complementares-cp-ufmg","status":"publish","type":"page","link":"https:\/\/www.ufmg.br\/proex\/programa-acoes-educativas-complementares-cp-ufmg\/","title":{"rendered":"Programa A\u00e7\u00f5es Educativas Complementares (CP\/UFMG)"},"content":{"rendered":"<p>O Programa A\u00e7\u00f5es Educativas Complementares (CP\/UFMG), vinculado ao Centro Pedag\u00f3gico da Escola de Educa\u00e7\u00e3o B\u00e1sica e Profissional da UFMG, recebe at\u00e9, 25 de fevereiro, inscri\u00e7\u00f5es de bolsistas de extens\u00e3o. S\u00e3o oferecidas duas bolsas: uma na modalidade PBEXT e outra na modalidade A\u00e7\u00e3o Afirmativa.<\/p>\n<p><strong>Bolsa PBEXT<\/strong><br \/>\n\u2022 Alunos regularmente matriculados nos cursos da UFMG (preferencialmente dos Cursos Noturnos).<br \/>\n\u2022 Graduandos do 2\u00ba per\u00edodo em diante.<br \/>\n\u2022 Com conhecimento em Inform\u00e1tica: Word, Excel; gerenciamento de sites, redes sociais e banco de dados.<br \/>\n\u2022 Disponibilidade para cumprir 20 horas semanais, sem preju\u00edzo de outras atividades curriculares.<\/p>\n<p><strong>Bolsa PBEXT A\u00e7\u00e3o Afirmativa<\/strong><br \/>\n\u2022 Alunos regularmente matriculados nos cursos da UFMG (preferencialmente dos Cursos Noturnos).<br \/>\n\u2022 Graduandos do 2\u00ba per\u00edodo em diante, que sejam classificados socioeconomicamente nos n\u00edveis I a III pela<br \/>\nFunda\u00e7\u00e3o Universit\u00e1ria Mendes Pimentel e\/ou discentes que ingressaram na UFMG pelo sistema de b\u00f4nus ou cotas.<br \/>\n\u2022 Com conhecimento em Inform\u00e1tica: Word, Excel; gerenciamento de sites, redes sociais e banco de dados.<br \/>\n\u2022 Disponibilidade para cumprir 20 horas semanais, sem preju\u00edzo de outras atividades curriculares.<\/p>\n<p><strong>Requisitos<\/strong><br \/>\n\u2022 Ser estudante de gradua\u00e7\u00e3o regularmente matriculado na UFMG.<br \/>\n\u2022 Ter disponibilidade para cumprir 20 horas semanais.<br \/>\n\u2022 N\u00e3o ser\u00e1 concedida bolsa ao\/\u00e0 estudante que j\u00e1 seja benefici\u00e1rio de qualquer outro tipo de bolsa acad\u00eamica da Universidade ou de outras fontes oficiais da UFMG.<br \/>\n\u2022 Caso seja selecionado\/a, o\/a bolisista deve possuir conta corrente no Banco do Brasil, da qual seja o\/a \u00fanico\/a titular.<br \/>\n\u2022 Caracter\u00edsticas desej\u00e1veis: facilidade em trabalhar com p\u00fablico em geral (crian\u00e7as, jovens e adultos); conhecimento de uso softwares de edi\u00e7\u00e3o de textos, imagens e planilhas de processamento de dados; publica\u00e7\u00e3o e monitoramento de redes sociais, produ\u00e7\u00e3o e edi\u00e7\u00e3o de v\u00eddeos; responsabilidade, compromisso e comprometimento com o servi\u00e7o executado e com o setor; capacidade de participa\u00e7\u00e3o em trabalhos em equipe; experi\u00eancia em trabalho em redes sociais.<\/p>\n<p><strong>Documenta\u00e7\u00e3o de inscri\u00e7\u00e3o<\/strong><br \/>\nPara efetivar a inscri\u00e7\u00e3o, os candidatos dever\u00e3o encaminhar para o e-mail anaribvaz2@gmail.com os seguintes documentos:<br \/>\na) Curriculum Vitae completo (contemplando os dados pessoais, telefone(s) de contato(s) e o e-mail atualizado, experi\u00eancias, outros tipos de atua\u00e7\u00e3o profissional).<br \/>\nb) Carta de Inten\u00e7\u00e3o (breve apresenta\u00e7\u00e3o do\/a candidato\/a; justificativa pelo interesse em ser bolsista deste Programa; expectativas sobre o trabalho que ir\u00e1 desenvolver).<br \/>\nb) Comprovante de matr\u00edcula 2021\/2, emitido pela Se\u00e7\u00e3o de Ensino do seu curso ou documento equivalente.<br \/>\nc) Hist\u00f3rico Escolar: isto \u00e9, hist\u00f3rico emitido pela Se\u00e7\u00e3o de Ensino do curso de gradua\u00e7\u00e3o. O Hist\u00f3rico Acad\u00eamico pode ser substitu\u00eddo por dois documentos: \u201cExtrato de Integraliza\u00e7\u00e3o Curricular\u201d e \u201cConsulta a informa\u00e7\u00f5es de atividades cursadas e em curso\u201d.<br \/>\nd) E-mail institucional: Minha UFMG (Grude) \u2013 Obrigat\u00f3rio.<br \/>\ne) C\u00f3pias da Carteira de Identidade e CPF.<\/p>\n<p><strong>Cronograma<\/strong><br \/>\nPer\u00edodo de inscri\u00e7\u00e3o: 08\/02\/2022 a 25\/02\/2022<br \/>\nData da sele\u00e7\u00e3o: 02 de mar\u00e7o de 2022<br \/>\nHor\u00e1rio da sele\u00e7\u00e3o: 15 horas<br \/>\nLocal: Sala do Google Meet<br \/>\nResultado da sele\u00e7\u00e3o: 04\/03\/2022<\/p>\n<p>Outras informa\u00e7\u00f5es est\u00e3o no <a href=\"https:\/\/www.ufmg.br\/proex\/wp-content\/uploads\/2022\/02\/Edital-12.2022-SELECAO-PROGRAMA-ACOES-EDUCATIVAS-COMPLEMENTARES.pdf\" target=\"_blank\" rel=\"noopener\">Edital 12\/2022<\/a><\/p>\n<p>&nbsp;<\/p>\n<p>&nbsp;<\/p>\n<p>&nbsp;<\/p>\n<p>&nbsp;<\/p>\n<p>&nbsp;<\/p>\n<p>&nbsp;<\/p>\n","protected":false},"excerpt":{"rendered":"<p>O Programa A\u00e7\u00f5es Educativas Complementares (CP\/UFMG), vinculado ao Centro Pedag\u00f3gico [&hellip;]<\/p>\n","protected":false},"author":2,"featured_media":0,"parent":0,"menu_order":0,"comment_status":"closed","ping_status":"closed","template":"","meta":[],"tags":[109],"_links":{"self":[{"href":"https:\/\/www.ufmg.br\/proex\/wp-json\/wp\/v2\/pages\/4380"}],"collection":[{"href":"https:\/\/www.ufmg.br\/proex\/wp-json\/wp\/v2\/pages"}],"about":[{"href":"https:\/\/www.ufmg.br\/proex\/wp-json\/wp\/v2\/types\/page"}],"author":[{"embeddable":true,"href":"https:\/\/www.ufmg.br\/proex\/wp-json\/wp\/v2\/users\/2"}],"replies":[{"embeddable":true,"href":"https:\/\/www.ufmg.br\/proex\/wp-json\/wp\/v2\/comments?post=4380"}],"version-history":[{"count":12,"href":"https:\/\/www.ufmg.br\/proex\/wp-json\/wp\/v2\/pages\/4380\/revisions"}],"predecessor-version":[{"id":4394,"href":"https:\/\/www.ufmg.br\/proex\/wp-json\/wp\/v2\/pages\/4380\/revisions\/4394"}],"wp:attachment":[{"href":"https:\/\/www.ufmg.br\/proex\/wp-json\/wp\/v2\/media?parent=4380"}],"wp:term":[{"taxonomy":"post_tag","embeddable":true,"href":"https:\/\/www.ufmg.br\/proex\/wp-json\/wp\/v2\/tags?post=4380"}],"curies":[{"name":"wp","href":"https:\/\/api.w.org\/{rel}","templated":true}]}}