{"id":4409,"date":"2022-02-18T15:41:01","date_gmt":"2022-02-18T18:41:01","guid":{"rendered":"https:\/\/www.ufmg.br\/proex\/?page_id=4409"},"modified":"2025-04-14T13:10:00","modified_gmt":"2025-04-14T16:10:00","slug":"recaj","status":"publish","type":"page","link":"https:\/\/www.ufmg.br\/proex\/recaj\/","title":{"rendered":"Programa RECAJ"},"content":{"rendered":"<p>O projeto de extens\u00e3o RECAJ (Rede de Educa\u00e7\u00e3o em Cidadania e Acesso \u00e0 Justi\u00e7a), da Faculdade de Direito da UFMG, est\u00e1 com processo seletivo aberto para preenchimento de quatro vagas de extensionistas volunt\u00e1rios (as).<\/p>\n<p><span data-offset-key=\"2nd7-0-0\">Podem participar e se inscrever estudantes de gradua\u00e7\u00e3o da UFMG matriculados no cursos de: <\/span><\/p>\n<ul>\n<li><span data-offset-key=\"2nd7-0-0\">Direito<\/span><\/li>\n<li><span data-offset-key=\"2nd7-0-0\">Ci\u00eancias do Estado<\/span><\/li>\n<li><span data-offset-key=\"2nd7-0-0\">Ci\u00eancias Sociais<\/span><\/li>\n<li><span data-offset-key=\"2nd7-0-0\">Jornalismo<\/span><\/li>\n<li><span data-offset-key=\"2nd7-0-0\">Psicologia<\/span><\/li>\n<li><span data-offset-key=\"2nd7-0-0\">Hist\u00f3ria <\/span><\/li>\n<li><span data-offset-key=\"2nd7-0-0\">Publicidade e Propaganda<\/span><\/li>\n<\/ul>\n<p>Per\u00edodo de inscri\u00e7\u00f5es: <strong>at\u00e9 21 de abril de 2025.<\/strong><\/p>\n<p><strong>Inscri\u00e7\u00f5es<\/strong><\/p>\n<p>As inscri\u00e7\u00f5es devem ser realizadas via <a href=\"https:\/\/docs.google.com\/forms\/d\/e\/1FAIpQLSdPe8eBr0Zp4P2Ps3KgLniKWI78mGvveRaOobNSal4vk0NMMA\/viewform\" target=\"_blank\" rel=\"noopener\">formul\u00e1rio eletr\u00f4nico<\/a>. Os (as) candidatos (as) devem enviar:<br \/>\n&#8211; Nome completo;<br \/>\n&#8211; Turno do curso;<br \/>\n&#8211; N\u00famero de telefone\/WhatsApp;<br \/>\n&#8211; Curr\u00edculo lattes;<br \/>\n&#8211; Comprovante de matr\u00edcula;<br \/>\n&#8211; Carta com exposi\u00e7\u00e3o de motivos; e<br \/>\n&#8211; V\u00eddeo de at\u00e9 3 minutos contando um pouco sobre suas experi\u00eancias e sobre o interesse em participar do Programa.<\/p>\n<p>Consulte as informa\u00e7\u00f5es completas no <a href=\"https:\/\/www.ufmg.br\/proex\/wp-content\/uploads\/2025\/04\/Edital-01.2025-RECAJ-UFMG-Selecao-de-Voluntarios.docx.pdf\" target=\"_blank\" rel=\"noopener\">edital de sele\u00e7\u00e3o.<\/a><\/p>\n<div class=\"\" data-block=\"true\" data-editor=\"9b7r6\" data-offset-key=\"a8rv8-0-0\">\n<div class=\"_1mf _1mj\" data-offset-key=\"a8rv8-0-0\">\n<p>O Recaj conta com projetos que promovem o debate, a conscientiza\u00e7\u00e3o e a efetividade do acesso \u00e0 justi\u00e7a pela via dos direitos, das formas consensuais de solu\u00e7\u00e3o de conflitos, dos direitos humanos, das intera\u00e7\u00f5es entre o Direito e a Tecnologia e dos direitos infanto-adolescentes.<\/p>\n<\/div>\n<\/div>\n<div data-offset-key=\"a8rv8-0-0\">\n<p>Siga o projeto no <a href=\"https:\/\/www.instagram.com\/recajufmg\/\" target=\"_blank\" rel=\"noopener\">Instagram.<\/a><\/p>\n<p>&nbsp;<\/p>\n<\/div>\n<div data-offset-key=\"6b3iu-0-0\"><\/div>\n<div data-offset-key=\"6b3iu-0-0\"><\/div>\n<div data-offset-key=\"6b3iu-0-0\"><\/div>\n","protected":false},"excerpt":{"rendered":"<p>O projeto de extens\u00e3o RECAJ (Rede de Educa\u00e7\u00e3o em Cidadania [&hellip;]<\/p>\n","protected":false},"author":2,"featured_media":0,"parent":0,"menu_order":0,"comment_status":"closed","ping_status":"closed","template":"","meta":[],"tags":[23,109,29,711],"_links":{"self":[{"href":"https:\/\/www.ufmg.br\/proex\/wp-json\/wp\/v2\/pages\/4409"}],"collection":[{"href":"https:\/\/www.ufmg.br\/proex\/wp-json\/wp\/v2\/pages"}],"about":[{"href":"https:\/\/www.ufmg.br\/proex\/wp-json\/wp\/v2\/types\/page"}],"author":[{"embeddable":true,"href":"https:\/\/www.ufmg.br\/proex\/wp-json\/wp\/v2\/users\/2"}],"replies":[{"embeddable":true,"href":"https:\/\/www.ufmg.br\/proex\/wp-json\/wp\/v2\/comments?post=4409"}],"version-history":[{"count":38,"href":"https:\/\/www.ufmg.br\/proex\/wp-json\/wp\/v2\/pages\/4409\/revisions"}],"predecessor-version":[{"id":15160,"href":"https:\/\/www.ufmg.br\/proex\/wp-json\/wp\/v2\/pages\/4409\/revisions\/15160"}],"wp:attachment":[{"href":"https:\/\/www.ufmg.br\/proex\/wp-json\/wp\/v2\/media?parent=4409"}],"wp:term":[{"taxonomy":"post_tag","embeddable":true,"href":"https:\/\/www.ufmg.br\/proex\/wp-json\/wp\/v2\/tags?post=4409"}],"curies":[{"name":"wp","href":"https:\/\/api.w.org\/{rel}","templated":true}]}}