{"id":4421,"date":"2022-02-21T11:51:21","date_gmt":"2022-02-21T14:51:21","guid":{"rendered":"https:\/\/www.ufmg.br\/proex\/?page_id=4421"},"modified":"2025-02-18T12:37:18","modified_gmt":"2025-02-18T15:37:18","slug":"brinquedotecahospitalar","status":"publish","type":"page","link":"https:\/\/www.ufmg.br\/proex\/brinquedotecahospitalar\/","title":{"rendered":"Brinquedoteca Hospitalar Nosso Cantinho"},"content":{"rendered":"<p>Est\u00e3o abertas, <strong>at\u00e9 6 de mar\u00e7o de 2025<\/strong>, as inscri\u00e7\u00f5es para oportunidade de bolsa (uma vaga) no projeto de extens\u00e3o <a href=\"https:\/\/sistemas.ufmg.br\/siex\/VerDescricao.do?id=90684&amp;tipo=Projeto\" target=\"_blank\" rel=\"noopener\">Brinquedoteca Hospitalar Nosso Cantinho<\/a>, do Hospital das Cl\u00ednicas da UFMG.<\/p>\n<p>Vig\u00eancia da bolsa: mar\u00e7o de 2025 a fevereiro de 2026.<\/p>\n<p>O projeto oferece, ainda, quatro vagas para extensionista volunt\u00e1rio (a).<\/p>\n<p>Podem se inscrever no processo seletivo os (as) estudantes do curso de gradua\u00e7\u00e3o em Terapia Ocupacional da UFMG, a partir do 3\u00ba per\u00edodo.<\/p>\n<p>Os (as) interessados (as) devem enviar para o e-mail <a href=\"mailto:pediatriato.hcufmg@gmail.com\" target=\"_blank\" rel=\"noopener\">pediatriato.hcufmg@gmail.com<\/a>:<br \/>\n&#8211; Dados pessoais (nome, telefone de contato e e-mail)<br \/>\n&#8211; Carta de inten\u00e7\u00e3o<br \/>\n&#8211; Curriculum Vitae (registrado na Plataforma Lattes)<br \/>\n&#8211; Hist\u00f3rico Escolar (contendo Rendimento Semestral Global &#8211; RSG)<\/p>\n<p>O resultado final ser\u00e1 divulgado at\u00e9 o dia 13\/03\/2025 atrav\u00e9s do e-mail e\/ou telefone informado pelos (as) candidatos (as).<\/p>\n<p>Consulte as informa\u00e7\u00f5es completas no <a href=\"https:\/\/www.ufmg.br\/proex\/wp-content\/uploads\/2025\/02\/Edital-BQ1-2025_selecao-de-bolsista-de-extensao_17-02.pdf\" target=\"_blank\" rel=\"noopener\">edital de sele\u00e7\u00e3o.<\/a><\/p>\n<p><strong>Sobre o projeto<\/strong><\/p>\n<p data-prosemirror-content-type=\"node\" data-prosemirror-node-name=\"paragraph\" data-prosemirror-node-block=\"true\" data-pm-slice=\"1 1 []\">Localizada na Unidade da Crian\u00e7a e do Adolescente do Hospital das Cl\u00ednicas (HC\/UFMG)<b>, <\/b>a Brinquedoteca Hospitalar Nosso Cantinho tem como miss\u00e3o promover o direito de brincar entre crian\u00e7as e adolescentes em interna\u00e7\u00e3o hospitalar.<\/p>\n<p data-prosemirror-content-type=\"node\" data-prosemirror-node-name=\"paragraph\" data-prosemirror-node-block=\"true\" data-pm-slice=\"1 1 []\">No espa\u00e7o, crian\u00e7as e adolescentes podem exercer esse direito mesmo diante dos desafios impostos pela hospitaliza\u00e7\u00e3o.<\/p>\n<p data-prosemirror-content-type=\"node\" data-prosemirror-node-name=\"paragraph\" data-prosemirror-node-block=\"true\" data-pm-slice=\"1 1 []\">A brinquedoteca \u00e9 aberta tamb\u00e9m a familiares e acompanhantes e oferece ambiente l\u00fadico e acolhedor para todos. Siga o projeto no <a href=\"https:\/\/www.instagram.com\/brinquedoteca_hcufmg\/\" target=\"_blank\" rel=\"noopener\">Instagram.<\/a><\/p>\n","protected":false},"excerpt":{"rendered":"<p>Est\u00e3o abertas, at\u00e9 6 de mar\u00e7o de 2025, as inscri\u00e7\u00f5es [&hellip;]<\/p>\n","protected":false},"author":2,"featured_media":0,"parent":0,"menu_order":0,"comment_status":"closed","ping_status":"closed","template":"","meta":[],"tags":[191,713,23,29],"_links":{"self":[{"href":"https:\/\/www.ufmg.br\/proex\/wp-json\/wp\/v2\/pages\/4421"}],"collection":[{"href":"https:\/\/www.ufmg.br\/proex\/wp-json\/wp\/v2\/pages"}],"about":[{"href":"https:\/\/www.ufmg.br\/proex\/wp-json\/wp\/v2\/types\/page"}],"author":[{"embeddable":true,"href":"https:\/\/www.ufmg.br\/proex\/wp-json\/wp\/v2\/users\/2"}],"replies":[{"embeddable":true,"href":"https:\/\/www.ufmg.br\/proex\/wp-json\/wp\/v2\/comments?post=4421"}],"version-history":[{"count":24,"href":"https:\/\/www.ufmg.br\/proex\/wp-json\/wp\/v2\/pages\/4421\/revisions"}],"predecessor-version":[{"id":14626,"href":"https:\/\/www.ufmg.br\/proex\/wp-json\/wp\/v2\/pages\/4421\/revisions\/14626"}],"wp:attachment":[{"href":"https:\/\/www.ufmg.br\/proex\/wp-json\/wp\/v2\/media?parent=4421"}],"wp:term":[{"taxonomy":"post_tag","embeddable":true,"href":"https:\/\/www.ufmg.br\/proex\/wp-json\/wp\/v2\/tags?post=4421"}],"curies":[{"name":"wp","href":"https:\/\/api.w.org\/{rel}","templated":true}]}}