{"id":4428,"date":"2022-02-21T18:35:34","date_gmt":"2022-02-21T21:35:34","guid":{"rendered":"https:\/\/www.ufmg.br\/proex\/?page_id=4428"},"modified":"2022-03-11T09:52:31","modified_gmt":"2022-03-11T12:52:31","slug":"projeto-rede-artesanato-brasil","status":"publish","type":"page","link":"https:\/\/www.ufmg.br\/proex\/projeto-rede-artesanato-brasil\/","title":{"rendered":"Projeto Rede Artesanato Brasil"},"content":{"rendered":"<p>Est\u00e3o abertas, at\u00e9 5 de abril, as inscri\u00e7\u00f5es para sele\u00e7\u00e3o de bolsistas no <a href=\"https:\/\/sistemas.ufmg.br\/siex\/AuditarProjeto.do?id=70590\" target=\"_blank\" rel=\"noopener\">projeto estrutura\u00e7\u00e3o do sistema de gest\u00e3o do artesanato brasileiro: diagn\u00f3stico e planejamento estrat\u00e9gico <\/a>(Rede Artesanato Brasil).<\/p>\n<p>S\u00e3o oferecidas 11 vagas destinadas a discentes de gradua\u00e7\u00e3o e p\u00f3s-gradua\u00e7\u00e3o, conforme a distribui\u00e7\u00e3o a seguir:<\/p>\n<ul>\n<li>1 vaga de Auxiliar de Pesquisa para discentes de p\u00f3s-gradua\u00e7\u00e3o em Design ou \u00e1reas afins da UFMG ou UEMG, para a equipe de Estudos e Pesquisa;<\/li>\n<li>1 vaga de Auxiliar de Pesquisa para discentes de gradua\u00e7\u00e3o em Design ou \u00e1reas afins da UFMG, para a Equipe de Estudos e Pesquisa;<\/li>\n<li>2 vagas de Auxiliar de Pesquisa para discentes de gradua\u00e7\u00e3o em Design e\/ou \u00e1reas afins da UFMG, para apoiar a coordena\u00e7\u00e3o da equipe;<\/li>\n<li>2 vagas de Desenvolvedor de Conte\u00fado Web para discente de gradua\u00e7\u00e3o ou de p\u00f3s-gradua\u00e7\u00e3o dos cursos Ci\u00eancia da Computa\u00e7\u00e3o, Sistemas de Informa\u00e7\u00e3o, Engenharia da Computa\u00e7\u00e3o (\u00e1reas correlatas \u00e0 Tecnologia da Informa\u00e7\u00e3o e Desenvolvimento de Sistemas) da UFMG, para a equipe da Plataforma Web;<\/li>\n<li>1 vaga para discentes de quaisquer cursos de gradua\u00e7\u00e3o da UFMG, para a coordena\u00e7\u00e3o geral;<\/li>\n<li>4 vagas para discente de gradua\u00e7\u00e3o em Design e\/ou \u00e1reas afins da UFMG, para prestar apoio t\u00e9cnico-operacional \u00e0 equipe.<\/li>\n<\/ul>\n<p>Os candidatos devem ter disponibilidade de 20 horas semanais para se dedicar \u00e0s atividades.<\/p>\n<p>As inscri\u00e7\u00f5es ser\u00e3o recebidas pelo e-mail: <a href=\"mailto:secretaria@redeartesanatobrasil.com.br\" target=\"_blank\" rel=\"noopener\">secretaria@redeartesanatobrasil.com.br <\/a>(Identificar no campo assunto \u201cT\u00edtulo da Vaga\u201d pleiteada)<a href=\"mailto:secretaria@redeartesanatobrasil.com.br\" target=\"_blank\" rel=\"noopener\"><br \/>\n<\/a><\/p>\n<p>O interessado dever\u00e1 enviar os seguintes documentos digitalizados:<\/p>\n<p><b>a)\u00a0\u00a0\u00a0\u00a0\u00a0\u00a0<\/b>Curriculum lattes, em formato PDF;<\/p>\n<p><b>b)\u00a0\u00a0\u00a0\u00a0\u00a0\u00a0<\/b>Hist\u00f3rico Escolar (ser\u00e1 aceita a vers\u00e3o do hist\u00f3rico dispon\u00edvel na intranet);<\/p>\n<p><b>c)\u00a0\u00a0\u00a0\u00a0\u00a0\u00a0<\/b>Texto contendo uma exposi\u00e7\u00e3o dos motivos que levam o\/a estudante a pleitear sua participa\u00e7\u00e3o no projeto, em uma lauda, com fonte Arial 12 e espa\u00e7amento entre linhas de 1,5.<\/p>\n<p><b>d)\u00a0\u00a0\u00a0\u00a0\u00a0\u00a0<\/b>Documento de identifica\u00e7\u00e3o com foto (pdf ou jpg);<\/p>\n<p><b>e)\u00a0\u00a0\u00a0\u00a0\u00a0\u00a0\u00a0<\/b>Declara\u00e7\u00e3o de disponibilidade de carga hor\u00e1ria (pdf);<\/p>\n<p><b>f)\u00a0 \u00a0 \u00a0\u00a0<\/b>Declara\u00e7\u00e3o de acesso \u00e0 internet e disponibilidade computador\/notebook (pdf);<\/p>\n<p>O processo de sele\u00e7\u00e3o contar\u00e1 com duas etapas: an\u00e1lise de documenta\u00e7\u00e3o do candidato e entrevista on-line.<\/p>\n<p>Para as demais informa\u00e7\u00f5es acerca desta oportunidade, \u00e9 imprescind\u00edvel a consulta ao <a href=\"https:\/\/www.ufmg.br\/proex\/wp-content\/uploads\/2022\/03\/EDITAL-11-Rede-Artesanato-Brasil.pdf\" target=\"_blank\" rel=\"noopener\">Edital de Sele\u00e7\u00e3o 2022.<\/a><\/p>\n<p>Siga a Rede Artesanato Brasil <a href=\"https:\/\/www.instagram.com\/redeartesanatobrasil\/\" target=\"_blank\" rel=\"noopener\">nas redes sociais.<\/a><\/p>\n<p>&nbsp;<\/p>\n<p>&nbsp;<\/p>\n<p>&nbsp;<\/p>\n<div class=\"\">\n<div class=\"content-view-embed\">\n<div class=\"class-folder\">\n<div class=\"content-body\"><\/div>\n<\/div>\n<\/div>\n<\/div>\n","protected":false},"excerpt":{"rendered":"<p>Est\u00e3o abertas, at\u00e9 5 de abril, as inscri\u00e7\u00f5es para sele\u00e7\u00e3o [&hellip;]<\/p>\n","protected":false},"author":2,"featured_media":0,"parent":0,"menu_order":0,"comment_status":"closed","ping_status":"closed","template":"","meta":[],"tags":[715,129,23,29],"_links":{"self":[{"href":"https:\/\/www.ufmg.br\/proex\/wp-json\/wp\/v2\/pages\/4428"}],"collection":[{"href":"https:\/\/www.ufmg.br\/proex\/wp-json\/wp\/v2\/pages"}],"about":[{"href":"https:\/\/www.ufmg.br\/proex\/wp-json\/wp\/v2\/types\/page"}],"author":[{"embeddable":true,"href":"https:\/\/www.ufmg.br\/proex\/wp-json\/wp\/v2\/users\/2"}],"replies":[{"embeddable":true,"href":"https:\/\/www.ufmg.br\/proex\/wp-json\/wp\/v2\/comments?post=4428"}],"version-history":[{"count":21,"href":"https:\/\/www.ufmg.br\/proex\/wp-json\/wp\/v2\/pages\/4428\/revisions"}],"predecessor-version":[{"id":4555,"href":"https:\/\/www.ufmg.br\/proex\/wp-json\/wp\/v2\/pages\/4428\/revisions\/4555"}],"wp:attachment":[{"href":"https:\/\/www.ufmg.br\/proex\/wp-json\/wp\/v2\/media?parent=4428"}],"wp:term":[{"taxonomy":"post_tag","embeddable":true,"href":"https:\/\/www.ufmg.br\/proex\/wp-json\/wp\/v2\/tags?post=4428"}],"curies":[{"name":"wp","href":"https:\/\/api.w.org\/{rel}","templated":true}]}}