{"id":4468,"date":"2022-02-24T10:49:20","date_gmt":"2022-02-24T13:49:20","guid":{"rendered":"https:\/\/www.ufmg.br\/proex\/?page_id=4468"},"modified":"2022-02-24T10:53:31","modified_gmt":"2022-02-24T13:53:31","slug":"projeto-iniciativa-hospital-amigo-da-crianca","status":"publish","type":"page","link":"https:\/\/www.ufmg.br\/proex\/projeto-iniciativa-hospital-amigo-da-crianca\/","title":{"rendered":"Projeto Iniciativa Hospital Amigo da Crian\u00e7a"},"content":{"rendered":"<p>Est\u00e3o abertas, at\u00e9 4 de mar\u00e7o de 2022, as inscri\u00e7\u00f5es de candidatos para exame de sele\u00e7\u00e3o para duas vagas de bolsas (modalidade PBEXT) no projeto <em>Iniciativa Hospital Amigo da Crian\u00e7a <\/em>(Maternidade Otto Cirne-Hospital das Cl\u00ednicas da UFMG).<\/p>\n<p>Poder\u00e3o inscrever-se discentes dos cursos de gradua\u00e7\u00e3o em Medicina, Enfermagem e Fonoaudiologia da UFMG. Os estudantes da Medicina a partir do quinto at\u00e9 o 8\u00ba per\u00edodo; da Enfermagem do s\u00e9timo e oitavo per\u00edodos e da Fonoaudiologia a partir do quinto at\u00e9 o oitavo per\u00edodo.<\/p>\n<p>A inscri\u00e7\u00f5es s\u00e3o efetuadas por meio do envio para o e-mail <a href=\"mailto:cenex@hc.ufmg.br\" target=\"_blank\" rel=\"noopener\">cenex@hc.ufmg.br<\/a> dos seguintes documentos:<\/p>\n<ul>\n<li>Curriculum Vitae<\/li>\n<li>Carteira de Identidade;<\/li>\n<li>Hist\u00f3rico escolar, comprovante de matr\u00edcula no semestre a ser cursado em 2022.<\/li>\n<\/ul>\n<p>O bolsista cumprir\u00e1 jornada de 20 horas\/semanais.<\/p>\n<p>Outras informa\u00e7\u00f5es sobre essa oportunidade est\u00e3o no <a href=\"https:\/\/www.ufmg.br\/proex\/wp-content\/uploads\/2022\/02\/EDITAL-DE-SELEC\u0327A\u0303O-PARA-BOLSISTA-DE-EXTENSA\u0303O-DO-PROJETO_2022.pdf\" target=\"_blank\" rel=\"noopener\">Edital de Sele\u00e7\u00e3o.<\/a><\/p>\n<p>&nbsp;<\/p>\n<p>&nbsp;<\/p>\n<p>&nbsp;<\/p>\n","protected":false},"excerpt":{"rendered":"<p>Est\u00e3o abertas, at\u00e9 4 de mar\u00e7o de 2022, as inscri\u00e7\u00f5es [&hellip;]<\/p>\n","protected":false},"author":2,"featured_media":0,"parent":0,"menu_order":0,"comment_status":"closed","ping_status":"closed","template":"","meta":[],"tags":[],"_links":{"self":[{"href":"https:\/\/www.ufmg.br\/proex\/wp-json\/wp\/v2\/pages\/4468"}],"collection":[{"href":"https:\/\/www.ufmg.br\/proex\/wp-json\/wp\/v2\/pages"}],"about":[{"href":"https:\/\/www.ufmg.br\/proex\/wp-json\/wp\/v2\/types\/page"}],"author":[{"embeddable":true,"href":"https:\/\/www.ufmg.br\/proex\/wp-json\/wp\/v2\/users\/2"}],"replies":[{"embeddable":true,"href":"https:\/\/www.ufmg.br\/proex\/wp-json\/wp\/v2\/comments?post=4468"}],"version-history":[{"count":4,"href":"https:\/\/www.ufmg.br\/proex\/wp-json\/wp\/v2\/pages\/4468\/revisions"}],"predecessor-version":[{"id":4473,"href":"https:\/\/www.ufmg.br\/proex\/wp-json\/wp\/v2\/pages\/4468\/revisions\/4473"}],"wp:attachment":[{"href":"https:\/\/www.ufmg.br\/proex\/wp-json\/wp\/v2\/media?parent=4468"}],"wp:term":[{"taxonomy":"post_tag","embeddable":true,"href":"https:\/\/www.ufmg.br\/proex\/wp-json\/wp\/v2\/tags?post=4468"}],"curies":[{"name":"wp","href":"https:\/\/api.w.org\/{rel}","templated":true}]}}