{"id":4487,"date":"2022-03-03T10:35:24","date_gmt":"2022-03-03T13:35:24","guid":{"rendered":"https:\/\/www.ufmg.br\/proex\/?page_id=4487"},"modified":"2024-02-20T10:06:08","modified_gmt":"2024-02-20T13:06:08","slug":"universidade-das-criancas","status":"publish","type":"page","link":"https:\/\/www.ufmg.br\/proex\/universidade-das-criancas\/","title":{"rendered":"Universidade das Crian\u00e7as"},"content":{"rendered":"<p>O projeto <em>Universidade das Crian\u00e7as (UC) <\/em>recebe inscri\u00e7\u00f5es, <strong>at\u00e9 28 de fevereiro de 2024<\/strong>, para o processo de sele\u00e7\u00e3o de uma bolsa de extens\u00e3o PBEXT A\u00e7\u00e3o Afirmativa.<\/p>\n<p><strong>Requisitos<\/strong><\/p>\n<p>&#8211; Ser estudante regularmente matriculado no curso de Cinema de Anima\u00e7\u00e3o e Artes Digitais da UFMG e ter conclu\u00eddo disciplinas de Fundamento da Anima\u00e7\u00e3o, Design e Anima\u00e7\u00e3o de Personagem;<br \/>\n&#8211; Ter disponibilidade para cumprir 20 horas semanais em equipe;<br \/>\n&#8211; Disponibilidade para trabalhar em equipe;<br \/>\n&#8211; Disponibilidade para participar de oficinas com crian\u00e7as;<br \/>\n&#8211; Experi\u00eancia como ilustrador, design de personagem e\/ou anima\u00e7\u00e3o em diversas t\u00e9cnicas e edi\u00e7\u00e3o de v\u00eddeo;<br \/>\n&#8211; Ser\u00e1 valorizada experi\u00eancia pr\u00e9via no projeto Universidade das Crian\u00e7as.<\/p>\n<p>As inscri\u00e7\u00f5es dever\u00e3o ser realizadas por meio do e-mail <a href=\"mailto:universidadedascriancas@gmail.com\" target=\"_blank\" rel=\"noopener\">universidadedascriancas@gmail.com<\/a>,\u00a0identificando-se no campo assunto \u201csele\u00e7\u00e3o PBEXT-AF 2024&#8243;.<\/p>\n<p>Os(as) candidatos(as) dever\u00e3o apresentar os seguintes documentos:<br \/>\n&#8211; Hist\u00f3rico Escolar;<br \/>\n&#8211; Portf\u00f3lio on-line;<br \/>\n&#8211; Quadro de hor\u00e1rios;<br \/>\n&#8211; Texto contendo uma exposi\u00e7\u00e3o dos motivos que levaram o estudante a pleitear sua participa\u00e7\u00e3o no projeto;<br \/>\n&#8211; Comprovante para concorrer a vaga de bolsa PBEXT AF (A\u00e7\u00f5es Afirmativas).<\/p>\n<p>As demais orienta\u00e7\u00f5es e informa\u00e7\u00f5es devem ser consultadas no <a href=\"https:\/\/www.ufmg.br\/proex\/wp-content\/uploads\/2024\/02\/EDITAL_CORRETO_SELECAO_ESTUDANTES.docx_-_Documentos_Google_assinado.pdf\" target=\"_blank\" rel=\"noopener\">edital de sele\u00e7\u00e3o.<\/a><\/p>\n","protected":false},"excerpt":{"rendered":"<p>O projeto Universidade das Crian\u00e7as (UC) recebe inscri\u00e7\u00f5es, at\u00e9 28 [&hellip;]<\/p>\n","protected":false},"author":2,"featured_media":0,"parent":0,"menu_order":0,"comment_status":"closed","ping_status":"closed","template":"","meta":[],"tags":[],"_links":{"self":[{"href":"https:\/\/www.ufmg.br\/proex\/wp-json\/wp\/v2\/pages\/4487"}],"collection":[{"href":"https:\/\/www.ufmg.br\/proex\/wp-json\/wp\/v2\/pages"}],"about":[{"href":"https:\/\/www.ufmg.br\/proex\/wp-json\/wp\/v2\/types\/page"}],"author":[{"embeddable":true,"href":"https:\/\/www.ufmg.br\/proex\/wp-json\/wp\/v2\/users\/2"}],"replies":[{"embeddable":true,"href":"https:\/\/www.ufmg.br\/proex\/wp-json\/wp\/v2\/comments?post=4487"}],"version-history":[{"count":24,"href":"https:\/\/www.ufmg.br\/proex\/wp-json\/wp\/v2\/pages\/4487\/revisions"}],"predecessor-version":[{"id":11640,"href":"https:\/\/www.ufmg.br\/proex\/wp-json\/wp\/v2\/pages\/4487\/revisions\/11640"}],"wp:attachment":[{"href":"https:\/\/www.ufmg.br\/proex\/wp-json\/wp\/v2\/media?parent=4487"}],"wp:term":[{"taxonomy":"post_tag","embeddable":true,"href":"https:\/\/www.ufmg.br\/proex\/wp-json\/wp\/v2\/tags?post=4487"}],"curies":[{"name":"wp","href":"https:\/\/api.w.org\/{rel}","templated":true}]}}