{"id":4493,"date":"2022-03-03T12:03:27","date_gmt":"2022-03-03T15:03:27","guid":{"rendered":"https:\/\/www.ufmg.br\/proex\/?page_id=4493"},"modified":"2022-03-03T12:07:49","modified_gmt":"2022-03-03T15:07:49","slug":"projeto-modelos-de-embriologia-icb-ufmg","status":"publish","type":"page","link":"https:\/\/www.ufmg.br\/proex\/projeto-modelos-de-embriologia-icb-ufmg\/","title":{"rendered":"Projeto Modelos de Embriologia"},"content":{"rendered":"<p>Est\u00e3o abertas, at\u00e9 8 de mar\u00e7o, as inscri\u00e7\u00f5es de candidatos a uma vaga de bolsa PBEXT para as atividades do projeto de extens\u00e3o <a href=\"https:\/\/sistemas.ufmg.br\/siex\/AuditarProjeto.do?id=79442\" target=\"_blank\" rel=\"noopener\">Modelos tridimensionais de Embriologia: uma produ\u00e7\u00e3o did\u00e1tica <\/a><a href=\"https:\/\/sistemas.ufmg.br\/siex\/AuditarProjeto.do?id=79442\" target=\"_blank\" rel=\"noopener\">da UFMG como instrumento de transforma\u00e7\u00e3o e impacto na forma\u00e7\u00e3o docente e discente por todo o pa\u00eds,<\/a> vinculado ao Departamento de Morfologia no Instituto de Ci\u00eancias Biol\u00f3gicas (ICB\/UFMG).<\/p>\n<p>O interessado de ser aluno regularmente matriculado nos cursos de gradua\u00e7\u00e3o da UFMG que possuam em seus curr\u00edculos disciplinas cursadas no ICB ou alunos da Escola de Belas Artes da Universidade que tenham atuado efetivamente neste projeto ou estagiado no Laborat\u00f3rio de Biologia Oral e do Desenvolvimento (LADE) no ano de 2021.<\/p>\n<p><strong>Inscri\u00e7\u00e3o<\/strong><br \/>\nA inscri\u00e7\u00e3o ser\u00e1 realizada por e-mail encaminhado \u00e0 professora Gerluza Aparecida Borges Silva (<a href=\"mailto:gerluzab@gmail.com\" target=\"_blank\" rel=\"noopener\">gerluzab@gmail.com<\/a>), com o assunto \u201cCandidato Bolsa PBEXT-2022&#8243;.<\/p>\n<p>No corpo do e-mail, o candidato deve informar o telefone celular, n\u00famero de whatsapp e o email institucional (xxxxxx @ufmg) para ser inserido na equipe TEAMS no dia da entrevista, que ocorrer\u00e1 por videoconfer\u00eancia.<\/p>\n<p>O interessado dever\u00e1 anexar os seguintes documentos:<br \/>\n&#8211; Carteira de Identidade e CPF;<br \/>\n&#8211; Hist\u00f3rico Escolar atualizado, incluindo o Rendimento Semestral Global;<br \/>\n&#8211; Grade curricular 2022\/1 para comprovar a exist\u00eancia de hor\u00e1rios livres conforme declarado na entrevista;<br \/>\n&#8211; Carta de inten\u00e7\u00e3o na qual o candidato exp\u00f5e as raz\u00f5es de seu interesse em participar como bolsista do projeto.<\/p>\n<p>As demais informa\u00e7\u00f5es sobre a oportunidade est\u00e3o no <a href=\"https:\/\/www.ufmg.br\/proex\/wp-content\/uploads\/2022\/03\/Edital-de-Selecao-Bolsistas-PBEXT-Profa-Gerluza-2022.pdf\" target=\"_blank\" rel=\"noopener\">Edital de Sele\u00e7\u00e3o.<\/a><\/p>\n<p>&nbsp;<\/p>\n","protected":false},"excerpt":{"rendered":"<p>Est\u00e3o abertas, at\u00e9 8 de mar\u00e7o, as inscri\u00e7\u00f5es de candidatos [&hellip;]<\/p>\n","protected":false},"author":2,"featured_media":0,"parent":0,"menu_order":0,"comment_status":"closed","ping_status":"closed","template":"","meta":[],"tags":[],"_links":{"self":[{"href":"https:\/\/www.ufmg.br\/proex\/wp-json\/wp\/v2\/pages\/4493"}],"collection":[{"href":"https:\/\/www.ufmg.br\/proex\/wp-json\/wp\/v2\/pages"}],"about":[{"href":"https:\/\/www.ufmg.br\/proex\/wp-json\/wp\/v2\/types\/page"}],"author":[{"embeddable":true,"href":"https:\/\/www.ufmg.br\/proex\/wp-json\/wp\/v2\/users\/2"}],"replies":[{"embeddable":true,"href":"https:\/\/www.ufmg.br\/proex\/wp-json\/wp\/v2\/comments?post=4493"}],"version-history":[{"count":10,"href":"https:\/\/www.ufmg.br\/proex\/wp-json\/wp\/v2\/pages\/4493\/revisions"}],"predecessor-version":[{"id":4505,"href":"https:\/\/www.ufmg.br\/proex\/wp-json\/wp\/v2\/pages\/4493\/revisions\/4505"}],"wp:attachment":[{"href":"https:\/\/www.ufmg.br\/proex\/wp-json\/wp\/v2\/media?parent=4493"}],"wp:term":[{"taxonomy":"post_tag","embeddable":true,"href":"https:\/\/www.ufmg.br\/proex\/wp-json\/wp\/v2\/tags?post=4493"}],"curies":[{"name":"wp","href":"https:\/\/api.w.org\/{rel}","templated":true}]}}