{"id":4528,"date":"2023-04-03T10:00:06","date_gmt":"2023-04-03T13:00:06","guid":{"rendered":"https:\/\/www.ufmg.br\/proex\/?page_id=4528"},"modified":"2024-10-29T11:48:02","modified_gmt":"2024-10-29T14:48:02","slug":"apex2","status":"publish","type":"page","link":"https:\/\/www.ufmg.br\/proex\/apex2\/","title":{"rendered":"APEX &#8211; Apoio \u00e0 Pol\u00edtica de Extens\u00e3o &#8211; resultado final"},"content":{"rendered":"<p>Edital <em>Apoio \u00e0 Pol\u00edtica de Extens\u00e3o (Bolsa APEX).<\/em><\/p>\n<p><a href=\"https:\/\/www.ufmg.br\/proex\/wp-content\/uploads\/2023\/03\/Ata-Resultado-Final-Edital-APEX-bolsistas-DDC-06_2023-final-Copia.pdf\" target=\"_blank\" rel=\"noopener\">Programa UFMG + Ci\u00eancia &amp; Tecnologia e Sociedade de Informa\u00e7\u00e3o em Territ\u00f3rios de Cidadania<\/a><\/p>\n<p><a href=\"https:\/\/www.ufmg.br\/proex\/wp-content\/uploads\/2023\/03\/Resultado-Final-Edital-apex-interfaces.pdf\" target=\"_blank\" rel=\"noopener\">Revista Interfaces<\/a><\/p>\n<p><a href=\"https:\/\/www.ufmg.br\/proex\/wp-content\/uploads\/2023\/04\/Resultado-final-APEX_comunicacao-2.pdf\" target=\"_blank\" rel=\"noopener\">Suporte de Comunica\u00e7\u00e3o da Proex<\/a><\/p>\n<p><a href=\"https:\/\/www.ufmg.br\/proex\/wp-content\/uploads\/2023\/03\/resultado-udh-apex-2023.pdf\" target=\"_blank\" rel=\"noopener\">Universidade dos Direitos Humanos (UDH)<\/a><\/p>\n<p><strong>Sobre o edital<\/strong><\/p>\n<p>A Pr\u00f3-reitoria de Extens\u00e3o divulgou a abertura de 13 vagas na modalidade Bolsa APEX.<\/p>\n<p>As inscri\u00e7\u00f5es encerraram no dia <strong>15 de mar\u00e7o de 2023.<\/strong><\/p>\n<p>S\u00e3o oportunidades para estudantes de diversos cursos de gradua\u00e7\u00e3o da UFMG, para as seguintes atividades da PROEX:<\/p>\n<p>&#8211; Programa UFMG + Ci\u00eancia &amp; Tecnologia e Sociedade de Informa\u00e7\u00e3o em Territ\u00f3rios de Cidadania &#8211; <strong>1 vaga (qualquer curso);<\/strong><\/p>\n<p>&#8211; Revista Interfaces &#8211; <strong>5 vagas (Letras e Design);<\/strong><\/p>\n<p>&#8211; Suporte de Comunica\u00e7\u00e3o da Proex &#8211; <strong>4 vagas (preferencialmente os cursos: Jornalismo; Publicidade e Propaganda; Rela\u00e7\u00f5es P\u00fablicas; Design; Cinema de Anima\u00e7\u00e3o e Artes Digitais; e Artes Visuais);<\/strong><\/p>\n<p>&#8211; Universidade dos Direitos Humanos (UDH) &#8211;<strong> 3 vagas<\/strong> <strong>(qualquer curso).<\/strong><\/p>\n<p>As atribui\u00e7\u00f5es dos (as) bolsistas est\u00e3o nos respectivos Planos de Trabalhos descritos no <a href=\"https:\/\/www.ufmg.br\/proex\/wp-content\/uploads\/2023\/03\/Edital-PROEX-no-06-2023-APEX-1.pdf\" target=\"_blank\" rel=\"noopener\">Edital 06\/2023<\/a>, onde os interessados encontram todas as informa\u00e7\u00f5es.<\/p>\n<p><strong>Inscri\u00e7\u00f5es<\/strong><\/p>\n<p>As inscri\u00e7\u00f5es s\u00e3o realizadas, exclusivamente, pelos e-mails das atividades (indicados tamb\u00e9m no edital), identificando no campo assunto: <em>Inscri\u00e7\u00e3o para Bolsa APEX<\/em>. Os (as) candidatos (as) devem enviar, em anexo, os seguintes documentos em PDF:<br \/>\n&#8211; Curriculum lattes;<br \/>\n&#8211; Texto (em uma lauda, com fonte Arial 12 e espa\u00e7amento entre linhas de 1,5) com uma exposi\u00e7\u00e3o dos motivos que levam o(a) estudante a pleitear sua participa\u00e7\u00e3o em uma das atividades.<\/p>\n<p>O processo de sele\u00e7\u00e3o constar\u00e1 de duas etapas: an\u00e1lise da documenta\u00e7\u00e3o e entrevista com os candidatos.<\/p>\n<p>&nbsp;<\/p>\n<p>&nbsp;<\/p>\n<p>&nbsp;<\/p>\n<p>&nbsp;<\/p>\n<p>&nbsp;<\/p>\n","protected":false},"excerpt":{"rendered":"<p>Edital Apoio \u00e0 Pol\u00edtica de Extens\u00e3o (Bolsa APEX). Programa UFMG [&hellip;]<\/p>\n","protected":false},"author":2,"featured_media":0,"parent":0,"menu_order":0,"comment_status":"closed","ping_status":"closed","template":"","meta":[],"tags":[51,519,243],"_links":{"self":[{"href":"https:\/\/www.ufmg.br\/proex\/wp-json\/wp\/v2\/pages\/4528"}],"collection":[{"href":"https:\/\/www.ufmg.br\/proex\/wp-json\/wp\/v2\/pages"}],"about":[{"href":"https:\/\/www.ufmg.br\/proex\/wp-json\/wp\/v2\/types\/page"}],"author":[{"embeddable":true,"href":"https:\/\/www.ufmg.br\/proex\/wp-json\/wp\/v2\/users\/2"}],"replies":[{"embeddable":true,"href":"https:\/\/www.ufmg.br\/proex\/wp-json\/wp\/v2\/comments?post=4528"}],"version-history":[{"count":71,"href":"https:\/\/www.ufmg.br\/proex\/wp-json\/wp\/v2\/pages\/4528\/revisions"}],"predecessor-version":[{"id":7977,"href":"https:\/\/www.ufmg.br\/proex\/wp-json\/wp\/v2\/pages\/4528\/revisions\/7977"}],"wp:attachment":[{"href":"https:\/\/www.ufmg.br\/proex\/wp-json\/wp\/v2\/media?parent=4528"}],"wp:term":[{"taxonomy":"post_tag","embeddable":true,"href":"https:\/\/www.ufmg.br\/proex\/wp-json\/wp\/v2\/tags?post=4528"}],"curies":[{"name":"wp","href":"https:\/\/api.w.org\/{rel}","templated":true}]}}