{"id":4587,"date":"2022-03-18T09:25:43","date_gmt":"2022-03-18T12:25:43","guid":{"rendered":"https:\/\/www.ufmg.br\/proex\/?page_id=4587"},"modified":"2022-03-18T09:32:21","modified_gmt":"2022-03-18T12:32:21","slug":"programa-seguranca-do-paciente-cirurgias-seguras-salvam-vidas","status":"publish","type":"page","link":"https:\/\/www.ufmg.br\/proex\/programa-seguranca-do-paciente-cirurgias-seguras-salvam-vidas\/","title":{"rendered":"Programa Seguran\u00e7a do Paciente: Cirurgias Seguras Salvam Vidas"},"content":{"rendered":"<p>Est\u00e3o abertas, at\u00e9 24 de mar\u00e7o, as inscri\u00e7\u00f5es para exame de sele\u00e7\u00e3o de bolsista (uma vaga) para o <em>Programa Seguran\u00e7a do Paciente: Cirurgias Seguras Salvam Vidas, <\/em>da Escola de Enfermagem da UFMG.<\/p>\n<p><strong>Requisitos<\/strong><br \/>\n&#8211; Alunos matriculados no curso de Enfermagem (UFMG) \u2013 entre o primeiro e quinto per\u00edodo.<br \/>\n&#8211; Dom\u00ednio de inform\u00e1tica, Excel desej\u00e1vel, habilidades em planilhas.<br \/>\n&#8211; Dom\u00ednio de ingl\u00eas (leitura).<br \/>\n&#8211; Disponibilidade de hor\u00e1rio no per\u00edodo da tarde.<br \/>\n&#8211; Endere\u00e7o do Curr\u00edculo Lattes.<\/p>\n<p>Os interessados devem enviar documentos para o e-mail: <a href=\"mailto:bussolottin@gmail.com\" target=\"_blank\" rel=\"noopener\">bussolottin@gmail.com<\/a><\/p>\n<p><strong>Sele\u00e7\u00e3o<\/strong><br \/>\nDia 25 de mar\u00e7o &#8211; 15:00 horas \u2013 em link a ser enviado posteriormente.<\/p>\n<p><a href=\"http:\/\/www.enf.ufmg.br\/index.php\/editais\/2944-selecao-de-bolsista-para-o-projeto-programa-seguranca-do-paciente-cirurgias-seguras-salvam-vidas-1\/file\" target=\"_blank\" rel=\"noopener\">Edital de Sele\u00e7\u00e3o<\/a><\/p>\n","protected":false},"excerpt":{"rendered":"<p>Est\u00e3o abertas, at\u00e9 24 de mar\u00e7o, as inscri\u00e7\u00f5es para exame [&hellip;]<\/p>\n","protected":false},"author":2,"featured_media":0,"parent":0,"menu_order":0,"comment_status":"closed","ping_status":"closed","template":"","meta":[],"tags":[109],"_links":{"self":[{"href":"https:\/\/www.ufmg.br\/proex\/wp-json\/wp\/v2\/pages\/4587"}],"collection":[{"href":"https:\/\/www.ufmg.br\/proex\/wp-json\/wp\/v2\/pages"}],"about":[{"href":"https:\/\/www.ufmg.br\/proex\/wp-json\/wp\/v2\/types\/page"}],"author":[{"embeddable":true,"href":"https:\/\/www.ufmg.br\/proex\/wp-json\/wp\/v2\/users\/2"}],"replies":[{"embeddable":true,"href":"https:\/\/www.ufmg.br\/proex\/wp-json\/wp\/v2\/comments?post=4587"}],"version-history":[{"count":3,"href":"https:\/\/www.ufmg.br\/proex\/wp-json\/wp\/v2\/pages\/4587\/revisions"}],"predecessor-version":[{"id":4592,"href":"https:\/\/www.ufmg.br\/proex\/wp-json\/wp\/v2\/pages\/4587\/revisions\/4592"}],"wp:attachment":[{"href":"https:\/\/www.ufmg.br\/proex\/wp-json\/wp\/v2\/media?parent=4587"}],"wp:term":[{"taxonomy":"post_tag","embeddable":true,"href":"https:\/\/www.ufmg.br\/proex\/wp-json\/wp\/v2\/tags?post=4587"}],"curies":[{"name":"wp","href":"https:\/\/api.w.org\/{rel}","templated":true}]}}