{"id":4606,"date":"2022-03-22T15:05:45","date_gmt":"2022-03-22T18:05:45","guid":{"rendered":"https:\/\/www.ufmg.br\/proex\/?page_id=4606"},"modified":"2022-03-22T15:09:22","modified_gmt":"2022-03-22T18:09:22","slug":"ars-nova-coral-da-ufmg","status":"publish","type":"page","link":"https:\/\/www.ufmg.br\/proex\/ars-nova-coral-da-ufmg\/","title":{"rendered":"Ars Nova &#8211; Coral da UFMG"},"content":{"rendered":"<p>O Ars Nova &#8211; Coral da UFMG reabriu as inscri\u00e7\u00f5es para o processo seletivo de bolsistas de extens\u00e3o, por meio do<a href=\"https:\/\/musica.ufmg.br\/wp-content\/uploads\/2022\/03\/EDITAL-DE-SELECAO-PARA-BOLSISTA-DE-EXTENSAO-PARA-O-ARS-NOVA-%E2%80%93-CORAL-DA-UFMG.pdf\" target=\"_blank\" rel=\"noopener\"> Edital 434\/2022\/MUSICA-SECCEX-UFMG<\/a>.<\/p>\n<p>S\u00e3o oferecidas duas vagas para bolsistas de Produ\u00e7\u00e3o Cultural destinadas estudantes de quaisquer cursos de gradua\u00e7\u00e3o da UFMG.<\/p>\n<p>As inscri\u00e7\u00f5es ser\u00e3o feitas exclusivamente por e-mail no per\u00edodo de 14\/03 \u00e0 28\/03.<\/p>\n<p>Para realizar inscri\u00e7\u00e3o, o candidato deve enviar\u00a0 curr\u00edculo e carta de inten\u00e7\u00f5es para o e-mail: <a href=\"mailto:arsnovaprodutor@gmail.com\" target=\"_blank\" rel=\"noopener\">arsnovaprodutor@gmail.com<\/a><\/p>\n<p>As entrevistas acontecer\u00e3o no dia 30\/03, das 14h \u00e0s 17h, atrav\u00e9s da plataforma Google Meet.<\/p>\n<p>O resultado ser\u00e1 publicado no dia 31\/03, nas redes sociais do Ars Nova.<\/p>\n<p>&nbsp;<\/p>\n<p>&nbsp;<\/p>\n","protected":false},"excerpt":{"rendered":"<p>O Ars Nova &#8211; Coral da UFMG reabriu as inscri\u00e7\u00f5es [&hellip;]<\/p>\n","protected":false},"author":2,"featured_media":0,"parent":0,"menu_order":0,"comment_status":"closed","ping_status":"closed","template":"","meta":[],"tags":[],"_links":{"self":[{"href":"https:\/\/www.ufmg.br\/proex\/wp-json\/wp\/v2\/pages\/4606"}],"collection":[{"href":"https:\/\/www.ufmg.br\/proex\/wp-json\/wp\/v2\/pages"}],"about":[{"href":"https:\/\/www.ufmg.br\/proex\/wp-json\/wp\/v2\/types\/page"}],"author":[{"embeddable":true,"href":"https:\/\/www.ufmg.br\/proex\/wp-json\/wp\/v2\/users\/2"}],"replies":[{"embeddable":true,"href":"https:\/\/www.ufmg.br\/proex\/wp-json\/wp\/v2\/comments?post=4606"}],"version-history":[{"count":3,"href":"https:\/\/www.ufmg.br\/proex\/wp-json\/wp\/v2\/pages\/4606\/revisions"}],"predecessor-version":[{"id":4610,"href":"https:\/\/www.ufmg.br\/proex\/wp-json\/wp\/v2\/pages\/4606\/revisions\/4610"}],"wp:attachment":[{"href":"https:\/\/www.ufmg.br\/proex\/wp-json\/wp\/v2\/media?parent=4606"}],"wp:term":[{"taxonomy":"post_tag","embeddable":true,"href":"https:\/\/www.ufmg.br\/proex\/wp-json\/wp\/v2\/tags?post=4606"}],"curies":[{"name":"wp","href":"https:\/\/api.w.org\/{rel}","templated":true}]}}