{"id":4634,"date":"2026-02-23T15:04:19","date_gmt":"2026-02-23T18:04:19","guid":{"rendered":"https:\/\/www.ufmg.br\/proex\/?page_id=4634"},"modified":"2026-03-02T16:25:19","modified_gmt":"2026-03-02T19:25:19","slug":"procultcomunicacao","status":"publish","type":"page","link":"https:\/\/www.ufmg.br\/proex\/procultcomunicacao\/","title":{"rendered":"Pr\u00f3-reitoria de Cultura (Procult)"},"content":{"rendered":"<p>Est\u00e3o abertas, <strong>de 23 de fevereiro a 9 de mar\u00e7o de 2026<\/strong>, as inscri\u00e7\u00f5es de candidatos(as) ao processo de sele\u00e7\u00e3o para preenchimento de 1 (uma) vaga de bolsa de extens\u00e3o para atuar na Assessoria de Comunica\u00e7\u00e3o da Pr\u00f3-reitoria de Cultura da UFMG (Procult).<\/p>\n<p><strong>Cria\u00e7\u00e3o gr\u00e1fica<\/strong>: 1 (um) estudante, a partir do 4\u00ba per\u00edodo dos cursos de Artes Visuais, Comunica\u00e7\u00e3o Social (habilita\u00e7\u00e3o em Publicidade e Propaganda) ou Design, preferencialmente, ou outro curso das \u00e1reas de Artes e Comunica\u00e7\u00e3o, com habilidade para cria\u00e7\u00e3o gr\u00e1fica e dom\u00ednio dos programas do pacote Adobe.<\/p>\n<p>O candidato deve ser aluno(a) regularmente matriculado(a) em curso de Gradua\u00e7\u00e3o da UFMG e\u00a0<strong>ser assistido(a) pela FUMP nos n\u00edveis I, II ou III<\/strong>\u00a0e\/ou ter\u00a0<strong>ingressado na UFMG pelo sistema de b\u00f4nus ou cotas<\/strong>.<\/p>\n<p><strong>Como se inscrever<\/strong><\/p>\n<p>A inscri\u00e7\u00e3o ser\u00e1 realizada mediante o envio para o e-mail <a href=\"mailto:comunicacao@procult.ufmg.br\" target=\"_blank\" rel=\"noopener\">comunicacao@procult.ufmg.br<\/a>, dos seguintes documentos:<\/p>\n<p>\u2013 Curriculum vitae (em que conste telefone e e-mail de contato);<br \/>\n\u2013 Comprovante de matr\u00edcula (2026\/1);<br \/>\n\u2013 Portf\u00f3lio (se houver);<br \/>\n\u2013 Comprovante de classifica\u00e7\u00e3o socioecon\u00f4mica no n\u00edvel I, II ou III emitido pela<br \/>\nFunda\u00e7\u00e3o Universit\u00e1ria Mendes Pimentel (FUMP) ou documento que comprove o ingresso na UFMG pelo sistema de b\u00f4nus ou cotas.<\/p>\n<p>Informa\u00e7\u00f5es completas est\u00e3o na <a href=\"https:\/\/www.ufmg.br\/procult\/wp-content\/uploads\/2026\/02\/Chamada-de-Selecao-Procult-001.2026-Comunicacao.pdf\" target=\"_blank\" rel=\"noopener\">Chamada de Sele\u00e7\u00e3o Procult 001\/2026<\/a>.<\/p>\n<p>&nbsp;<\/p>\n<p>&nbsp;<\/p>\n","protected":false},"excerpt":{"rendered":"<p>Est\u00e3o abertas, de 23 de fevereiro a 9 de mar\u00e7o [&hellip;]<\/p>\n","protected":false},"author":2,"featured_media":0,"parent":0,"menu_order":0,"comment_status":"closed","ping_status":"closed","template":"","meta":[],"tags":[23,109],"_links":{"self":[{"href":"https:\/\/www.ufmg.br\/proex\/wp-json\/wp\/v2\/pages\/4634"}],"collection":[{"href":"https:\/\/www.ufmg.br\/proex\/wp-json\/wp\/v2\/pages"}],"about":[{"href":"https:\/\/www.ufmg.br\/proex\/wp-json\/wp\/v2\/types\/page"}],"author":[{"embeddable":true,"href":"https:\/\/www.ufmg.br\/proex\/wp-json\/wp\/v2\/users\/2"}],"replies":[{"embeddable":true,"href":"https:\/\/www.ufmg.br\/proex\/wp-json\/wp\/v2\/comments?post=4634"}],"version-history":[{"count":24,"href":"https:\/\/www.ufmg.br\/proex\/wp-json\/wp\/v2\/pages\/4634\/revisions"}],"predecessor-version":[{"id":17193,"href":"https:\/\/www.ufmg.br\/proex\/wp-json\/wp\/v2\/pages\/4634\/revisions\/17193"}],"wp:attachment":[{"href":"https:\/\/www.ufmg.br\/proex\/wp-json\/wp\/v2\/media?parent=4634"}],"wp:term":[{"taxonomy":"post_tag","embeddable":true,"href":"https:\/\/www.ufmg.br\/proex\/wp-json\/wp\/v2\/tags?post=4634"}],"curies":[{"name":"wp","href":"https:\/\/api.w.org\/{rel}","templated":true}]}}