{"id":4825,"date":"2024-08-09T15:00:28","date_gmt":"2024-08-09T18:00:28","guid":{"rendered":"https:\/\/www.ufmg.br\/proex\/?page_id=4825"},"modified":"2026-02-27T15:57:13","modified_gmt":"2026-02-27T18:57:13","slug":"apex-assessoriadecomunicacao","status":"publish","type":"page","link":"https:\/\/www.ufmg.br\/proex\/apex-assessoriadecomunicacao\/","title":{"rendered":"Assessoria de Comunica\u00e7\u00e3o da PROEX &#8211; resultado final"},"content":{"rendered":"<p><a href=\"https:\/\/www.ufmg.br\/proex\/wp-content\/uploads\/2026\/02\/Resultado-final-APEX_comunicacao_edital-04-2025.pdf\" target=\"_blank\" rel=\"noopener\">Resultado final (27\/02\/2026)<\/a><br \/>\n<a href=\"https:\/\/www.ufmg.br\/proex\/wp-content\/uploads\/2026\/02\/Resultado-1a-etapa.pdf\" target=\"_blank\" rel=\"noopener\">Resultado 1\u00aa etapa (23\/02\/2026)<\/a><\/p>\n<p>Est\u00e3o abertas, <strong>at\u00e9 20 de fevereiro de 2026 (inscri\u00e7\u00f5es encerradas)<\/strong>, as inscri\u00e7\u00f5es para bolsa (uma vaga e cadastro de reserva) na Assessoria de Comunica\u00e7\u00e3o da Proex, no \u00e2mbito do projeto <em>Suporte de Comunica\u00e7\u00e3o da Pr\u00f3-reitoria de Extens\u00e3o<\/em>.<\/p>\n<p>A oportunidade se destina preferencialmente a estudantes de gradua\u00e7\u00e3o da UFMG dos cursos de Publicidade e Propaganda, Jornalismo, Rela\u00e7\u00f5es P\u00fablicas, Design, Artes Visuais, Cinema de Anima\u00e7\u00e3o e Artes Digitais.<\/p>\n<p>Entre as atribui\u00e7\u00f5es do (a) bolsista est\u00e1 a gest\u00e3o de perfis de redes sociais e a elabora\u00e7\u00e3o de conte\u00fado para a divulga\u00e7\u00e3o das atividades de extens\u00e3o entre a comunidade interna e externa da Universidade. \u00c9 necess\u00e1rio que o (a) estudante se dedica 20 horas por semana \u00e0s atividades (modalidade presencial).<\/p>\n<p><strong>Valor da bolsa<\/strong>: 700,00\/mensal<br \/>\n<strong>Vig\u00eancia<\/strong>: mar\u00e7o de 2026 a fevereiro de 2027<\/p>\n<p><strong>Inscri\u00e7\u00e3o<br \/>\n<\/strong>Os (as) interessados (as) devem enviar para o e-mail <a href=\"mailto:comunica@proex.ufmg.br\" target=\"_blank\" rel=\"noopener\">comunica@proex.ufmg.br<\/a> os seguintes documentos (em anexo e digitalizados, identificando-se no campo assunto: Inscri\u00e7\u00e3o para Bolsa APEX 04\/2025 (Edital Refer\u00eancia):<br \/>\n&#8211; Curriculum Vitae em PDF;<br \/>\n&#8211; Texto contendo exposi\u00e7\u00e3o dos motivos que levam o (a) aluno (a) a pleitear a participa\u00e7\u00e3o no projeto (uma lauda, com fonte Arial 12 e espa\u00e7amento entre linhas de 1,5); e<br \/>\n&#8211; Comprovante de matr\u00edcula (dispon\u00edvel no Siga Minha UFMG).<\/p>\n<p><b>Etapas<br \/>\n<\/b>O processo seletivo consistir\u00e1 em duas etapas: an\u00e1lise da documenta\u00e7\u00e3o enviada e entrevista on-line, a ser comunicada\/agendada por e-mail (e-mail usado pelo (a) candidato (a) na inscri\u00e7\u00e3o).<\/p>\n<p>As informa\u00e7\u00f5es completas est\u00e3o no <a href=\"https:\/\/www.ufmg.br\/proex\/wp-content\/uploads\/2026\/02\/Edital-PROEX-APEX-04-2025_comunicacao.pdf\" target=\"_blank\" rel=\"noopener\">edital 04\/2025.<\/a><\/p>\n<p>&nbsp;<\/p>\n<p>&nbsp;<\/p>\n","protected":false},"excerpt":{"rendered":"<p>Resultado final (27\/02\/2026) Resultado 1\u00aa etapa (23\/02\/2026) Est\u00e3o abertas, at\u00e9 [&hellip;]<\/p>\n","protected":false},"author":2,"featured_media":0,"parent":0,"menu_order":0,"comment_status":"closed","ping_status":"closed","template":"","meta":[],"tags":[827,191,79,23],"_links":{"self":[{"href":"https:\/\/www.ufmg.br\/proex\/wp-json\/wp\/v2\/pages\/4825"}],"collection":[{"href":"https:\/\/www.ufmg.br\/proex\/wp-json\/wp\/v2\/pages"}],"about":[{"href":"https:\/\/www.ufmg.br\/proex\/wp-json\/wp\/v2\/types\/page"}],"author":[{"embeddable":true,"href":"https:\/\/www.ufmg.br\/proex\/wp-json\/wp\/v2\/users\/2"}],"replies":[{"embeddable":true,"href":"https:\/\/www.ufmg.br\/proex\/wp-json\/wp\/v2\/comments?post=4825"}],"version-history":[{"count":90,"href":"https:\/\/www.ufmg.br\/proex\/wp-json\/wp\/v2\/pages\/4825\/revisions"}],"predecessor-version":[{"id":17187,"href":"https:\/\/www.ufmg.br\/proex\/wp-json\/wp\/v2\/pages\/4825\/revisions\/17187"}],"wp:attachment":[{"href":"https:\/\/www.ufmg.br\/proex\/wp-json\/wp\/v2\/media?parent=4825"}],"wp:term":[{"taxonomy":"post_tag","embeddable":true,"href":"https:\/\/www.ufmg.br\/proex\/wp-json\/wp\/v2\/tags?post=4825"}],"curies":[{"name":"wp","href":"https:\/\/api.w.org\/{rel}","templated":true}]}}