{"id":4839,"date":"2022-04-12T13:27:25","date_gmt":"2022-04-12T16:27:25","guid":{"rendered":"https:\/\/www.ufmg.br\/proex\/?page_id=4839"},"modified":"2022-04-17T07:54:50","modified_gmt":"2022-04-17T10:54:50","slug":"projeto-gestao-de-riscos-da-rede-de-museus","status":"publish","type":"page","link":"https:\/\/www.ufmg.br\/proex\/projeto-gestao-de-riscos-da-rede-de-museus\/","title":{"rendered":"Projeto &#8216;Gest\u00e3o de Riscos&#8217; da Rede de Museus"},"content":{"rendered":"<p>Abertas, at\u00e9 17\/04, as inscri\u00e7\u00f5es para a sele\u00e7\u00e3o de bolsista para o projeto &#8216;Diagn\u00f3stico e Planejamento Estrat\u00e9gico para o Aprimoramento da Gest\u00e3o de Riscos em Espa\u00e7os da Rede de Museus e Espa\u00e7os de Ci\u00eancias e Cultura da UFMG&#8217;.<\/p>\n<p>Poder\u00e3o se inscrever estudantes de gradua\u00e7\u00e3o da UFMG dos cursos de gradua\u00e7\u00e3o em Conserva\u00e7\u00e3o-Restaura\u00e7\u00e3o de Bens Culturais, Museologia ou Arquitetura, que tenham sido aprovados em disciplinas, do 4\u00ba. Per\u00edodo, e que dominem no\u00e7\u00f5es b\u00e1sicas de gest\u00e3o de riscos ao patrim\u00f4nio cultural.<\/p>\n<p>S\u00e3o oferecidas tr\u00eas \u00a0vagas \u2013 01 (uma) vaga para cada curso, na modalidade de ampla concorr\u00eancia.<\/p>\n<p><strong>Inscri\u00e7\u00e3o<br \/>\n<\/strong>Para realizar a inscri\u00e7\u00e3o, o candidato dever\u00e1 enviar e-mail para <a href=\"mailto:rededemuseus@ufmg.br\" target=\"_blank\" rel=\"noopener\">rededemuseus@ufmg.br<\/a>, com t\u00edtulo &#8220;Bolsa para o projeto Gest\u00e3o de Riscos&#8221;, e anexar:<br \/>\n&#8211; Arquivo em PDF contendo o hist\u00f3rico escolar da Gradua\u00e7\u00e3o e o Rendimento Semestral Global dos<br \/>\nper\u00edodos j\u00e1 cursados<br \/>\n&#8211; Arquivo em PDF contendo Carta de Inten\u00e7\u00f5es do candidato (apresenta\u00e7\u00e3o do perfil e descri\u00e7\u00e3o do<br \/>\nmotivo pelo qual deseja ser bolsista do Programa).<\/p>\n<p>As demais informa\u00e7\u00f5es devem ser consultadas no <a href=\"https:\/\/www.ufmg.br\/proex\/wp-content\/uploads\/2022\/04\/Edital-de-selecao-de-bolsistas-projeto-Gestao-de-Riscos.pdf\" target=\"_blank\" rel=\"noopener\">Edital 02\/0222.<\/a><\/p>\n<p>&nbsp;<\/p>\n<p>&nbsp;<\/p>\n<p>&nbsp;<\/p>\n<p>&nbsp;<\/p>\n","protected":false},"excerpt":{"rendered":"<p>Abertas, at\u00e9 17\/04, as inscri\u00e7\u00f5es para a sele\u00e7\u00e3o de bolsista [&hellip;]<\/p>\n","protected":false},"author":2,"featured_media":0,"parent":0,"menu_order":0,"comment_status":"closed","ping_status":"closed","template":"","meta":[],"tags":[],"_links":{"self":[{"href":"https:\/\/www.ufmg.br\/proex\/wp-json\/wp\/v2\/pages\/4839"}],"collection":[{"href":"https:\/\/www.ufmg.br\/proex\/wp-json\/wp\/v2\/pages"}],"about":[{"href":"https:\/\/www.ufmg.br\/proex\/wp-json\/wp\/v2\/types\/page"}],"author":[{"embeddable":true,"href":"https:\/\/www.ufmg.br\/proex\/wp-json\/wp\/v2\/users\/2"}],"replies":[{"embeddable":true,"href":"https:\/\/www.ufmg.br\/proex\/wp-json\/wp\/v2\/comments?post=4839"}],"version-history":[{"count":5,"href":"https:\/\/www.ufmg.br\/proex\/wp-json\/wp\/v2\/pages\/4839\/revisions"}],"predecessor-version":[{"id":4883,"href":"https:\/\/www.ufmg.br\/proex\/wp-json\/wp\/v2\/pages\/4839\/revisions\/4883"}],"wp:attachment":[{"href":"https:\/\/www.ufmg.br\/proex\/wp-json\/wp\/v2\/media?parent=4839"}],"wp:term":[{"taxonomy":"post_tag","embeddable":true,"href":"https:\/\/www.ufmg.br\/proex\/wp-json\/wp\/v2\/tags?post=4839"}],"curies":[{"name":"wp","href":"https:\/\/api.w.org\/{rel}","templated":true}]}}