{"id":4855,"date":"2023-04-10T09:23:56","date_gmt":"2023-04-10T12:23:56","guid":{"rendered":"https:\/\/www.ufmg.br\/proex\/?page_id=4855"},"modified":"2023-04-14T14:54:56","modified_gmt":"2023-04-14T17:54:56","slug":"programa-catas-altas","status":"publish","type":"page","link":"https:\/\/www.ufmg.br\/proex\/programa-catas-altas\/","title":{"rendered":"Programa Catas Altas"},"content":{"rendered":"<p>Participe do programa de extens\u00e3o Catas Altas, vinculado ao Departamento de Sa\u00fade Mental da Faculdade de Medicina da UFMG.<\/p>\n<p>Os interessados devem ser inscrever por meio de <a href=\"https:\/\/docs.google.com\/forms\/d\/e\/1FAIpQLSfHAsjnZqbJg1O2Ikiua93hSv4ctTdPe99bCboNekz1F7oo8Q\/viewform\" target=\"_blank\" rel=\"noopener\">formul\u00e1rio eletr\u00f4nico <\/a><strong>at\u00e9 21 de abril de 2023 (o prazo foi encerrado antecipadamente ao alcan\u00e7ar o limite de inscri\u00e7\u00f5es).<\/strong><\/p>\n<p>S\u00e3o disponibilizadas 20 vagas para estudantes de gradua\u00e7\u00e3o de institui\u00e7\u00f5es de ensino superior cadastradas no Minist\u00e9rio da Educa\u00e7\u00e3o (MEC) de quaisquer per\u00edodos, sendo que pelo menos cinco vagas ser\u00e3o destinadas, exclusivamente, a alunos da UFMG que ingressaram na institui\u00e7\u00e3o por meio do sistema de cotas (social, racial ou PCD).<\/p>\n<p>O programa de extens\u00e3o, de car\u00e1ter multidisciplinar, tem por objetivo promover a sa\u00fade e qualidade de vida da popula\u00e7\u00e3o de Minas Gerais por meio das pr\u00e1ticas da Medicina do Estilo de Vida (MEV).<\/p>\n<p>O extensionista ter\u00e1 a oportunidade de participar de um projeto pioneiro no Brasil e receber um treinamento exclusivo pouco dispon\u00edvel para profissionais brasileiros.<\/p>\n<p>Os (as) candidatos (as) devem consultar as demais informa\u00e7\u00f5es no <a href=\"https:\/\/docs.google.com\/document\/d\/1Z2A9Wd9_HTNvOtGyIHYQcytOfTojJ1bPDIEe5W7ELFo\/edit\" target=\"_blank\" rel=\"noopener\">edital do processo seletivo.<\/a><\/p>\n<p><a href=\"https:\/\/projetocatasaltas.medicina.ufmg.br\" target=\"_blank\" rel=\"noopener\">Site <\/a>e <a href=\"https:\/\/www.instagram.com\/projetocatasaltas\/\" target=\"_blank\" rel=\"noopener\">redes sociais<\/a> do programa.<\/p>\n<p>&nbsp;<\/p>\n<p>&nbsp;<\/p>\n<p>&nbsp;<\/p>\n<p>&nbsp;<\/p>\n<p>&nbsp;<\/p>\n","protected":false},"excerpt":{"rendered":"<p>Participe do programa de extens\u00e3o Catas Altas, vinculado ao Departamento [&hellip;]<\/p>\n","protected":false},"author":2,"featured_media":0,"parent":0,"menu_order":0,"comment_status":"closed","ping_status":"closed","template":"","meta":[],"tags":[191,23],"_links":{"self":[{"href":"https:\/\/www.ufmg.br\/proex\/wp-json\/wp\/v2\/pages\/4855"}],"collection":[{"href":"https:\/\/www.ufmg.br\/proex\/wp-json\/wp\/v2\/pages"}],"about":[{"href":"https:\/\/www.ufmg.br\/proex\/wp-json\/wp\/v2\/types\/page"}],"author":[{"embeddable":true,"href":"https:\/\/www.ufmg.br\/proex\/wp-json\/wp\/v2\/users\/2"}],"replies":[{"embeddable":true,"href":"https:\/\/www.ufmg.br\/proex\/wp-json\/wp\/v2\/comments?post=4855"}],"version-history":[{"count":27,"href":"https:\/\/www.ufmg.br\/proex\/wp-json\/wp\/v2\/pages\/4855\/revisions"}],"predecessor-version":[{"id":8081,"href":"https:\/\/www.ufmg.br\/proex\/wp-json\/wp\/v2\/pages\/4855\/revisions\/8081"}],"wp:attachment":[{"href":"https:\/\/www.ufmg.br\/proex\/wp-json\/wp\/v2\/media?parent=4855"}],"wp:term":[{"taxonomy":"post_tag","embeddable":true,"href":"https:\/\/www.ufmg.br\/proex\/wp-json\/wp\/v2\/tags?post=4855"}],"curies":[{"name":"wp","href":"https:\/\/api.w.org\/{rel}","templated":true}]}}