{"id":4892,"date":"2022-04-20T10:43:18","date_gmt":"2022-04-20T13:43:18","guid":{"rendered":"https:\/\/www.ufmg.br\/proex\/?page_id=4892"},"modified":"2026-03-27T18:17:33","modified_gmt":"2026-03-27T21:17:33","slug":"portarias","status":"publish","type":"page","link":"https:\/\/www.ufmg.br\/proex\/portarias\/","title":{"rendered":"Portarias"},"content":{"rendered":"<p><a href=\"https:\/\/www.ufmg.br\/proex\/wp-content\/uploads\/2026\/03\/SEI_5059835_Portaria_2904-OASP.pdf\" target=\"_blank\" rel=\"noopener\">Portaria n\u00ba 2904, de 26 de mar\u00e7o de 2026<\/a> \u2013 Designa os membros do Conselho Diretor do Observat\u00f3rio Astron\u00f4mico Frei Ros\u00e1rio (OASP\/UFMG)<\/p>\n<p><a href=\"https:\/\/www.ufmg.br\/proex\/wp-content\/uploads\/2025\/11\/SEI_4708796_Portaria_11114.pdf\" target=\"_blank\" rel=\"noopener\">Portaria n\u00ba 11114, de 05 de novembro de 2025<\/a> \u2013 <span class=\"cf0\">Designa servidores para comporem a Comiss\u00e3o Interna do <\/span><span class=\"cf0\">Plano Anual de Desenvolvimento dos Servidores <\/span><span class=\"cf0\">T\u00e9cnico-Administrativos<\/span><span class=\"cf0\"> em Educa\u00e7\u00e3o da <\/span><span class=\"cf0\">Pr\u00f3-reitoria<\/span><span class=\"cf0\"> de Extens\u00e3o<\/span><\/p>\n<p><strong><!--EndFragment --><\/strong><\/p>\n<p><a href=\"https:\/\/www.ufmg.br\/proex\/wp-content\/uploads\/2025\/07\/SEI_4334457_Portaria_6412.pdf\" target=\"_blank\" rel=\"noopener\">Portaria n\u00ba 6412, de 30 de junho de 2025<\/a> \u2013 Designa membro do N\u00facleo de Apoio Acad\u00eamico da Esta\u00e7\u00e3o Ecol\u00f3gica da UFMG<\/p>\n<p><a href=\"https:\/\/www.ufmg.br\/proex\/wp-content\/uploads\/2025\/07\/SEI_4334454_Portaria_6411.pdf\" target=\"_blank\" rel=\"noopener\">Portaria n\u00ba 6411, de 30 de junho de 2025<\/a> \u2013 Designa servidor para exercer fun\u00e7\u00e3o de gerente administrativo da Esta\u00e7\u00e3o Ecol\u00f3gica da UFMG<\/p>\n<p><a href=\"https:\/\/www.ufmg.br\/proex\/wp-content\/uploads\/2025\/10\/SEI_UFMG-4266640-Portaria-Nomeacao-COMDICI-03_jun_2025.pdf\" target=\"_blank\" rel=\"noopener\">Portaria n\u00ba 5351, de 03 de junho de 2025<\/a> \u2013\u00a0 Designa os integrantes do Comit\u00ea para Discuss\u00e3o e Monitoramento da Pol\u00edtica de Divulga\u00e7\u00e3o Cient\u00edfica (COMDICI)<\/p>\n<p><a href=\"https:\/\/www.ufmg.br\/proex\/wp-content\/uploads\/2025\/04\/SEI_4128817_Portaria_3188.pdf\" target=\"_blank\" rel=\"noopener\">Portaria n\u00ba 3188, de 11 de abril de 2025<\/a> \u2013 Designa novo membro do Conselho Diretor da Esta\u00e7\u00e3o Ecol\u00f3gica da UFMG<\/p>\n<p><a href=\"https:\/\/www.ufmg.br\/proex\/wp-content\/uploads\/2025\/03\/SEI_4068641_Portaria_2391.pdf\" target=\"_blank\" rel=\"noopener\">Portaria n\u00ba 2391, de 24 de mar\u00e7o de 2025<\/a> \u2013 Designa os servidores para comporem a Comiss\u00e3o de Mapeamento de Processos da Proex<\/p>\n<p><a href=\"https:\/\/www.ufmg.br\/proex\/wp-content\/uploads\/2025\/03\/SEI_4042651_Portaria_2067.pdf\" target=\"_blank\" rel=\"noopener\">Portaria n\u00ba 2067, de 14 de mar\u00e7o de 2025<\/a> \u2013 Designa os servidores para comporem a Comiss\u00e3o de Avalia\u00e7\u00e3o da Extens\u00e3o<\/p>\n<p><a href=\"https:\/\/www.ufmg.br\/proex\/wp-content\/uploads\/2025\/02\/SEI_3983884_Portaria_1413.pdf\" target=\"_blank\" rel=\"noopener\">Portaria n\u00ba 1413, de 19 de fevereiro de 2025<\/a> \u2013 Designa servidores para comporem a comiss\u00e3o da IV Jornada de Museus Universit\u00e1rios<\/p>\n<p><a href=\"https:\/\/www.ufmg.br\/proex\/wp-content\/uploads\/2025\/02\/SEI_3946797_Portaria_1019.pdf\" target=\"_blank\" rel=\"noopener\">Portaria n\u00ba 1019, de 06 de fevereiro de 2025<\/a> \u2013 Remo\u00e7\u00e3o interna na Pr\u00f3-Reitoria de Extens\u00e3o<\/p>\n<p><a href=\"https:\/\/www.ufmg.br\/proex\/wp-content\/uploads\/2025\/02\/SEI_3943817_Portaria_971.pdf\" target=\"_blank\" rel=\"noopener\">Portaria n\u00ba 971, de 05 de fevereiro de 2025<\/a> \u2013 Remo\u00e7\u00e3o interna na Pr\u00f3-Reitoria de Extens\u00e3o<\/p>\n<p><a href=\"https:\/\/www.ufmg.br\/proex\/wp-content\/uploads\/2025\/02\/SEI_3943790_Portaria_967.pdf\" target=\"_blank\" rel=\"noopener\">Portaria n\u00ba 967, de 05 de fevereiro de 2025<\/a> \u2013 Remo\u00e7\u00e3o interna na Pr\u00f3-Reitoria de Extens\u00e3o<\/p>\n<p><a href=\"https:\/\/www.ufmg.br\/proex\/wp-content\/uploads\/2025\/02\/SEI_3943708_Portaria_964.pdf\" target=\"_blank\" rel=\"noopener\">Portaria n\u00ba 964, de 05 de fevereiro de 2025<\/a> \u2013 Remo\u00e7\u00e3o interna na Pr\u00f3-Reitoria de Extens\u00e3o<\/p>\n<p><a href=\"https:\/\/www.ufmg.br\/proex\/wp-content\/uploads\/2024\/10\/SEI_3626165_Portaria_9033.pdf\" target=\"_blank\" rel=\"noopener\">Portaria n\u00ba 9033, de 09 de outubro de 2024<\/a> \u2013 Designa membros representantes do Conselho Diretor da Esta\u00e7\u00e3o Ecol\u00f3gica da UFMG<\/p>\n<p><a href=\"https:\/\/www.ufmg.br\/proex\/wp-content\/uploads\/2024\/09\/SEI_3529502_Portaria_7910.pdf\" target=\"_blank\" rel=\"noopener\">Portaria n\u00ba 7910, de 05 de setembro de 2024<\/a> \u2013 Designa a Coordenadora do Centro Virtual de Mem\u00f3ria da Extens\u00e3o (CEVEX)<\/p>\n<p><a href=\"https:\/\/www.ufmg.br\/proex\/wp-content\/uploads\/2024\/08\/SEI_3488123_Portaria_7402.pdf\" target=\"_blank\" rel=\"noopener\">Portaria 7402, de 23 de agosto de 2024<\/a> \u2013 Designa a comiss\u00e3o permanente de avalia\u00e7\u00e3o de documentos setorial \u2013 CPAD setorial, da Pr\u00f3-reitoria de Extens\u00e3o e revoga a portaria 3125, de 28 de abril de 2022<\/p>\n<p><a href=\"https:\/\/www.ufmg.br\/proex\/wp-content\/uploads\/2024\/08\/SEI_3488004_Portaria_7400.pdf\" target=\"_blank\" rel=\"noopener\">Portaria n\u00ba 7400, de 23 de agosto de 2024<\/a> \u2013 Designa comiss\u00e3o para Elabora\u00e7\u00e3o de Plano de Gest\u00e3o de Recursos Humanos da Pr\u00f3-Reitoria de Extens\u00e3o e revoga a Portaria 1257, de 16 de fevereiro de 2024<\/p>\n<p><a href=\"https:\/\/www.ufmg.br\/proex\/wp-content\/uploads\/2024\/08\/SEI_3449309_Portaria_6944_Comissao-Normas-Extensao.pdf\" target=\"_blank\" rel=\"noopener\">Portaria n\u00ba 6944, de 8 de agosto de 2024<\/a> \u2013 Designa a comiss\u00e3o que ser\u00e1 respons\u00e1vel por estudar as normas da extens\u00e3o e adequ\u00e1-las \u00e0s Normas Gerais da Extens\u00e3o da UFMG<\/p>\n<p><a href=\"https:\/\/www.ufmg.br\/proex\/wp-content\/uploads\/2024\/05\/SEI_3233896_Portaria_4078.pdf\" target=\"_blank\" rel=\"noopener\">P<\/a><a href=\"https:\/\/www.ufmg.br\/proex\/wp-content\/uploads\/2024\/05\/SEI_3233896_Portaria_4078.pdf\" target=\"_blank\" rel=\"noopener\">ortaria n\u00ba 4078, de 10 de maio de 2024<\/a> \u2013 Substitui o respons\u00e1vel pela guarda dos bens patrimoniais da Sala de Arquivo, Copa e Sala de reuni\u00f5es da Pr\u00f3-Reitoria de Extens\u00e3o<\/p>\n<p><a href=\"https:\/\/www.ufmg.br\/proex\/wp-content\/uploads\/2024\/05\/SEI_3226807_Portaria_4010.pdf\" target=\"_blank\" rel=\"noopener\">Portaria n\u00ba 4010, de 07 de maio de 2024<\/a> \u2013 Designa\u00e7\u00e3o de novos membros representantes dos discentes do Conselho Diretor da Esta\u00e7\u00e3o Ecol\u00f3gica da UFMG<\/p>\n<p><a href=\"https:\/\/www.ufmg.br\/proex\/wp-content\/uploads\/2024\/05\/SEI_3226716_Portaria_4007.pdf\" target=\"_blank\" rel=\"noopener\">Portaria n\u00ba 4007, de 07 de maio de 2024<\/a> \u2013 Substitui membro representante do Conselho Diretor da Esta\u00e7\u00e3o Ecol\u00f3gica da UFMG<\/p>\n<p><a href=\"https:\/\/www.ufmg.br\/proex\/wp-content\/uploads\/2024\/08\/SEI_3206611_Portaria_3802-Coordenacao-Geral-UFMG-JOVEM.pdf\" target=\"_blank\" rel=\"noopener\">Portaria n\u00ba 3802, de 25 de abril de 20224<\/a> \u2013 Designa a Coordena\u00e7\u00e3o Geral do Programa UFMG Jovem \u2013 conhecimento para todos.<\/p>\n<p><a href=\"https:\/\/www.ufmg.br\/proex\/wp-content\/uploads\/2024\/03\/SEI_UFMG-3129393-Portaria.pdf\" target=\"_blank\" rel=\"noopener\">Portaria n\u00ba 2664, de 21 de mar\u00e7o de 2024<\/a> \u2013 Designa os membros dos Comit\u00eas Assessores da C\u00e2mara de Extens\u00e3o<\/p>\n<p><a href=\"https:\/\/www.ufmg.br\/proex\/wp-content\/uploads\/2024\/03\/SEI_UFMG-3101576-Portaria.pdf\" target=\"_blank\" rel=\"noopener\">Portaria n\u00ba 2253, de 12 de mar\u00e7o de 2024<\/a> \u2013 Remo\u00e7\u00e3o interna na Pr\u00f3-Reitoria de Extens\u00e3o<\/p>\n<p><a href=\"https:\/\/www.ufmg.br\/proex\/wp-content\/uploads\/2024\/03\/SEI_UFMG-3101568-Portaria.pdf\" target=\"_blank\" rel=\"noopener\">Portaria n\u00ba 2252, de 12 de mar\u00e7o de 2024<\/a> \u2013 Remo\u00e7\u00e3o interna na Pr\u00f3-Reitoria de Extens\u00e3o<\/p>\n<p><a href=\"https:\/\/www.ufmg.br\/proex\/wp-content\/uploads\/2024\/03\/SEI_UFMG-3101560-Portaria.pdf\" target=\"_blank\" rel=\"noopener\">Portaria n\u00ba 2251, de 12 de mar\u00e7o de 2024<\/a> \u2013 Designa\u00e7\u00e3o dos respons\u00e1veis pelo Setor de Compras da Pr\u00f3-Reitoria de Extens\u00e3o<\/p>\n<p><a href=\"https:\/\/www.ufmg.br\/proex\/wp-content\/uploads\/2024\/03\/SEI_UFMG-3062514-Portaria.pdf\" target=\"_blank\" rel=\"noopener\">Portaria n\u00ba 1754, de 28 de fevereiro de 2024 <\/a>\u2013 Remo\u00e7\u00f5es Internas na Pr\u00f3-Reitoria de Extens\u00e3o<\/p>\n<p><a href=\"https:\/\/www.ufmg.br\/proex\/wp-content\/uploads\/2024\/03\/SEI_UFMG-3062217-Portaria.pdf\" target=\"_blank\" rel=\"noopener\">Portaria n\u00ba 1743, de 28 de fevereiro de 2024<\/a> \u2013 Altera servidor para exercer a fun\u00e7\u00e3o de Fiscal Setorial e para acompanhamento da contrata\u00e7\u00e3o de servi\u00e7os de agenciamento de viagens para voos regulares, internacionais e dom\u00e9sticos, em atendimento \u00e0s necessidades da UFMG.<\/p>\n<p><a href=\"https:\/\/www.ufmg.br\/proex\/wp-content\/uploads\/2024\/03\/SEI_UFMG-3061358-Portaria.pdf\" target=\"_blank\" rel=\"noopener\">Portaria n\u00ba 1736, de 28 de fevereiro de 2024<\/a> \u2013 Altera os agentes titular e substituto respons\u00e1veis pela gest\u00e3o do patrim\u00f4nio.<\/p>\n<p><a href=\"https:\/\/www.ufmg.br\/proex\/wp-content\/uploads\/2024\/02\/SEI_UFMG-3053058-Portaria-1.pdf\" target=\"_blank\" rel=\"noopener\">Portaria n\u00ba 1603, de 26 de fevereiro de 2024<\/a> \u2013 Designa a Comiss\u00e3o Organizadora do evento &#8220;Domingo no Campus&#8221; a ser realizado no dia 05 de maio de 2024 no Instituto de Ci\u00eancias Agr\u00e1rias da UFMG.<\/p>\n<p><a href=\"https:\/\/www.ufmg.br\/proex\/wp-content\/uploads\/2024\/01\/SEI_UFMG-2962140-Portaria.pdf\" target=\"_blank\" rel=\"noopener\">Portaria n\u00ba 272, de 15 de Janeiro de 2024<\/a> \u2013 Autoriza servidora \u00e0 realiza\u00e7\u00e3o de A\u00e7\u00e3o de Desenvolvimento em Servi\u00e7os (ADS).<\/p>\n<p><a href=\"https:\/\/www.ufmg.br\/proex\/wp-content\/uploads\/2024\/01\/Portaria-170-designar-resp-guarda-DAFE.pdf\" target=\"_blank\" rel=\"noopener\">Portaria n\u00ba 170, de 10 de Janeiro de 2024<\/a> \u2013 Designa respons\u00e1vel pela guarda dos bens patrimoniais da Pr\u00f3-Reitoria de Extens\u00e3o, sala 6018, Diretoria de Avalia\u00e7\u00e3o e Fomento da Extens\u00e3o.<\/p>\n<p><a href=\"https:\/\/www.ufmg.br\/proex\/wp-content\/uploads\/2023\/12\/2885912-EECO.pdf\" target=\"_blank\" rel=\"noopener\">Portaria n\u00ba 11277, de 07 de Dezembro de 2023<\/a> \u2013 Substitui servidor respons\u00e1vel pela guarda de bens da Esta\u00e7\u00e3o Ecol\u00f3gica.<\/p>\n<p><a href=\"https:\/\/www.ufmg.br\/proex\/wp-content\/uploads\/2023\/12\/SEI_UFMG-2875556-Portaria.pdf\" target=\"_blank\" rel=\"noopener\">Portaria n\u00ba 11170, de 05 de dezembro de 2023<\/a> \u2013 Designa o Comit\u00ea Local de Avalia\u00e7\u00e3o de Desempenho 2022 da Pr\u00f3-Reitoria de Extens\u00e3o.<\/p>\n<p><a href=\"https:\/\/www.ufmg.br\/proex\/wp-content\/uploads\/2023\/12\/SEI_UFMG-2854875-Portaria.pdf\" target=\"_blank\" rel=\"noopener\">Portaria n\u00ba 10983, de 29 de novembro de 2023<\/a> \u2013 Substitui membro representante do Conselho Diretor da Esta\u00e7\u00e3o Ecol\u00f3gica da UFMG.<\/p>\n<p><a href=\"https:\/\/www.ufmg.br\/proex\/wp-content\/uploads\/2023\/11\/SEI_UFMG-2824252-Portaria.pdf\" target=\"_blank\" rel=\"noopener\">Portaria n\u00ba 10582, de 20 de novembro de 2023<\/a> \u2013 Designa a indica\u00e7\u00e3o de membros para a Comiss\u00e3o Interna do Plano Anual de Desenvolvimento dos Servidores T\u00e9cnico-Administrativos em Educa\u00e7\u00e3o.<\/p>\n<p><a href=\"https:\/\/www.ufmg.br\/proex\/wp-content\/uploads\/2023\/11\/SEI_UFMG-2795886-Portaria.pdf\" target=\"_blank\" rel=\"noopener\">Portaria n\u00ba 10322, de 10 de novembro de 2023<\/a> \u2013 Substitui membro do N\u00facleo de Apoio Acad\u00eamico da Esta\u00e7\u00e3o Ecol\u00f3gica da UFMG.<\/p>\n<p><a href=\"https:\/\/www.ufmg.br\/proex\/wp-content\/uploads\/2023\/11\/SEI_UFMG-2768311-Portaria.pdf\" target=\"_blank\" rel=\"noopener\">Portaria n\u00ba 9992, de 01 de novembro de 2023 <\/a>\u2013 Designa a Comiss\u00e3o Especial para apura\u00e7\u00e3o e avalia\u00e7\u00e3o dos materiais permanentes considerados como irrecuper\u00e1veis encontrados na Pr\u00f3-Reitoria de Extens\u00e3o e na Esta\u00e7\u00e3o Ecol\u00f3gica.<\/p>\n<p><a href=\"https:\/\/www.ufmg.br\/proex\/wp-content\/uploads\/2023\/10\/SEI_UFMG-2748845-Portaria.pdf\" target=\"_blank\" rel=\"noopener\">Portaria n\u00ba 9741, de 26 de outubro de 2023<\/a> \u2013 Designa a Comiss\u00e3o Inventariante respons\u00e1vel pela execu\u00e7\u00e3o do invent\u00e1rio f\u00edsico anual de bens permanentes da Pr\u00f3-Reitoria de Extens\u00e3o, Exerc\u00edcio 2023.<\/p>\n<p><a href=\"https:\/\/www.ufmg.br\/proex\/wp-content\/uploads\/2023\/09\/SEI_UFMG-2608895-Portaria.pdf\" target=\"_blank\" rel=\"noopener\">Portaria n\u00ba 8116, de 06 de setembro de 2023 <\/a>\u2013 Remanejamento de Fun\u00e7\u00e3o Gratificada entre UORG&#8217;s da Pr\u00f3-Reitoria deExtens\u00e3o.<\/p>\n<p><a href=\"https:\/\/www.ufmg.br\/proex\/wp-content\/uploads\/2023\/09\/SEI_UFMG-2586893-Portaria.pdf\" target=\"_blank\" rel=\"noopener\">Portaria n\u00ba 7861, de 30 de agosto de 2023<\/a> \u2013 Remanejamento de Fun\u00e7\u00e3o Gratificada de uma UORG para outra da Pr\u00f3-Reitoria deExtens\u00e3o.<\/p>\n<p><a href=\"https:\/\/www.ufmg.br\/proex\/wp-content\/uploads\/2023\/06\/SEI_UFMG-2415649-Portaria.pdf\" target=\"_blank\" rel=\"noopener\">Portaria n\u00ba 5754, de 26 de junho de 2023<\/a> \u2013\u00a0Designa a comiss\u00e3o para apresenta\u00e7\u00e3o de proposta de normas gerais da Extens\u00e3o.<\/p>\n<p><a href=\"https:\/\/www.ufmg.br\/proex\/wp-content\/uploads\/2023\/06\/PORTARIA-No-5378-DE-16-DE-JUNHO-DE-2023.pdf\" target=\"_blank\" rel=\"noopener\">Portaria n\u00ba 5378, de 16 de junho de 2023<\/a> \u2013\u00a0 Designa\u00e7\u00e3o de Comiss\u00e3o Especial para apura\u00e7\u00e3o e avalia\u00e7\u00e3o dos bens permanentes encontrados na Pr\u00f3-Reitoria de Extens\u00e3o e Esta\u00e7\u00e3o Ecol\u00f3gica.<\/p>\n<p><a href=\"https:\/\/www.ufmg.br\/proex\/wp-content\/uploads\/2023\/07\/Portaria-5375-16.6.23.pdf\" target=\"_blank\" rel=\"noopener\">Portaria n\u00ba 5375 de 16 de junho de 2023 <\/a>\u2013 Designa\u00e7\u00e3o de Comiss\u00e3o Especial para apura\u00e7\u00e3o e avalia\u00e7\u00e3o dos materiais permanentes considerados como irrecuper\u00e1veis encontrados na Pr\u00f3-Reitoria de Extens\u00e3o e na Esta\u00e7\u00e3o Ecol\u00f3gica.<\/p>\n<p align=\"left\"><a href=\"https:\/\/www.ufmg.br\/proex\/wp-content\/uploads\/2023\/06\/SEI_UFMG-2349117-PORTARIA-No-4890.pdf\" target=\"_blank\" rel=\"noopener\">Portaria n\u00ba 4890, de 31 de maio de 2023<\/a> \u2013 Designa\u00e7\u00e3o de Comiss\u00e3o Especial para apura\u00e7\u00e3o e avalia\u00e7\u00e3o dos materiais permanentes considerados como irrecuper\u00e1veis encontrados na Pr\u00f3-Reitoria de Extens\u00e3o e na Esta\u00e7\u00e3o Ecol\u00f3gica.<\/p>\n<p align=\"left\"><a href=\"https:\/\/www.ufmg.br\/proex\/wp-content\/uploads\/2023\/06\/SEI_UFMG-2323917-PORTARIA-No-4607.pdf\" target=\"_blank\" rel=\"noopener\">Portaria n\u00ba 4607, de 22 de maio de 2023<\/a> \u2013\u00a0 Designa\u00e7\u00e3o de Comiss\u00e3o Especial para apura\u00e7\u00e3o de desaparecimento de bens n\u00e3o inventariados da Pr\u00f3-Reitoria de Extens\u00e3o.<\/p>\n<p align=\"left\"><a href=\"https:\/\/www.ufmg.br\/proex\/wp-content\/uploads\/2023\/06\/SEI_UFMG-2323906-PORTARIA-No-4606.pdf\" target=\"_blank\" rel=\"noopener\">P<\/a><a href=\"https:\/\/www.ufmg.br\/proex\/wp-content\/uploads\/2023\/06\/SEI_UFMG-2323906-PORTARIA-No-4606.pdf\" target=\"_blank\" rel=\"noopener\">ortaria n\u00ba 4606, de 22 de maio de 2023<\/a> \u2013\u00a0 Designa\u00e7\u00e3o de membros de Comiss\u00e3o Especial para apura\u00e7\u00e3o e avalia\u00e7\u00e3o de bens da Pr\u00f3-reitoria de Extens\u00e3o.<\/p>\n<p><a href=\"https:\/\/www.ufmg.br\/proex\/wp-content\/uploads\/2023\/05\/SEI_UFMG-2316660-Portaria.pdf\" target=\"_blank\" rel=\"noopener\">Portaria n\u00ba 4477, de 18 de maio de 2023<\/a> \u2013 Altera a Portaria n\u00ba 6506, de 06 de setembro de 2021, que designa os membros dos Comit\u00eas Assessores da C\u00e2mara de Extens\u00e3o.<\/p>\n<p><a href=\"https:\/\/www.ufmg.br\/proex\/wp-content\/uploads\/2023\/05\/SEI_UFMG-2306057-Portaria.pdf\" target=\"_blank\" rel=\"noopener\">Portaria n\u00ba 4285, de 15 de maio de 2023<\/a> \u2013 Designa\u00e7\u00e3o de novos membros do Conselho Diretor da Esta\u00e7\u00e3o Ecol\u00f3gica da UFMG, objeto da Portaria n\u00ba 2697 de13 de abril de 2021 e 2833 e da Portaria n\u00ba 2833, de 22 de abril de 2021.<\/p>\n<p><a href=\"https:\/\/www.ufmg.br\/proex\/wp-content\/uploads\/2024\/01\/PORTARIA-3345-TARJADA.pdf\" target=\"_blank\" rel=\"noopener\">Portaria 3345 de 17 de abril de 2023 <\/a>\u2013 Designa servidores para exercer a fun\u00e7\u00e3o de Fiscal Setorial e Fiscal Setorial Substituto para acompanhamento da contrata\u00e7\u00e3o de servi\u00e7os de agenciamento de viagens para voos regulares, internacionais e dom\u00e9sticos, em atendimento \u00e0s necessidades da UFMG.<\/p>\n<p><a href=\"https:\/\/www.ufmg.br\/proex\/wp-content\/uploads\/2023\/04\/SEI_UFMG-2202281-Portaria.pdf\" target=\"_blank\" rel=\"noopener\">Portaria 2860 de 04 de abril de 2023<\/a> \u2013 Designa a Comiss\u00e3o Organizadora do evento Domingo no Campus, a ser realizado no dia 07 de maio de 2023 no Instituto de Ci\u00eancias Agr\u00e1rias da UFMG.<\/p>\n<p><a href=\"https:\/\/www.ufmg.br\/proex\/wp-content\/uploads\/2023\/03\/SEI_UFMG-2167184-Portaria.pdf\" target=\"_blank\" rel=\"noopener\">Portaria 2454 de 22 de mar\u00e7o de 2023 <\/a>&#8211; Designa a Comiss\u00e3o Organizadora do evento Domingo no Campus, a ser realizado no dia 07 de maio de 2023 no Instituto de Ci\u00eancias Agr\u00e1rias da UFMG.<\/p>\n<p><a href=\"https:\/\/www.ufmg.br\/proex\/wp-content\/uploads\/2022\/11\/SEI_UFMG-1898927-Portaria.pdf\" target=\"_blank\" rel=\"noopener\">Portaria 9423 de 16 de novembro de 2022<\/a> &#8211; Designa servidores para comporem a comiss\u00e3o do invent\u00e1rio de bens m\u00f3veis de car\u00e1ter permanente, do exerc\u00edcio de 2022.<\/p>\n<p><a href=\"https:\/\/www.ufmg.br\/proex\/wp-content\/uploads\/2022\/08\/Portaria-6998-Presidencia-e-vice-presidencia_Comissao-Organizadora-Domingo-no-Campus_ICA_25set2022_CORRIGIDA.pdf\" target=\"_blank\" rel=\"noopener\">Portaria 6998 de 29 de agosto de 2022<\/a> &#8211; designa a presidente e vice-presidente da Comiss\u00e3o Organizadora do evento &#8220;Domingo no Campus&#8221;, a ser realizado no dia 25 de setembro de 2022, no Instituto de Ci\u00eancias Agr\u00e1rias da UFMG.<\/p>\n<p><a href=\"https:\/\/www.ufmg.br\/proex\/wp-content\/uploads\/2022\/08\/SEI_UFMG-1693042-Portaria-6767_Membros-do-Conselho-Diretor-da-Estacao-Ecologica-da-UFMG.pdf\" target=\"_blank\" rel=\"noopener\">Portaria 6767 de 22 de agosto de 2022<\/a> &#8211; designa os Membros do Conselho Diretor da Esta\u00e7\u00e3o Ecol\u00f3gica da UFMG.<\/p>\n<p><a href=\"https:\/\/www.ufmg.br\/proex\/wp-content\/uploads\/2022\/08\/SEI_UFMG-1673950-Portaria-6847_Comissao-Especial-apuracao-desaparecimento-de-bens-nao-inventariados-da-PROEX.pdf\" target=\"_blank\" rel=\"noopener\">Portaria 6487 de 11 de agosto de 2022<\/a> &#8211; trata da Comiss\u00e3o Especial para apura\u00e7\u00e3o do desaparecimento dos bens n\u00e3o inventariados da Pr\u00f3-Reitoria de Extens\u00e3o.<\/p>\n<p><a href=\"https:\/\/www.ufmg.br\/proex\/wp-content\/uploads\/2022\/08\/SEI_UFMG-1673849-Portaria-6484_Comissao-Especial-para-apuracao-e-avaliacao-dos-materiais-permanentes-encontrados-na-proe.pdf\" target=\"_blank\" rel=\"noopener\">Portaria 6484 de 11 de agosto de 2022<\/a> &#8211; trata da Comiss\u00e3o Especial para apura\u00e7\u00e3o e avalia\u00e7\u00e3o dos materiais permanentes encontrados na Pr\u00f3-Reitoria de Extens\u00e3o.<\/p>\n<p><a href=\"https:\/\/www.ufmg.br\/proex\/wp-content\/uploads\/2022\/08\/Portaria-6421.pdf\" target=\"_blank\" rel=\"noopener\">Portaria 6421 de 10 de agosto de 2022<\/a> \u2013 designa a Comiss\u00e3o Organizadora do evento Domingo no Campus a ser realizado no dia 25 de setembro de 2022 no Instituto de Ci\u00eancias Agr\u00e1rias da UFMG.<\/p>\n<p><a href=\"https:\/\/www.ufmg.br\/proex\/wp-content\/uploads\/2022\/05\/SEI_UFMG-1475431-Portaria.pdf\" target=\"_blank\" rel=\"noopener\">Portaria 4014 de 23 de maio de 2022<\/a> \u2013 designa os membros para compor a Comiss\u00e3o de elabora\u00e7\u00e3o de projeto da Rede de Museus da UFMG para a chamada FAPEMIG n\u00ba 05\/2022.<\/p>\n<p><a href=\"https:\/\/www.ufmg.br\/proex\/wp-content\/uploads\/2022\/05\/SEI_UFMG-1460872-Portaria.pdf\" target=\"_blank\" rel=\"noopener\">Portaria 3803 de 17 de maio de 2022 <\/a>\u2013 designa os membros para composi\u00e7\u00e3o da Comiss\u00e3o de acompanhamento do Plano de Manejo da Esta\u00e7\u00e3o Ecol\u00f3gica da UFMG.<\/p>\n<p><a href=\"https:\/\/www.ufmg.br\/proex\/wp-content\/uploads\/2022\/05\/SEI_UFMG-1448209-Portaria.pdf\" target=\"_blank\" rel=\"noopener\">Portaria 3575 de 11 de maio de 2022 <\/a>\u2013 designa novos membros discentes do Conselho Diretor da Esta\u00e7\u00e3o Ecol\u00f3gica da UFMG.<\/p>\n<p><a href=\"https:\/\/www.ufmg.br\/proex\/wp-content\/uploads\/2022\/05\/Portaria-no-3143-de-29-04-22.pdf\" target=\"_blank\" rel=\"noopener\">Portaria 3143, de 29 de abril de 2022<\/a> \u2013 altera a Portaria n\u00ba 6506, de 06 de setembro de 2021, que designa os membros dos Comit\u00eas Assessores da C\u00e2mara de Extens\u00e3o.<\/p>\n<p><a href=\"https:\/\/www.ufmg.br\/proex\/wp-content\/uploads\/2022\/05\/SEI_UFMG-1417659-Portaria-3125_Comissao-Arquivo-Proex.pdf\" target=\"_blank\" rel=\"noopener\">Portaria 3125 de 28 de abril de 2022<\/a> \u2013 trata da Comiss\u00e3o Permanente de Avalia\u00e7\u00e3o de Documentos Setorial &#8211; CPAD Setorial da Pr\u00f3-Reitoria de Extens\u00e3o.<\/p>\n<p><a href=\"https:\/\/www.ufmg.br\/proex\/wp-content\/uploads\/2022\/04\/SEI_UFMG-1396373-Portaria.pdf\" target=\"_blank\" rel=\"noopener\">Portaria 2776 de 19 de abril de 202<\/a><a href=\"https:\/\/www.ufmg.br\/proex\/wp-content\/uploads\/2022\/04\/SEI_UFMG-1396373-Portaria.pdf\" target=\"_blank\" rel=\"noopener\">2<\/a> \u2013 disp\u00f5e sobre o remanejamento de Fun\u00e7\u00e3o Gratificada (FG) e Cargo de Dire\u00e7\u00e3o (CD) entre diretorias.<\/p>\n<p><a href=\"https:\/\/www.ufmg.br\/proex\/wp-content\/uploads\/2022\/04\/SEI_UFMG-0948856-Portaria-6506_Comites-Assessores-da-Camara-de-Extensao_06set2021.pdf\" target=\"_blank\" rel=\"noopener\">Portaria 6506 de 6 de setembro de 2021<\/a> \u2013 designa os membros dos Comit\u00eas Assessores da C\u00e2mara de Extens\u00e3o.<\/p>\n<p>&nbsp;<\/p>\n","protected":false},"excerpt":{"rendered":"<p>Portaria n\u00ba 2904, de 26 de mar\u00e7o de 2026 \u2013 [&hellip;]<\/p>\n","protected":false},"author":2,"featured_media":0,"parent":0,"menu_order":0,"comment_status":"closed","ping_status":"closed","template":"","meta":[],"tags":[23,167,29],"_links":{"self":[{"href":"https:\/\/www.ufmg.br\/proex\/wp-json\/wp\/v2\/pages\/4892"}],"collection":[{"href":"https:\/\/www.ufmg.br\/proex\/wp-json\/wp\/v2\/pages"}],"about":[{"href":"https:\/\/www.ufmg.br\/proex\/wp-json\/wp\/v2\/types\/page"}],"author":[{"embeddable":true,"href":"https:\/\/www.ufmg.br\/proex\/wp-json\/wp\/v2\/users\/2"}],"replies":[{"embeddable":true,"href":"https:\/\/www.ufmg.br\/proex\/wp-json\/wp\/v2\/comments?post=4892"}],"version-history":[{"count":132,"href":"https:\/\/www.ufmg.br\/proex\/wp-json\/wp\/v2\/pages\/4892\/revisions"}],"predecessor-version":[{"id":17481,"href":"https:\/\/www.ufmg.br\/proex\/wp-json\/wp\/v2\/pages\/4892\/revisions\/17481"}],"wp:attachment":[{"href":"https:\/\/www.ufmg.br\/proex\/wp-json\/wp\/v2\/media?parent=4892"}],"wp:term":[{"taxonomy":"post_tag","embeddable":true,"href":"https:\/\/www.ufmg.br\/proex\/wp-json\/wp\/v2\/tags?post=4892"}],"curies":[{"name":"wp","href":"https:\/\/api.w.org\/{rel}","templated":true}]}}