{"id":4945,"date":"2022-04-26T15:26:08","date_gmt":"2022-04-26T18:26:08","guid":{"rendered":"https:\/\/www.ufmg.br\/proex\/?page_id=4945"},"modified":"2022-04-27T10:56:52","modified_gmt":"2022-04-27T13:56:52","slug":"ouvidoria-feminina-marilu","status":"publish","type":"page","link":"https:\/\/www.ufmg.br\/proex\/ouvidoria-feminina-marilu\/","title":{"rendered":"Ouvidoria Feminina Marilu"},"content":{"rendered":"<div dir=\"auto\">\n<div dir=\"auto\">\n<p>A Ouvidoria Feminina Marilu, projeto de Combate \u00e0s Opress\u00f5es de G\u00eanero no \u00e2mbito da UFMG, tornou p\u00fablico o edital para sele\u00e7\u00e3o de extensionistas volunt\u00e1rias\/os.<\/p>\n<p>Ser\u00e3o ofertadas 13 vagas\u00a0(podendo esse n\u00famero ser expandido a crit\u00e9rio da coordena\u00e7\u00e3o do projeto).<\/p>\n<p>As inscri\u00e7\u00f5es ocorrer\u00e3o at\u00e9 01 de maio de 2022.<\/p>\n<p>Os interessados em participar da sele\u00e7\u00e3o devem se aluna (o) regularmente matriculada (o) na UFMG, em qualquer curso de gradua\u00e7\u00e3o e possuir interesse na tem\u00e1tica de feminismo e\/ou redu\u00e7\u00e3o das desigualdades de g\u00eanero.<\/p>\n<p>Para se inscrever, o candidato dever\u00e1 preencher o <a href=\"https:\/\/docs.google.com\/forms\/d\/e\/1FAIpQLSeyUamZumRs9Mevc_f5HMc6-1vI-D51RNJNYjIsQfqqtIHy1g\/viewform\" target=\"_blank\" rel=\"noopener\">formul\u00e1rio eletr\u00f4nico<\/a> e enviar para o e-mail ouv.femininaufmg@gmail.com os documentos abaixo:<\/p>\n<p>&#8211; Texto dissertativo de, no m\u00e1ximo, 2500 caracteres (aproximadamente uma p\u00e1gina) sobre as raz\u00f5es de seu interesse em participar e como poder\u00e1 contribuir para o sucesso do projeto<\/p>\n<p>&#8211; Coment\u00e1rio\/relato de at\u00e9 15 linhas sobre o primeiro m\u00f3dulo de curso de forma\u00e7\u00e3o dispon\u00edvel <a href=\"https:\/\/www.youtube.com\/watch?v=TB7WfuDHcpc.\" target=\"_blank\" rel=\"noopener\">neste link.<\/a><\/p>\n<p>O candidato dever\u00e1 colocar no corpo do e-mail: nome completo, curso e n\u00famero de matr\u00edcula na UFMG.<\/p>\n<p>As demais instru\u00e7\u00f5es est\u00e3o dispon\u00edveis no <a href=\"https:\/\/linktr.ee\/projetouvidoriafeminina\" target=\"_blank\" rel=\"noopener\">Instagram<\/a> do projeto.<\/p>\n<\/div>\n<div dir=\"auto\"><\/div>\n<div dir=\"auto\"><\/div>\n<\/div>\n","protected":false},"excerpt":{"rendered":"<p>A Ouvidoria Feminina Marilu, projeto de Combate \u00e0s Opress\u00f5es de [&hellip;]<\/p>\n","protected":false},"author":2,"featured_media":0,"parent":0,"menu_order":0,"comment_status":"closed","ping_status":"closed","template":"","meta":[],"tags":[],"_links":{"self":[{"href":"https:\/\/www.ufmg.br\/proex\/wp-json\/wp\/v2\/pages\/4945"}],"collection":[{"href":"https:\/\/www.ufmg.br\/proex\/wp-json\/wp\/v2\/pages"}],"about":[{"href":"https:\/\/www.ufmg.br\/proex\/wp-json\/wp\/v2\/types\/page"}],"author":[{"embeddable":true,"href":"https:\/\/www.ufmg.br\/proex\/wp-json\/wp\/v2\/users\/2"}],"replies":[{"embeddable":true,"href":"https:\/\/www.ufmg.br\/proex\/wp-json\/wp\/v2\/comments?post=4945"}],"version-history":[{"count":5,"href":"https:\/\/www.ufmg.br\/proex\/wp-json\/wp\/v2\/pages\/4945\/revisions"}],"predecessor-version":[{"id":4951,"href":"https:\/\/www.ufmg.br\/proex\/wp-json\/wp\/v2\/pages\/4945\/revisions\/4951"}],"wp:attachment":[{"href":"https:\/\/www.ufmg.br\/proex\/wp-json\/wp\/v2\/media?parent=4945"}],"wp:term":[{"taxonomy":"post_tag","embeddable":true,"href":"https:\/\/www.ufmg.br\/proex\/wp-json\/wp\/v2\/tags?post=4945"}],"curies":[{"name":"wp","href":"https:\/\/api.w.org\/{rel}","templated":true}]}}