{"id":4957,"date":"2022-04-28T12:42:42","date_gmt":"2022-04-28T15:42:42","guid":{"rendered":"https:\/\/www.ufmg.br\/proex\/?page_id=4957"},"modified":"2022-04-28T12:43:11","modified_gmt":"2022-04-28T15:43:11","slug":"nucleo-de-acoes-educativas-acessibilidade-e-estudo-de-publico","status":"publish","type":"page","link":"https:\/\/www.ufmg.br\/proex\/nucleo-de-acoes-educativas-acessibilidade-e-estudo-de-publico\/","title":{"rendered":"N\u00facleo de A\u00e7\u00f5es Educativas, Acessibilidade e Estudo de P\u00fablico"},"content":{"rendered":"<p>O Espa\u00e7o do Conhecimento UFMG, abriu edital para a sele\u00e7\u00e3o 02 (duas) vagas para atuar no n\u00facleo de A\u00e7\u00f5es Educativas, Acessibilidade e Estudo de P\u00fablico do Museu. Haver\u00e1 forma\u00e7\u00e3o de cadastro de reserva para suprir vagas que surjam posteriormente.<\/p>\n<p><a href=\"https:\/\/docs.google.com\/forms\/d\/e\/1FAIpQLSf0lyOlpIF2NKpkmtIrI3i0Q7jRSRXM81q76Ip6CeB55kxDAg\/viewform\" target=\"_blank\" rel=\"noopener\">Formul\u00e1rio de inscri\u00e7\u00e3o.<\/a><\/p>\n<p>Para se candidatar, \u00e9 necess\u00e1rio: ser aluno da UFMG; n\u00e3o ter v\u00ednculo empregat\u00edcio ou ac\u00famulo de bolsas; ter disponibilidade de 20 horas semanais para dedica\u00e7\u00e3o \u00e0s atividades de extens\u00e3o (media\u00e7\u00e3o de exposi\u00e7\u00f5es, participa\u00e7\u00e3o em oficinas e outras atividades). No momento, as a\u00e7\u00f5es do projeto ocorrem de forma de forma presencial seguindo os protocolos seguran\u00e7a contra a COVID-19;.<\/p>\n<p>Para realizar a inscri\u00e7\u00e3o \u00e9 necess\u00e1rio o envio do Link do Curr\u00edculo Lattes, Plano de Estudo SIGA (gerado em pdf pelo site Siga UFMG: acesso para alunos de gradua\u00e7\u00e3o; minhas matr\u00edculas; minhas atividades em curso e cursadas), e o envio de uma reda\u00e7\u00e3o de 1 a 2 laudas, tendo como tema \u201cSua percep\u00e7\u00e3o sobre o Espa\u00e7o do Conhecimento UFMG e seu interesse em atuar como bolsista no N\u00facleo de A\u00e7\u00f5es Educativas e Media\u00e7\u00e3o do Museu \u201d.<\/p>\n<p>As inscri\u00e7\u00f5es v\u00e3o de 27\/04\/2022 a 04\/05\/2022.<\/p>\n<p>O edital para consulta est\u00e1 dispon\u00edvel no <a href=\"https:\/\/www.google.com\/url?q=https:\/\/www.ufmg.br\/espacodoconhecimento\/&amp;sa=D&amp;source=editors&amp;ust=1651163869440279&amp;usg=AOvVaw2UHtrmPOlIzIh0jN88qL9-\" target=\"_blank\" rel=\"noopener\">site<\/a> do Espa\u00e7o do Conhecimento UFMG.<\/p>\n<p>Em caso de d\u00favidas, entre em contato pelo e-mail: <a href=\"mailto:mediacao-educativo@espacoconhecimento.ufmg.br\" target=\"_blank\" rel=\"noopener\">mediacao-educativo@espacoconhecimento.ufmg.br<\/a><\/p>\n","protected":false},"excerpt":{"rendered":"<p>O Espa\u00e7o do Conhecimento UFMG, abriu edital para a sele\u00e7\u00e3o [&hellip;]<\/p>\n","protected":false},"author":2,"featured_media":0,"parent":0,"menu_order":0,"comment_status":"closed","ping_status":"closed","template":"","meta":[],"tags":[],"_links":{"self":[{"href":"https:\/\/www.ufmg.br\/proex\/wp-json\/wp\/v2\/pages\/4957"}],"collection":[{"href":"https:\/\/www.ufmg.br\/proex\/wp-json\/wp\/v2\/pages"}],"about":[{"href":"https:\/\/www.ufmg.br\/proex\/wp-json\/wp\/v2\/types\/page"}],"author":[{"embeddable":true,"href":"https:\/\/www.ufmg.br\/proex\/wp-json\/wp\/v2\/users\/2"}],"replies":[{"embeddable":true,"href":"https:\/\/www.ufmg.br\/proex\/wp-json\/wp\/v2\/comments?post=4957"}],"version-history":[{"count":2,"href":"https:\/\/www.ufmg.br\/proex\/wp-json\/wp\/v2\/pages\/4957\/revisions"}],"predecessor-version":[{"id":4959,"href":"https:\/\/www.ufmg.br\/proex\/wp-json\/wp\/v2\/pages\/4957\/revisions\/4959"}],"wp:attachment":[{"href":"https:\/\/www.ufmg.br\/proex\/wp-json\/wp\/v2\/media?parent=4957"}],"wp:term":[{"taxonomy":"post_tag","embeddable":true,"href":"https:\/\/www.ufmg.br\/proex\/wp-json\/wp\/v2\/tags?post=4957"}],"curies":[{"name":"wp","href":"https:\/\/api.w.org\/{rel}","templated":true}]}}