{"id":5006,"date":"2022-05-06T09:59:53","date_gmt":"2022-05-06T12:59:53","guid":{"rendered":"https:\/\/www.ufmg.br\/proex\/?page_id=5006"},"modified":"2022-05-19T08:11:37","modified_gmt":"2022-05-19T11:11:37","slug":"pilulas-de-extensao","status":"publish","type":"page","link":"https:\/\/www.ufmg.br\/proex\/pilulas-de-extensao\/","title":{"rendered":"P\u00edlulas de Extens\u00e3o"},"content":{"rendered":"<p><a href=\"https:\/\/www.ufmg.br\/proex\/wp-content\/uploads\/2022\/05\/Resultado-Final.pdf\" target=\"_blank\" rel=\"noopener\">Confira resultado final\u00a0<\/a><\/p>\n<p>A vaga de bolsa se destina \u00e0 Assessoria de Comunica\u00e7\u00e3o da Proex, para atuar no projeto <em>P\u00edlulas de Extens\u00e3o,<\/em> da R\u00e1dio Terceiro Andar (Fafich\/UFMG).<\/p>\n<p>Candidataram estudantes da Universidade dos cursos de gradua\u00e7\u00e3o em Jornalismo, Publicidade e Propaganda e Rela\u00e7\u00f5es P\u00fablicas.<\/p>\n<p>O candidato selecionado vai desenvolver atividades de produ\u00e7\u00e3o e veicula\u00e7\u00e3o de podcasts, de modo a contribuir com a visibilidade das atividades de extens\u00e3o.<\/p>\n<p><strong>Inscri\u00e7\u00e3o<br \/>\n<\/strong>As inscri\u00e7\u00f5es terminam no dia 12\/05. Os candidatos enviaram para o e-mail <a href=\"mailto:comunica@proex.ufmg.br\" target=\"_self\" rel=\"noopener\">comunica@proex.ufmg.br<\/a> os seguintes documentos digitalizados ( identificar no campo assunto \u201cInscri\u00e7\u00e3o para Bolsa APEX<br \/>\nP\u00edlulas de Extens\u00e3o)\u201d:<\/p>\n<p>\u2013 Curriculum Vitae, em PDF<\/p>\n<p>\u2013 Comprovante de matr\u00edcula (dispon\u00edvel no Siga Minha UFMG).<\/p>\n<p><b>Etapas<br \/>\n<\/b>O processo seletivo ter\u00e1 duas etapas: an\u00e1lise de documenta\u00e7\u00e3o do candidato e entrevista.<\/p>\n<p>O aluno selecionado cumprir\u00e1 uma jornada de 20 horas semanais.<\/p>\n<p>Todas as demais instru\u00e7\u00f5es est\u00e3o dispon\u00edveis no <a href=\"https:\/\/www.ufmg.br\/proex\/wp-content\/uploads\/2022\/05\/Edital-PROEX-no-06-2022-APEX.docx.pdf\" target=\"_blank\" rel=\"noopener\">Edital 06\/2022.<\/a><\/p>\n<p>Essa oportunidade se refere a vagas remanescentes do edital Apoio \u00e0 Pol\u00edtica de Extens\u00e3o.<\/p>\n<p>&nbsp;<\/p>\n<p>&nbsp;<\/p>\n<p>&nbsp;<\/p>\n","protected":false},"excerpt":{"rendered":"<p>Confira resultado final\u00a0 A vaga de bolsa se destina \u00e0 [&hellip;]<\/p>\n","protected":false},"author":2,"featured_media":0,"parent":0,"menu_order":0,"comment_status":"closed","ping_status":"closed","template":"","meta":[],"tags":[],"_links":{"self":[{"href":"https:\/\/www.ufmg.br\/proex\/wp-json\/wp\/v2\/pages\/5006"}],"collection":[{"href":"https:\/\/www.ufmg.br\/proex\/wp-json\/wp\/v2\/pages"}],"about":[{"href":"https:\/\/www.ufmg.br\/proex\/wp-json\/wp\/v2\/types\/page"}],"author":[{"embeddable":true,"href":"https:\/\/www.ufmg.br\/proex\/wp-json\/wp\/v2\/users\/2"}],"replies":[{"embeddable":true,"href":"https:\/\/www.ufmg.br\/proex\/wp-json\/wp\/v2\/comments?post=5006"}],"version-history":[{"count":7,"href":"https:\/\/www.ufmg.br\/proex\/wp-json\/wp\/v2\/pages\/5006\/revisions"}],"predecessor-version":[{"id":5138,"href":"https:\/\/www.ufmg.br\/proex\/wp-json\/wp\/v2\/pages\/5006\/revisions\/5138"}],"wp:attachment":[{"href":"https:\/\/www.ufmg.br\/proex\/wp-json\/wp\/v2\/media?parent=5006"}],"wp:term":[{"taxonomy":"post_tag","embeddable":true,"href":"https:\/\/www.ufmg.br\/proex\/wp-json\/wp\/v2\/tags?post=5006"}],"curies":[{"name":"wp","href":"https:\/\/api.w.org\/{rel}","templated":true}]}}