{"id":519,"date":"2021-08-03T18:07:31","date_gmt":"2021-08-03T21:07:31","guid":{"rendered":"https:\/\/www.ufmg.br\/proex\/?page_id=519"},"modified":"2025-02-13T11:10:07","modified_gmt":"2025-02-13T14:10:07","slug":"o-que-e-extensao-universitaria","status":"publish","type":"page","link":"https:\/\/www.ufmg.br\/proex\/o-que-e-extensao-universitaria\/","title":{"rendered":"O que \u00e9 extens\u00e3o universit\u00e1ria?"},"content":{"rendered":"<p>Ela \u00e9 uma dimens\u00e3o formativa essencial da educa\u00e7\u00e3o superior que, articulada com o ensino e a pesquisa de forma indissoci\u00e1vel, desempenha um papel fundamental para a dimens\u00e3o social da universidade.<\/p>\n<p>Por meio da extens\u00e3o, a universidade materializa sua miss\u00e3o, colabora e participa das comunidades de seu entorno e da sociedade em geral, troca e compartilha conhecimentos e saberes com os outros setores sociais. A partir dessa intera\u00e7\u00e3o, novos saberes e conhecimentos s\u00e3o produzidos.<\/p>\n<p>As cinco principais <strong>modalidades<\/strong> de atividades de extens\u00e3o s\u00e3o:<\/p>\n<ul>\n<li>Projeto<\/li>\n<li>Programa<\/li>\n<li>Curso<\/li>\n<li>Evento<\/li>\n<li>Presta\u00e7\u00e3o de servi\u00e7o<\/li>\n<\/ul>\n<p><strong>Diretrizes <\/strong>que orientam a formula\u00e7\u00e3o e implementa\u00e7\u00e3o das atividades:<\/p>\n<ul>\n<li class=\"show\">Intera\u00e7\u00e3o dial\u00f3gica<\/li>\n<li class=\"show\">Interdisciplinaridade e interprofissionalidade<\/li>\n<li class=\"show\">Indissociabilidade ensino, pesquisa e extens\u00e3o<\/li>\n<li class=\"show\">Impacto na forma\u00e7\u00e3o do estudante<\/li>\n<li class=\"show\">Impacto e transforma\u00e7\u00e3o social<\/li>\n<\/ul>\n<p><strong>\u00c1reas tem\u00e1ticas <\/strong>da extens\u00e3o:<\/p>\n<ul>\n<li>Comunica\u00e7\u00e3o<\/li>\n<li>Cultura<\/li>\n<li>Direitos Humanos e Justi\u00e7a<\/li>\n<li>Educa\u00e7\u00e3o<\/li>\n<li>Meio Ambiente<\/li>\n<li>Sa\u00fade<\/li>\n<li>Tecnologia e Produ\u00e7\u00e3o<\/li>\n<li>Trabalho<\/li>\n<\/ul>\n<p><strong>Reconhecimento\u00a0<\/strong><\/p>\n<p>O reconhecimento legal e a cria\u00e7\u00e3o do F\u00f3rum Nacional de Pr\u00f3-Reitores de Extens\u00e3o das Universidades P\u00fablicas Brasileiras (Forproex), ambos na d\u00e9cada de 80, est\u00e3o entre os principais marcos do processo da institucionaliza\u00e7\u00e3o da extens\u00e3o no Brasil.<\/p>\n<p>A Constitui\u00e7\u00e3o Brasileira de 1988 estabeleceu que as universidades &#8220;obedecer\u00e3o ao princ\u00edpio da indissociabilidade entre ensino, pesquisa e extens\u00e3o&#8221; (Artigo 207).<\/p>\n<p>Em maio de 2012, a partir de debates amplos e abertos, o Forproex apresentou \u00e0 sociedade e \u00e0s universidades a <a href=\"https:\/\/www.ufmg.br\/proex\/documentos\/politica-nacional-de-extensao-universitaria-pneu\/\" target=\"_blank\" rel=\"noopener\">Pol\u00edtica Nacional da Extens\u00e3o Universit\u00e1ria<\/a> \u2013 um dos principais documentos norteadores.<\/p>\n<p>O PNEU concebe o conceito de extens\u00e3o que conhecemos atualmente:<\/p>\n<p>&#8220;A Extens\u00e3o Universit\u00e1ria, sob o princ\u00edpio constitucional da indissociabilidade entre ensino, pesquisa e extens\u00e3o, \u00e9 um processo interdisciplinar, educativo, cultural, cient\u00edfico e pol\u00edtico que promove a intera\u00e7\u00e3o transformadora entre Universidade e outros setores da sociedade&#8221;.<\/p>\n<p>Outro momento marcante para a extens\u00e3o universit\u00e1ria aconteceu em 2018 com publica\u00e7\u00e3o da Resolu\u00e7\u00e3o 07\/2018, do Conselho Nacional de Educa\u00e7\u00e3o (CNE\/MEC). Esse documento foi tamb\u00e9m importante pois estabeleceu as diretrizes da extens\u00e3o e fixou a presen\u00e7a m\u00ednima de 10% da carga hor\u00e1ria dos cursos de gradua\u00e7\u00e3o com atividades extensionistas (<a href=\"https:\/\/www.ufmg.br\/proex\/feu\/\" target=\"_blank\" rel=\"noopener\">conhe\u00e7a a a\u00e7\u00e3o da UFMG de integraliza\u00e7\u00e3o da extens\u00e3o aos curr\u00edculos<\/a>).<\/p>\n<p>No isolamento social imposto pela covid-19, a extens\u00e3o universit\u00e1ria mostrou sua for\u00e7a e se manteve atuante nas comunidades, ainda que de forma remota. Esse movimento hist\u00f3rico das universidades p\u00fablicas brasileiras foi fundamental para combater os impactos provocados pela covid-19, em especial entre os grupos sociais mais vulner\u00e1veis.<\/p>\n<p>&nbsp;<\/p>\n","protected":false},"excerpt":{"rendered":"<p>Ela \u00e9 uma dimens\u00e3o formativa essencial da educa\u00e7\u00e3o superior que, [&hellip;]<\/p>\n","protected":false},"author":2,"featured_media":0,"parent":0,"menu_order":0,"comment_status":"closed","ping_status":"closed","template":"","meta":[],"tags":[23,29,4],"_links":{"self":[{"href":"https:\/\/www.ufmg.br\/proex\/wp-json\/wp\/v2\/pages\/519"}],"collection":[{"href":"https:\/\/www.ufmg.br\/proex\/wp-json\/wp\/v2\/pages"}],"about":[{"href":"https:\/\/www.ufmg.br\/proex\/wp-json\/wp\/v2\/types\/page"}],"author":[{"embeddable":true,"href":"https:\/\/www.ufmg.br\/proex\/wp-json\/wp\/v2\/users\/2"}],"replies":[{"embeddable":true,"href":"https:\/\/www.ufmg.br\/proex\/wp-json\/wp\/v2\/comments?post=519"}],"version-history":[{"count":138,"href":"https:\/\/www.ufmg.br\/proex\/wp-json\/wp\/v2\/pages\/519\/revisions"}],"predecessor-version":[{"id":14548,"href":"https:\/\/www.ufmg.br\/proex\/wp-json\/wp\/v2\/pages\/519\/revisions\/14548"}],"wp:attachment":[{"href":"https:\/\/www.ufmg.br\/proex\/wp-json\/wp\/v2\/media?parent=519"}],"wp:term":[{"taxonomy":"post_tag","embeddable":true,"href":"https:\/\/www.ufmg.br\/proex\/wp-json\/wp\/v2\/tags?post=519"}],"curies":[{"name":"wp","href":"https:\/\/api.w.org\/{rel}","templated":true}]}}