{"id":5207,"date":"2022-05-26T16:59:28","date_gmt":"2022-05-26T19:59:28","guid":{"rendered":"https:\/\/www.ufmg.br\/proex\/?page_id=5207"},"modified":"2022-05-26T16:59:31","modified_gmt":"2022-05-26T19:59:31","slug":"curso-de-latim","status":"publish","type":"page","link":"https:\/\/www.ufmg.br\/proex\/curso-de-latim\/","title":{"rendered":"Curso de Latim"},"content":{"rendered":"<p><span style=\"font-weight: 400;\">Est\u00e3o abertas, at\u00e9 27\/05, as inscri\u00e7\u00f5es para estagi\u00e1rios e bolsistas de extens\u00e3o junto ao Centro de Extens\u00e3o da FALE\/UFMG para o Curso de <\/span><span style=\"font-weight: 400;\">L\u00edngua Latina. Interessados devem preencher o <\/span><a href=\"https:\/\/docs.google.com\/forms\/d\/1uc4-tFJi0isai10heKNJmDe8rZGQ64zUryhHxrHBVgc\/viewform?edit_requested=true\" target=\"_blank\" rel=\"noopener\"><span style=\"font-weight: 400;\">formul\u00e1rio eletr\u00f4nico<\/span><\/a><span style=\"font-weight: 400;\">.\u00a0<\/span><\/p>\n<p><span style=\"font-weight: 400;\">Podem se inscrever estudantes da gradua\u00e7\u00e3o de Letras com habilita\u00e7\u00e3o em Latim, que tenham sido aprovados, ou estejam cursando a disciplina L\u00edngua Latina III. Estudantes de outra habilita\u00e7\u00e3o ou que estejam vinculados a p\u00f3s-gradua\u00e7\u00e3o tamb\u00e9m podem realizar a inscri\u00e7\u00e3o, desde que comprovem, atrav\u00e9s de certifica\u00e7\u00e3o, profici\u00eancia na l\u00edngua latina.\u00a0<\/span><\/p>\n<p><span style=\"font-weight: 400;\">O estudante selecionado assumir\u00e1 as turmas no Curso de Latim.\u00a0<\/span><\/p>\n<p><span style=\"font-weight: 400;\">O processo seletivo ter\u00e1 duas etapas: entrevista e prova did\u00e1tica.\u00a0<\/span><\/p>\n<p><span style=\"font-weight: 400;\">O aluno selecionado cumprir\u00e1, no m\u00ednimo, uma jornada de 20 horas semanais.<\/span><\/p>\n<p><span style=\"font-weight: 400;\">As demais instru\u00e7\u00f5es devem ser obtidas atrav\u00e9s do <\/span><a href=\"http:\/\/www.letras.ufmg.br\/site\/pdfs\/EDITAL%20062%20LATIM.pdf\" target=\"_blank\" rel=\"noopener\"><span style=\"font-weight: 400;\">Edital 062\/2022<\/span><\/a><span style=\"font-weight: 400;\">\u00a0<\/span><\/p>\n","protected":false},"excerpt":{"rendered":"<p>Est\u00e3o abertas, at\u00e9 27\/05, as inscri\u00e7\u00f5es para estagi\u00e1rios e bolsistas [&hellip;]<\/p>\n","protected":false},"author":1,"featured_media":0,"parent":0,"menu_order":0,"comment_status":"closed","ping_status":"closed","template":"","meta":[],"tags":[],"_links":{"self":[{"href":"https:\/\/www.ufmg.br\/proex\/wp-json\/wp\/v2\/pages\/5207"}],"collection":[{"href":"https:\/\/www.ufmg.br\/proex\/wp-json\/wp\/v2\/pages"}],"about":[{"href":"https:\/\/www.ufmg.br\/proex\/wp-json\/wp\/v2\/types\/page"}],"author":[{"embeddable":true,"href":"https:\/\/www.ufmg.br\/proex\/wp-json\/wp\/v2\/users\/1"}],"replies":[{"embeddable":true,"href":"https:\/\/www.ufmg.br\/proex\/wp-json\/wp\/v2\/comments?post=5207"}],"version-history":[{"count":3,"href":"https:\/\/www.ufmg.br\/proex\/wp-json\/wp\/v2\/pages\/5207\/revisions"}],"predecessor-version":[{"id":5229,"href":"https:\/\/www.ufmg.br\/proex\/wp-json\/wp\/v2\/pages\/5207\/revisions\/5229"}],"wp:attachment":[{"href":"https:\/\/www.ufmg.br\/proex\/wp-json\/wp\/v2\/media?parent=5207"}],"wp:term":[{"taxonomy":"post_tag","embeddable":true,"href":"https:\/\/www.ufmg.br\/proex\/wp-json\/wp\/v2\/tags?post=5207"}],"curies":[{"name":"wp","href":"https:\/\/api.w.org\/{rel}","templated":true}]}}