{"id":5220,"date":"2022-05-26T16:54:41","date_gmt":"2022-05-26T19:54:41","guid":{"rendered":"https:\/\/www.ufmg.br\/proex\/?page_id=5220"},"modified":"2023-07-03T14:57:12","modified_gmt":"2023-07-03T17:57:12","slug":"incorporacao-da-ferramenta-de-comunicacao-instagram-no-icb","status":"publish","type":"page","link":"https:\/\/www.ufmg.br\/proex\/incorporacao-da-ferramenta-de-comunicacao-instagram-no-icb\/","title":{"rendered":"Incorpora\u00e7\u00e3o da ferramenta de comunica\u00e7\u00e3o Instagram no ICB"},"content":{"rendered":"<p><span style=\"font-weight: 400;\">Est\u00e3o abertas, at\u00e9 o<strong> dia 07 de julho,<\/strong> as inscri\u00e7\u00f5es para bolsista e volunt\u00e1rio no projeto de extens\u00e3o \u201cIncorpora\u00e7\u00e3o da ferramenta de comunica\u00e7\u00e3o Instagram na estrutura de divulga\u00e7\u00e3o das a\u00e7\u00f5es de extens\u00e3o do Instituto de Ci\u00eancias Biol\u00f3gicas da UFMG\u201d.\u00a0<\/span><\/p>\n<p><span style=\"font-weight: 400;\">Podem se inscrever alunos dos cursos de Comunica\u00e7\u00e3o Social, Ci\u00eancias Biol\u00f3gicas ou \u00e1reas da sa\u00fade. Ser\u00e1 disponibilizado 01 vaga para bolsa PBEXT e 01 vaga para volunt\u00e1rio.\u00a0<\/span><\/p>\n<p><span style=\"font-weight: 400;\">Para realizar a inscri\u00e7\u00e3o, o candidato dever\u00e1 enviar um e-mail\u00a0 para <\/span><a href=\"mailto:cenex@icb.ufmg.br\"><span style=\"font-weight: 400;\">cenex@icb.ufmg.br<\/span><\/a><span style=\"font-weight: 400;\">, com assunto \u201cInscri\u00e7\u00e3o para sele\u00e7\u00e3o de bolsista e volunt\u00e1rios \u2013\u00a0Edital Ref. PBEXT 04\/2023\u201d, e anexar (PDF):\u00a0<\/span><\/p>\n<ul>\n<li style=\"font-weight: 400;\" aria-level=\"1\"><span style=\"font-weight: 400;\">Carteira de Identidade e CPF;\u00a0<\/span><\/li>\n<li style=\"font-weight: 400;\" aria-level=\"1\"><span style=\"font-weight: 400;\">Comprovante de matr\u00edcula da UFMG;\u00a0<\/span><\/li>\n<li style=\"font-weight: 400;\" aria-level=\"1\"><span style=\"font-weight: 400;\">Hist\u00f3rico Escolar, incluindo o Rendimento Semestral Global ou Nota Semestral Global (Dispon\u00edvel na intranet);\u00a0<\/span><\/li>\n<li style=\"font-weight: 400;\" aria-level=\"1\"><span style=\"font-weight: 400;\">Carta de Inten\u00e7\u00e3o com o limite de at\u00e9 15 linhas, na qual o candidato exp\u00f5e as raz\u00f5es e expectativas em participar do projeto;<\/span><\/li>\n<li style=\"font-weight: 400;\" aria-level=\"1\"><span style=\"font-weight: 400;\">Declara\u00e7\u00e3o ou auto-declara\u00e7\u00e3o sobre a habilidade com tecnologias digitais e recursos das m\u00eddias sociais, assim como das no\u00e7\u00f5es b\u00e1sicas de elabora\u00e7\u00e3o de v\u00eddeos, edi\u00e7\u00e3o de \u00e1udio, imagens e anima\u00e7\u00e3o gr\u00e1fica.\u00a0<\/span><\/li>\n<li style=\"font-weight: 400;\" aria-level=\"1\"><span style=\"font-weight: 400;\">Link do v\u00eddeo com tem\u00e1tica \u201cExtens\u00e3o Universit\u00e1ria\u201d;<\/span><\/li>\n<li aria-level=\"1\">Mencionar a disponibilidade de hor\u00e1rio, em formato de tabela, nos turnos matutino, vespertino ou noturno, de segunda a sexta-feira.<\/li>\n<\/ul>\n<p><span style=\"font-weight: 400;\">O processo seletivo analisar\u00e1: Hist\u00f3rico escolar, carta de inten\u00e7\u00e3o, entrevista e v\u00eddeo.\u00a0<\/span><\/p>\n<p>A sele\u00e7\u00e3o ser\u00e1 realizada no dia 11 de julho de 2023, ter\u00e7a-feira, a partir das 14h, por videoconfer\u00eancia, e o endere\u00e7o para acesso \u00e0 sala virtual ser\u00e1 disponibilizado por e-mail. O resultado ser\u00e1 comunicado a(o)s candidatos(as) via e-mail na data de 12 de julho de 2023, a partir das 16h.<\/p>\n<p><span style=\"font-weight: 400;\">As demais informa\u00e7\u00f5es devem ser consultadas no <\/span><a href=\"https:\/\/www.ufmg.br\/proex\/wp-content\/uploads\/2023\/07\/Edital-CENEX-2023.pdf\" target=\"_blank\" rel=\"noopener\"><span style=\"font-weight: 400;\">Edital 1523\/2023<\/span><span style=\"font-weight: 400;\">.\u00a0\u00a0<\/span><\/a><\/p>\n","protected":false},"excerpt":{"rendered":"<p>Est\u00e3o abertas, at\u00e9 o dia 07 de julho, as inscri\u00e7\u00f5es [&hellip;]<\/p>\n","protected":false},"author":1,"featured_media":0,"parent":0,"menu_order":0,"comment_status":"closed","ping_status":"closed","template":"","meta":[],"tags":[],"_links":{"self":[{"href":"https:\/\/www.ufmg.br\/proex\/wp-json\/wp\/v2\/pages\/5220"}],"collection":[{"href":"https:\/\/www.ufmg.br\/proex\/wp-json\/wp\/v2\/pages"}],"about":[{"href":"https:\/\/www.ufmg.br\/proex\/wp-json\/wp\/v2\/types\/page"}],"author":[{"embeddable":true,"href":"https:\/\/www.ufmg.br\/proex\/wp-json\/wp\/v2\/users\/1"}],"replies":[{"embeddable":true,"href":"https:\/\/www.ufmg.br\/proex\/wp-json\/wp\/v2\/comments?post=5220"}],"version-history":[{"count":6,"href":"https:\/\/www.ufmg.br\/proex\/wp-json\/wp\/v2\/pages\/5220\/revisions"}],"predecessor-version":[{"id":9067,"href":"https:\/\/www.ufmg.br\/proex\/wp-json\/wp\/v2\/pages\/5220\/revisions\/9067"}],"wp:attachment":[{"href":"https:\/\/www.ufmg.br\/proex\/wp-json\/wp\/v2\/media?parent=5220"}],"wp:term":[{"taxonomy":"post_tag","embeddable":true,"href":"https:\/\/www.ufmg.br\/proex\/wp-json\/wp\/v2\/tags?post=5220"}],"curies":[{"name":"wp","href":"https:\/\/api.w.org\/{rel}","templated":true}]}}