{"id":5237,"date":"2022-05-26T21:53:26","date_gmt":"2022-05-27T00:53:26","guid":{"rendered":"https:\/\/www.ufmg.br\/proex\/?page_id=5237"},"modified":"2022-05-26T21:58:00","modified_gmt":"2022-05-27T00:58:00","slug":"gestao-e-aprimoramento-da-divulgacao-da-extensao-faculdade-de-farmacia","status":"publish","type":"page","link":"https:\/\/www.ufmg.br\/proex\/gestao-e-aprimoramento-da-divulgacao-da-extensao-faculdade-de-farmacia\/","title":{"rendered":"Gest\u00e3o e aprimoramento da divulga\u00e7\u00e3o da extens\u00e3o &#8211; Faculdade de Farm\u00e1cia"},"content":{"rendered":"<p>O projeto <em>Gest\u00e3o e aprimoramento da divulga\u00e7\u00e3o das a\u00e7\u00f5es de extens\u00e3o do Cenex da Faculdade de Farm\u00e1cia<\/em> abriu inscri\u00e7\u00f5es para uma vaga de bolsa de extens\u00e3o destinada aos estudantes de qualquer curso de gradua\u00e7\u00e3o da UFMG.<\/p>\n<p>O projeto que tem por finalidade, consolidar a divulga\u00e7\u00e3o da extens\u00e3o na Faculdade de Farm\u00e1cia da UFMG, visando construir\/ou aperfei\u00e7oar e disponibilizar uma rede de divulga\u00e7\u00e3o das a\u00e7\u00f5es e produtos de extens\u00e3o\u00a0 da unidade atrav\u00e9s das m\u00eddias sociais dispon\u00edveis, com intuito de fortalecer ainda mais o v\u00ednculo entre a universidade e a sociedade.<\/p>\n<p>As inscri\u00e7\u00f5es s\u00e3o feitas de 26\/05\/2022 a 02\/06\/2022.<\/p>\n<p>Requisitos<strong>:<\/strong>\u00a0Conhecimentos intermedi\u00e1rios de inform\u00e1tica, ferramentas\u00a0de\u00a0<em>design<\/em>\u00a0gr\u00e1fico e de redes sociais.<\/p>\n<p><strong>Documentos exigidos<br \/>\n<\/strong>a) Hist\u00f3rico Escolar<br \/>\nb) Texto contendo uma exposi\u00e7\u00e3o dos motivos que levaram o(a) estudante a pleitear sua participa\u00e7\u00e3o no projeto, em uma lauda, com fonte Arial 12 e espa\u00e7amento entre linhas de 1,5.<\/p>\n<p>Conforme o edital, a documenta\u00e7\u00e3o exigida para o processo de sele\u00e7\u00e3o dever\u00e1 ser encaminhada atrav\u00e9s do\u00a0e-mail:\u00a0<a href=\"mailto:farmacia@cenex.ufmg.br\" target=\"_blank\" rel=\"noopener\">farmacia@cenex.ufmg.br<\/a><\/p>\n<p>Vig\u00eancia de bolsa: 12 meses<\/p>\n<p>Leia atentamente o <a href=\"https:\/\/www.ufmg.br\/proex\/wp-content\/uploads\/2022\/05\/PROCESSO_SELETIVO_PARA_BOLSISTA_CENEX_final.pdf\" target=\"_blank\" rel=\"noopener\">edital 01\/2022<\/a> e se inscreva.<\/p>\n<p>&nbsp;<\/p>\n","protected":false},"excerpt":{"rendered":"<p>O projeto Gest\u00e3o e aprimoramento da divulga\u00e7\u00e3o das a\u00e7\u00f5es de [&hellip;]<\/p>\n","protected":false},"author":2,"featured_media":0,"parent":0,"menu_order":0,"comment_status":"closed","ping_status":"closed","template":"","meta":[],"tags":[],"_links":{"self":[{"href":"https:\/\/www.ufmg.br\/proex\/wp-json\/wp\/v2\/pages\/5237"}],"collection":[{"href":"https:\/\/www.ufmg.br\/proex\/wp-json\/wp\/v2\/pages"}],"about":[{"href":"https:\/\/www.ufmg.br\/proex\/wp-json\/wp\/v2\/types\/page"}],"author":[{"embeddable":true,"href":"https:\/\/www.ufmg.br\/proex\/wp-json\/wp\/v2\/users\/2"}],"replies":[{"embeddable":true,"href":"https:\/\/www.ufmg.br\/proex\/wp-json\/wp\/v2\/comments?post=5237"}],"version-history":[{"count":8,"href":"https:\/\/www.ufmg.br\/proex\/wp-json\/wp\/v2\/pages\/5237\/revisions"}],"predecessor-version":[{"id":5248,"href":"https:\/\/www.ufmg.br\/proex\/wp-json\/wp\/v2\/pages\/5237\/revisions\/5248"}],"wp:attachment":[{"href":"https:\/\/www.ufmg.br\/proex\/wp-json\/wp\/v2\/media?parent=5237"}],"wp:term":[{"taxonomy":"post_tag","embeddable":true,"href":"https:\/\/www.ufmg.br\/proex\/wp-json\/wp\/v2\/tags?post=5237"}],"curies":[{"name":"wp","href":"https:\/\/api.w.org\/{rel}","templated":true}]}}