{"id":524,"date":"2021-08-03T18:20:51","date_gmt":"2021-08-03T21:20:51","guid":{"rendered":"https:\/\/www.ufmg.br\/proex\/?page_id=524"},"modified":"2025-02-13T11:17:32","modified_gmt":"2025-02-13T14:17:32","slug":"venha-para-a-extensao-da-ufmg","status":"publish","type":"page","link":"https:\/\/www.ufmg.br\/proex\/venha-para-a-extensao-da-ufmg\/","title":{"rendered":"Venha para a extens\u00e3o"},"content":{"rendered":"<p>A participa\u00e7\u00e3o na extens\u00e3o \u00e9 uma experi\u00eancia valiosa para o estudante e uma oportunidade de crescimento para al\u00e9m das atividades curriculares.<\/p>\n<p>O estudante da UFMG, tanto da gradua\u00e7\u00e3o quanto da p\u00f3s-gradua\u00e7\u00e3o, pode receber bolsa para participar de atividades extensionistas da UFMG vinculadas a editais p\u00fablicos e programas da Pr\u00f3-reitoria de Extens\u00e3o, iniciativas com financiamento externo ou como volunt\u00e1rio.<\/p>\n<p>A participa\u00e7\u00e3o pode usada ainda para a integralizar cr\u00e9ditos nos cursos de gradua\u00e7\u00e3o.<\/p>\n<p>A abertura de vagas \u00e9 divulgada pelos coordenadores das a\u00e7\u00f5es e Centros de Extens\u00e3o (Cenex). O discente dever\u00e1 entrar em contato com <a href=\"https:\/\/www.ufmg.br\/proex\/centros-de-extensao\/\" target=\"_blank\" rel=\"noopener\">Cenex<\/a> de sua unidade para se informar sobre processos seletivos e atividades desenvolvidas.<\/p>\n<p>Os interessados devem ficar atentos tamb\u00e9m ao site e redes sociais oficiais da Proex, por meio dos quais divulgamos as <a href=\"https:\/\/www.ufmg.br\/proex\/oportunidades-de-bolsas\/\" target=\"_blank\" rel=\"noopener\">oportunidades de bolsas<\/a>.<\/p>\n<p>A estudante de Direito B\u00e1rbara Braz atuou como bolsista no programa <a href=\"https:\/\/sistemas.ufmg.br\/siex\/AuditarPrograma.do?id=65307\" target=\"_blank\" rel=\"noopener\">Recaj UFMG &#8211; Resolu\u00e7\u00e3o de conflitos e acesso \u00e0 justi\u00e7a<\/a>. Ela relata a experi\u00eancia em participar de uma a\u00e7\u00e3o de impacto social. \u201cA extens\u00e3o n\u00e3o se trata de assistencialismo, de levar conhecimento, de colocar a Universidade em posi\u00e7\u00e3o de transmiss\u00e3o e a comunidade como simples receptora. A extens\u00e3o demonstra seu papel e import\u00e2ncia ao empoderar a comunidade quando troca saberes, quando problematiza e interv\u00e9m de forma efetiva e leva \u00e0 reflex\u00e3o\u201d, afirma a discente, que participou do programa de 2018 a 2019.<\/p>\n<p>A possibilidade de participa\u00e7\u00e3o de alunos n\u00e3o matriculados na UFMG \u00e9 definida pela programa de bolsa ou diretamente pelas atividades.<\/p>\n<p><strong>Dados da extens\u00e3o<\/strong><\/p>\n<p>No <a href=\"https:\/\/sistemas.ufmg.br\/siex\/PrepararPesquisarAcaoExtensao.do?clean=1\" target=\"_blank\" rel=\"noopener\">Sistema de Informa\u00e7\u00e3o da Extens\u00e3o (Siex)<\/a>, um sistema aberto e mantido pela PROEX para consulta p\u00fablica, os estudantes t\u00eam acesso a dados de todas as a\u00e7\u00f5es de extens\u00e3o. A base de dados possui diversos filtros para facilitar a identifica\u00e7\u00e3o de atividades e \u00e1reas de interesse.<\/p>\n<p><strong>Contatos para esclarecimentos de d\u00favidas<\/strong><\/p>\n<p>Diretoria de Apoio \u00e0 Gest\u00e3o da Extens\u00e3o (DAGE)<br \/>\n<strong>Telefone<\/strong>: (31) 3409-3215<br \/>\n<strong>E-mail: <\/strong>dage@proex.ufmg.br<\/p>\n<p>Diretoria de Fomento e Avalia\u00e7\u00e3o da Extens\u00e3o (DAFE)<br \/>\n<strong>Telefone:<\/strong>\u00a0(31) 3409-3928<br \/>\n<strong>E-mail:<\/strong> fomento@proex.ufmg.br<\/p>\n<p>&nbsp;<\/p>\n<p>&nbsp;<\/p>\n<p>&nbsp;<\/p>\n<p>&nbsp;<\/p>\n<p>&nbsp;<\/p>\n<p>&nbsp;<\/p>\n<p>&nbsp;<\/p>\n<p>&nbsp;<\/p>\n<p>&nbsp;<\/p>\n","protected":false},"excerpt":{"rendered":"<p>A participa\u00e7\u00e3o na extens\u00e3o \u00e9 uma experi\u00eancia valiosa para o [&hellip;]<\/p>\n","protected":false},"author":2,"featured_media":0,"parent":0,"menu_order":0,"comment_status":"closed","ping_status":"closed","template":"","meta":[],"tags":[49,51,127,129,111,185,145,133,241,597,23,25,243,109,29,141,171,169,4,601,239],"_links":{"self":[{"href":"https:\/\/www.ufmg.br\/proex\/wp-json\/wp\/v2\/pages\/524"}],"collection":[{"href":"https:\/\/www.ufmg.br\/proex\/wp-json\/wp\/v2\/pages"}],"about":[{"href":"https:\/\/www.ufmg.br\/proex\/wp-json\/wp\/v2\/types\/page"}],"author":[{"embeddable":true,"href":"https:\/\/www.ufmg.br\/proex\/wp-json\/wp\/v2\/users\/2"}],"replies":[{"embeddable":true,"href":"https:\/\/www.ufmg.br\/proex\/wp-json\/wp\/v2\/comments?post=524"}],"version-history":[{"count":104,"href":"https:\/\/www.ufmg.br\/proex\/wp-json\/wp\/v2\/pages\/524\/revisions"}],"predecessor-version":[{"id":14553,"href":"https:\/\/www.ufmg.br\/proex\/wp-json\/wp\/v2\/pages\/524\/revisions\/14553"}],"wp:attachment":[{"href":"https:\/\/www.ufmg.br\/proex\/wp-json\/wp\/v2\/media?parent=524"}],"wp:term":[{"taxonomy":"post_tag","embeddable":true,"href":"https:\/\/www.ufmg.br\/proex\/wp-json\/wp\/v2\/tags?post=524"}],"curies":[{"name":"wp","href":"https:\/\/api.w.org\/{rel}","templated":true}]}}