{"id":532,"date":"2026-03-30T10:37:56","date_gmt":"2026-03-30T13:37:56","guid":{"rendered":"https:\/\/www.ufmg.br\/proex\/?page_id=532"},"modified":"2026-04-23T11:50:17","modified_gmt":"2026-04-23T14:50:17","slug":"fomento","status":"publish","type":"page","link":"https:\/\/www.ufmg.br\/proex\/fomento\/","title":{"rendered":"Cronograma editais de fomento PROEX"},"content":{"rendered":"\n<table id=\"tablepress-43\" class=\"tablepress tablepress-id-43\">\n<thead>\n<tr class=\"row-1 odd\">\n\t<th class=\"column-1\">Edital<\/th><th class=\"column-2\">Previs\u00e3o de lan\u00e7amento<\/th>\n<\/tr>\n<\/thead>\n<tbody class=\"row-hover\">\n<tr class=\"row-2 even\">\n\t<td class=\"column-1\">08\/2026 - PAIE - Programa de apoio integrado a eventos <\/td><td class=\"column-2\">06\/04\/2026<\/td>\n<\/tr>\n<tr class=\"row-3 odd\">\n\t<td class=\"column-1\">05\/2026 - Fomento a Produtos Extensionistas <\/td><td class=\"column-2\">06\/04\/2026<\/td>\n<\/tr>\n<tr class=\"row-4 even\">\n\t<td class=\"column-1\">06\/2026 - Fomento a a\u00e7\u00f5es museol\u00f3gicas <\/td><td class=\"column-2\">08\/05\/2026<\/td>\n<\/tr>\n<tr class=\"row-5 odd\">\n\t<td class=\"column-1\">02\/2026 - Formex - Fomento \u00e0 forma\u00e7\u00e3o em extens\u00e3o no \u00e2mbito da p\u00f3s-gradua\u00e7\u00e3o <\/td><td class=\"column-2\">08\/05\/2026<\/td>\n<\/tr>\n<tr class=\"row-6 even\">\n\t<td class=\"column-1\">03\/2026 - Democratizar - Fomento de bolsas para programas, projetos e cursos de extens\u00e3o em direitos humanos e meio ambiente<\/td><td class=\"column-2\">08\/05\/2026<\/td>\n<\/tr>\n<tr class=\"row-7 odd\">\n\t<td class=\"column-1\">01\/2026 - Pbext - Fomento de bolsas para programas, projetos e cursos de extens\u00e3o<\/td><td class=\"column-2\">01\/06\/2026<\/td>\n<\/tr>\n<tr class=\"row-8 even\">\n\t<td class=\"column-1\">04\/2026 - Apex -Apoio ao aprimoramento da gest\u00e3o e da pol\u00edtica de extens\u00e3o da UFMG por meio da concess\u00e3o de bolsas para estudantes de gradua\u00e7\u00e3o<\/td><td class=\"column-2\">22\/09\/2026<\/td>\n<\/tr>\n<\/tbody>\n<\/table>\n<!-- #tablepress-43 from cache -->\n<p><a href=\"https:\/\/www.ufmg.br\/proex\/editais-de-fomento\/\">Acesse as informa\u00e7\u00f5es completas de cada edital neste link.<\/a><\/p>\n<p>&nbsp;<\/p>\n","protected":false},"excerpt":{"rendered":"<p>Acesse as informa\u00e7\u00f5es completas de cada edital neste link. &nbsp;<\/p>\n","protected":false},"author":2,"featured_media":0,"parent":0,"menu_order":0,"comment_status":"closed","ping_status":"closed","template":"","meta":[],"tags":[241,23,337,29],"_links":{"self":[{"href":"https:\/\/www.ufmg.br\/proex\/wp-json\/wp\/v2\/pages\/532"}],"collection":[{"href":"https:\/\/www.ufmg.br\/proex\/wp-json\/wp\/v2\/pages"}],"about":[{"href":"https:\/\/www.ufmg.br\/proex\/wp-json\/wp\/v2\/types\/page"}],"author":[{"embeddable":true,"href":"https:\/\/www.ufmg.br\/proex\/wp-json\/wp\/v2\/users\/2"}],"replies":[{"embeddable":true,"href":"https:\/\/www.ufmg.br\/proex\/wp-json\/wp\/v2\/comments?post=532"}],"version-history":[{"count":129,"href":"https:\/\/www.ufmg.br\/proex\/wp-json\/wp\/v2\/pages\/532\/revisions"}],"predecessor-version":[{"id":17732,"href":"https:\/\/www.ufmg.br\/proex\/wp-json\/wp\/v2\/pages\/532\/revisions\/17732"}],"wp:attachment":[{"href":"https:\/\/www.ufmg.br\/proex\/wp-json\/wp\/v2\/media?parent=532"}],"wp:term":[{"taxonomy":"post_tag","embeddable":true,"href":"https:\/\/www.ufmg.br\/proex\/wp-json\/wp\/v2\/tags?post=532"}],"curies":[{"name":"wp","href":"https:\/\/api.w.org\/{rel}","templated":true}]}}