{"id":5377,"date":"2024-02-20T09:34:50","date_gmt":"2024-02-20T12:34:50","guid":{"rendered":"https:\/\/www.ufmg.br\/proex\/?page_id=5377"},"modified":"2026-04-15T14:24:33","modified_gmt":"2026-04-15T17:24:33","slug":"domingonocampus","status":"publish","type":"page","link":"https:\/\/www.ufmg.br\/proex\/domingonocampus\/","title":{"rendered":"Domingo no Campus UFMG"},"content":{"rendered":"<h4 class=\"western\"><em><strong>Pr\u00f3ximas edi\u00e7\u00f5es ser\u00e3o nos dias <\/strong>14 de junho e 6 de setembro\u00a0<\/em><\/h4>\n<p>&nbsp;<\/p>\n<div id=\"attachment_17615\" style=\"width: 710px\" class=\"wp-caption alignnone\"><img aria-describedby=\"caption-attachment-17615\" loading=\"lazy\" class=\"wp-image-17615\" title=\"Na \u00faltima edi\u00e7\u00e3o, p\u00fablico aproveitou muito lazer no campus Pampulha | Foto: Jebs Lima\/UFMG\" src=\"https:\/\/www.ufmg.br\/proex\/wp-content\/uploads\/2026\/04\/DOMINGO-NO-CAMPUS-98-ANOS-UFMG-FOTO-JEBS-LIMA-07-09-25-300x220.jpg\" alt=\"Na \u00faltima edi\u00e7\u00e3o, p\u00fablico aproveitou muito lazer no campus Pampulha | Foto: Jebs Lima\/UFMG\" width=\"700\" height=\"512\" srcset=\"https:\/\/www.ufmg.br\/proex\/wp-content\/uploads\/2026\/04\/DOMINGO-NO-CAMPUS-98-ANOS-UFMG-FOTO-JEBS-LIMA-07-09-25-300x220.jpg 300w, https:\/\/www.ufmg.br\/proex\/wp-content\/uploads\/2026\/04\/DOMINGO-NO-CAMPUS-98-ANOS-UFMG-FOTO-JEBS-LIMA-07-09-25-1024x749.jpg 1024w, https:\/\/www.ufmg.br\/proex\/wp-content\/uploads\/2026\/04\/DOMINGO-NO-CAMPUS-98-ANOS-UFMG-FOTO-JEBS-LIMA-07-09-25-768x562.jpg 768w, https:\/\/www.ufmg.br\/proex\/wp-content\/uploads\/2026\/04\/DOMINGO-NO-CAMPUS-98-ANOS-UFMG-FOTO-JEBS-LIMA-07-09-25-1536x1124.jpg 1536w, https:\/\/www.ufmg.br\/proex\/wp-content\/uploads\/2026\/04\/DOMINGO-NO-CAMPUS-98-ANOS-UFMG-FOTO-JEBS-LIMA-07-09-25.jpg 2047w\" sizes=\"(max-width: 700px) 100vw, 700px\" \/><p id=\"caption-attachment-17615\" class=\"wp-caption-text\">Na \u00faltima edi\u00e7\u00e3o, p\u00fablico aproveitou muito lazer no campus Pampulha | Foto: Jebs Lima\/UFMG<\/p><\/div>\n<p data-prosemirror-content-type=\"node\" data-prosemirror-node-name=\"paragraph\" data-prosemirror-node-block=\"true\" data-pm-slice=\"1 1 []\">A UFMG prepara uma programa\u00e7\u00e3o especial para as pr\u00f3ximas edi\u00e7\u00f5es do Domingo no Campus!<\/p>\n<p><strong>Pr\u00f3ximos eventos<\/strong><\/p>\n<ul>\n<li data-prosemirror-content-type=\"node\" data-prosemirror-node-name=\"paragraph\" data-prosemirror-node-block=\"true\" data-pm-slice=\"1 1 []\">14 de junho de 2026 (campus Pampulha\/BH)<\/li>\n<li data-prosemirror-content-type=\"node\" data-prosemirror-node-name=\"paragraph\" data-prosemirror-node-block=\"true\" data-pm-slice=\"1 1 []\">6 de setembro de 2026 (Campus Pampulha\/BH)<\/li>\n<\/ul>\n<p data-prosemirror-content-type=\"node\" data-prosemirror-node-name=\"paragraph\" data-prosemirror-node-block=\"true\" data-pm-slice=\"1 1 []\">O Domingo no Campus oferece atra\u00e7\u00f5es gratuitas para toda a fam\u00edlia.<\/p>\n<p data-start=\"122\" data-end=\"174\"><strong data-start=\"122\" data-end=\"174\">Inscri\u00e7\u00e3o de atividades para programa\u00e7\u00e3o<\/strong><\/p>\n<p>A Pr\u00f3-Reitoria de Extens\u00e3o da UFMG recebe inscri\u00e7\u00f5es de atividades para a edi\u00e7\u00e3o de 14 de junho.<\/p>\n<p data-start=\"335\" data-end=\"484\">As inscri\u00e7\u00f5es est\u00e3o abertas de 13 de abril a 12 de maio, at\u00e9 as 18h, e dever\u00e3o ser feitas por meio do formul\u00e1rio dispon\u00edvel abaixo.<\/p>\n<p data-start=\"486\" data-end=\"513\"><a href=\"https:\/\/questionarios.ufmg.br\/index.php\/175228?lang=pt-BR\" target=\"_blank\" rel=\"noopener\">Formul\u00e1rio de inscri\u00e7\u00e3o.<\/a><\/p>\n<p data-start=\"515\" data-end=\"629\">Podem submeter propostas estudantes, servidores t\u00e9cnico-administrativos e docentes da UFMG.<\/p>\n<p data-prosemirror-content-type=\"node\" data-prosemirror-node-name=\"paragraph\" data-prosemirror-node-block=\"true\" data-pm-slice=\"1 1 []\"><strong>Edi\u00e7\u00e3o comemorativa<\/strong><br \/>\nA \u00faltima edi\u00e7\u00e3o do Domingo no Campus aconteceu <span class=\"a_GcMg font-feature-liga-off font-feature-clig-off font-feature-calt-off text-decoration-none text-strikethrough-none\">no <\/span><span class=\"a_GcMg font-feature-liga-off font-feature-clig-off font-feature-calt-off text-decoration-none text-strikethrough-none\">dia 7 setembro de 2025 <\/span><span class=\"a_GcMg font-feature-liga-off font-feature-clig-off font-feature-calt-off text-decoration-none text-strikethrough-none\">em comemora\u00e7\u00e3o aos 98 anos da Universidade e 10 anos do evento.<\/span><\/p>\n<p data-prosemirror-content-type=\"node\" data-prosemirror-node-name=\"paragraph\" data-prosemirror-node-block=\"true\" data-pm-slice=\"1 1 []\">Teve bolo, parab\u00e9ns e 37 atra\u00e7\u00f5es.<\/p>\n<div id=\"attachment_16466\" style=\"width: 390px\" class=\"wp-caption alignright\"><img aria-describedby=\"caption-attachment-16466\" loading=\"lazy\" class=\"wp-image-16466\" src=\"https:\/\/www.ufmg.br\/proex\/wp-content\/uploads\/2025\/09\/SaveGram.App_542765222_18522542107035080_1148020834560056113_n-fotor-20250912113254-287x300.png\" alt=\"Reitora da UFMG corta o bolo de 98 anos da UFMG Foto: Jebs Lima | UFMG\" width=\"380\" height=\"397\" srcset=\"https:\/\/www.ufmg.br\/proex\/wp-content\/uploads\/2025\/09\/SaveGram.App_542765222_18522542107035080_1148020834560056113_n-fotor-20250912113254-287x300.png 287w, https:\/\/www.ufmg.br\/proex\/wp-content\/uploads\/2025\/09\/SaveGram.App_542765222_18522542107035080_1148020834560056113_n-fotor-20250912113254-981x1024.png 981w, https:\/\/www.ufmg.br\/proex\/wp-content\/uploads\/2025\/09\/SaveGram.App_542765222_18522542107035080_1148020834560056113_n-fotor-20250912113254-768x802.png 768w, https:\/\/www.ufmg.br\/proex\/wp-content\/uploads\/2025\/09\/SaveGram.App_542765222_18522542107035080_1148020834560056113_n-fotor-20250912113254.png 1026w\" sizes=\"(max-width: 380px) 100vw, 380px\" \/><p id=\"caption-attachment-16466\" class=\"wp-caption-text\">Reitora Sandra Goulart Almeida corta o bolo de anivers\u00e1rio da UFMG na edi\u00e7\u00e3o de 7 de setembro | Foto: Jebs Lima\/UFMG<\/p><\/div>\n<p data-prosemirror-content-type=\"node\" data-prosemirror-node-name=\"paragraph\" data-prosemirror-node-block=\"true\" data-pm-slice=\"1 1 []\"><strong>Confira a cobertura da edi\u00e7\u00e3o de 7 setembro\u00a0<\/strong><br \/>\n<a href=\"https:\/\/www.ufmg.br\/comunicacao\/noticias\/coberturas-especiais\/no-aniversario-da-ufmg-domingo-no-campus-teve-bolo-parabens-e-37-oficinas\/\" target=\"_blank\" rel=\"noopener\">Portal UFMG<\/a><br \/>\n<a href=\"https:\/\/www.youtube.com\/watch?v=xHdT7TqsIgw\" target=\"_blank\" rel=\"noopener\">TV UFMG<\/a><\/p>\n<p data-prosemirror-content-type=\"node\" data-prosemirror-node-name=\"paragraph\" data-prosemirror-node-block=\"true\" data-pm-slice=\"1 1 []\"><a href=\"https:\/\/www.ufmg.br\/proex\/wp-content\/uploads\/2025\/08\/Domingo-no-Campus-Programacao-de-07-de-setembro-de-2025-1.pdf\" target=\"_blank\" rel=\"noopener\">\ud83d\udc49\ud83c\udffbPROGRAMA\u00c7\u00c3O COMPLETA &#8211; edi\u00e7\u00e3o de 7 de setembro<\/a><\/p>\n<p><strong>Universidade de todos (as)!<\/strong><\/p>\n<p class=\"\" data-start=\"184\" data-end=\"451\">De tempos em tempos, a UFMG promove o Domingo no Campus e convida as pessoas da comunidade interna e externa da Universidade a aproveitarem atra\u00e7\u00f5es esportivas, culturais e art\u00edsticas no campus Pampulha (BH) e no Instituto de Ci\u00eancias Agr\u00e1rias (ICA) \u2014 UFMG Montes Claros.<\/p>\n<p data-start=\"184\" data-end=\"451\">O evento \u00e9 promovido anualmente pela Pr\u00f3-reitoria de Extens\u00e3o (Proex) em parceria com as pr\u00f3-reitorias de Administra\u00e7\u00e3o (PRA), Recursos Humanos (PRORH) e Assuntos Estudantis (Prae), com o N\u00facleo de Acessibilidade e Inclus\u00e3o (NAI), Coordenadoria de Assuntos Comunit\u00e1rios (CAC), Centro de Comunica\u00e7\u00e3o (Cedecom) e apoio da Fundep \u2014 Funda\u00e7\u00e3o de Apoio da UFMG.<\/p>\n<p data-start=\"81\" data-end=\"217\">Siga os perfis da Proex nas <a href=\"https:\/\/www.instagram.com\/extensaoufmg\/\" target=\"_blank\" rel=\"noopener\">redes sociais<\/a> e fique por dentro das pr\u00f3ximas edi\u00e7\u00f5es do Domingo no Campus!<\/p>\n<p>D\u00favidas podem ser esclarecidas pelo e-mail <a href=\"mailto:eventos@proex.ufmg.br\" target=\"_blank\" rel=\"noopener\">eventos@proex.ufmg.br<\/a> ou telefone (31) 3409-3215.<\/p>\n<p><a href=\"https:\/\/www.flickr.com\/photos\/galeriaufmg\/albums\/72177720311390243\/with\/53205833320\/\" target=\"_blank\" rel=\"noopener\">Mais fotos do evento.<\/a><\/p>\n","protected":false},"excerpt":{"rendered":"<p>Pr\u00f3ximas edi\u00e7\u00f5es ser\u00e3o nos dias 14 de junho e 6 [&hellip;]<\/p>\n","protected":false},"author":2,"featured_media":0,"parent":0,"menu_order":0,"comment_status":"closed","ping_status":"closed","template":"","meta":[],"tags":[745,725,23],"_links":{"self":[{"href":"https:\/\/www.ufmg.br\/proex\/wp-json\/wp\/v2\/pages\/5377"}],"collection":[{"href":"https:\/\/www.ufmg.br\/proex\/wp-json\/wp\/v2\/pages"}],"about":[{"href":"https:\/\/www.ufmg.br\/proex\/wp-json\/wp\/v2\/types\/page"}],"author":[{"embeddable":true,"href":"https:\/\/www.ufmg.br\/proex\/wp-json\/wp\/v2\/users\/2"}],"replies":[{"embeddable":true,"href":"https:\/\/www.ufmg.br\/proex\/wp-json\/wp\/v2\/comments?post=5377"}],"version-history":[{"count":1003,"href":"https:\/\/www.ufmg.br\/proex\/wp-json\/wp\/v2\/pages\/5377\/revisions"}],"predecessor-version":[{"id":17628,"href":"https:\/\/www.ufmg.br\/proex\/wp-json\/wp\/v2\/pages\/5377\/revisions\/17628"}],"wp:attachment":[{"href":"https:\/\/www.ufmg.br\/proex\/wp-json\/wp\/v2\/media?parent=5377"}],"wp:term":[{"taxonomy":"post_tag","embeddable":true,"href":"https:\/\/www.ufmg.br\/proex\/wp-json\/wp\/v2\/tags?post=5377"}],"curies":[{"name":"wp","href":"https:\/\/api.w.org\/{rel}","templated":true}]}}