{"id":5430,"date":"2022-05-31T14:59:27","date_gmt":"2022-05-31T17:59:27","guid":{"rendered":"https:\/\/www.ufmg.br\/proex\/?page_id=5430"},"modified":"2024-03-04T08:28:59","modified_gmt":"2024-03-04T11:28:59","slug":"aue","status":"publish","type":"page","link":"https:\/\/www.ufmg.br\/proex\/aue\/","title":{"rendered":"Grupo AU\u00ca!"},"content":{"rendered":"<p data-adtags-visited=\"true\">O AU\u00ca!\/UFMG \u2013 Grupo de Estudos em Agricultura Urbana recebe inscri\u00e7\u00f5es, <strong>at\u00e9 8 de mar\u00e7o de 2024<\/strong>, para o processo seletivo de tr\u00eas bolsas (tr\u00eas vagas), sendo uma de amplo acesso (modalidade PBEXT) e 02 (duas) na modalidade PBEXT A\u00e7\u00e3o afirmativa.<\/p>\n<p data-adtags-visited=\"true\">O (a) bolsista selecionado (a) atuar\u00e1 no apoio ao programa <a href=\"https:\/\/sistemas.ufmg.br\/siex\/VerIdentificacao.do?id=92947&amp;tipo=Programa\" target=\"_blank\" rel=\"noopener\">Cultivando Outra Cidade: extens\u00e3o, pesquisa-a\u00e7\u00e3o e ensino do AU\u00ca! &#8211; Estudos.<\/a><br \/>\nde Agricultura Urbana.<\/p>\n<p data-adtags-visited=\"true\">Podem se inscrever estudantes dos cursos de gradua\u00e7\u00e3o em Geografia, Ci\u00eancias Socioambientais, Ci\u00eancias Sociais, Gest\u00e3o P\u00fablica, Economia, Pedagogia, Nutri\u00e7\u00e3o e afins.<\/p>\n<p data-adtags-visited=\"true\"><strong>Pr\u00e9-requisitos<\/strong><\/p>\n<p data-adtags-visited=\"true\">-Estudantes regularmente matriculados do segundo ao pen\u00faltimo per\u00edodo de seu curso;<br \/>\n-Classificados (as) socioeconomicamente no n\u00edvel I, II ou III pela Funda\u00e7\u00e3o Universit\u00e1ria Mendes Pimentel (FUMP) e\/ou tenham ingressado na UFMG pelo sistema de cotas (modalidade A\u00e7\u00e3o Afirmativa);<br \/>\n-Disponibilidade para trabalhar 20hs\/semanais;<br \/>\n-Interesse em trabalhar diretamente com o desenvolvimento e aprimoramento das pol\u00edticas de extens\u00e3o da UFMG;<br \/>\n-Experi\u00eancia nos temas e territ\u00f3rios de pesquisa do grupo AU\u00ca!UFMG (agroecologia, agricultura urbana, agrobiodiversidade, constru\u00e7\u00e3o social de mercados, Seguran\u00e7a Alimentar e Nutricional, ocupa\u00e7\u00f5es urbanas, saberes populares);<br \/>\n-Experi\u00eancia\/participa\u00e7\u00e3o ou interesse em conhecer\/aprender sobre atividades e metodologias trabalhadas pelo grupo AU\u00ca!\/UFMG (Cadernetas Agroecol\u00f3gicas, din\u00e2micas de SPG e constru\u00e7\u00e3o social de mercados).<\/p>\n<p data-adtags-visited=\"true\"><strong>Inscri\u00e7\u00f5es<\/strong><\/p>\n<p data-adtags-visited=\"true\">As inscri\u00e7\u00f5es s\u00e3o recebidas pelo e-mail <a href=\"mailto:cenex@igc.ufmg.br\" target=\"_blank\" rel=\"noopener\">cenex@igc.ufmg.br<\/a>. Os (as) candidatos(as) devem enviar os seguintes documentos digitalizados em PDF:<br \/>\n&#8211; Hist\u00f3rico Escolar da gradua\u00e7\u00e3o;<br \/>\n&#8211; Texto contendo uma exposi\u00e7\u00e3o dos motivos que levaram o(a) estudante a pleitear sua participa\u00e7\u00e3o no projeto.<br \/>\n&#8211; Declara\u00e7\u00e3o de classifica\u00e7\u00e3o socioecon\u00f4mica nos n\u00edveis I, II e III da Funda\u00e7\u00e3o Universit\u00e1ria Mendes Pimentel (Fump) ou declara\u00e7\u00e3o de que ingressou na UFMG pela modalidade de reserva de vagas, quando for o caso, para o candidato estar eleg\u00edvel tamb\u00e9m para a bolsa de A\u00e7\u00f5es Afirmativas;<br \/>\n-Documento de Identidade e CPF;<br \/>\n-Curriculum Vitae no formato Lattes\/CNPq;<br \/>\n-Ficha digitada contendo os seguintes dados: nome completo, e-mail, n\u00famero de matr\u00edcula UFMG, n\u00famero CPF; DDD\/telefone de contato.<\/p>\n<p data-adtags-visited=\"true\">As demais instru\u00e7\u00f5es devem ser consultadas no <a href=\"https:\/\/aueufmg.files.wordpress.com\/2024\/03\/edital-no-400-2024-igc-cnx-ufmg.pdf\" target=\"_blank\" rel=\"noopener\">edital de sele\u00e7\u00e3o.<\/a><\/p>\n<p data-adtags-visited=\"true\">\n","protected":false},"excerpt":{"rendered":"<p>O AU\u00ca!\/UFMG \u2013 Grupo de Estudos em Agricultura Urbana recebe [&hellip;]<\/p>\n","protected":false},"author":2,"featured_media":0,"parent":0,"menu_order":0,"comment_status":"closed","ping_status":"closed","template":"","meta":[],"tags":[821,191,23],"_links":{"self":[{"href":"https:\/\/www.ufmg.br\/proex\/wp-json\/wp\/v2\/pages\/5430"}],"collection":[{"href":"https:\/\/www.ufmg.br\/proex\/wp-json\/wp\/v2\/pages"}],"about":[{"href":"https:\/\/www.ufmg.br\/proex\/wp-json\/wp\/v2\/types\/page"}],"author":[{"embeddable":true,"href":"https:\/\/www.ufmg.br\/proex\/wp-json\/wp\/v2\/users\/2"}],"replies":[{"embeddable":true,"href":"https:\/\/www.ufmg.br\/proex\/wp-json\/wp\/v2\/comments?post=5430"}],"version-history":[{"count":20,"href":"https:\/\/www.ufmg.br\/proex\/wp-json\/wp\/v2\/pages\/5430\/revisions"}],"predecessor-version":[{"id":11932,"href":"https:\/\/www.ufmg.br\/proex\/wp-json\/wp\/v2\/pages\/5430\/revisions\/11932"}],"wp:attachment":[{"href":"https:\/\/www.ufmg.br\/proex\/wp-json\/wp\/v2\/media?parent=5430"}],"wp:term":[{"taxonomy":"post_tag","embeddable":true,"href":"https:\/\/www.ufmg.br\/proex\/wp-json\/wp\/v2\/tags?post=5430"}],"curies":[{"name":"wp","href":"https:\/\/api.w.org\/{rel}","templated":true}]}}