{"id":5462,"date":"2022-06-03T14:24:20","date_gmt":"2022-06-03T17:24:20","guid":{"rendered":"https:\/\/www.ufmg.br\/proex\/?page_id=5462"},"modified":"2022-06-03T14:24:20","modified_gmt":"2022-06-03T17:24:20","slug":"educa-com-ciencia-2","status":"publish","type":"page","link":"https:\/\/www.ufmg.br\/proex\/educa-com-ciencia-2\/","title":{"rendered":"Educa com Ci\u00eancia"},"content":{"rendered":"<p>Est\u00e3o abertas, at\u00e9 04\/06, as inscri\u00e7\u00f5es para bolsistas no projeto de extens\u00e3o \u201cEduca com Ci\u00eancia \u2013 Scienceschool: construindo pr\u00e1ticas epist\u00eamicas na Educa\u00e7\u00e3o B\u00e1sica\u201d.<\/p>\n<p>Ser\u00e3o disponibilizadas 01 bolsa de extens\u00e3o PBEXT e 01 bolsa de extens\u00e3o FORMEX-PG. Podem se inscrever estudantes de qualquer curso de gradua\u00e7\u00e3o e p\u00f3s-gradua\u00e7\u00e3o da UFMG, que sejam classificados socioeconomicamente no n\u00edvel I, II ou III pela Funda\u00e7\u00e3o Universit\u00e1ria Mendes Pimentel (FUMP) e\/ou ter ingressado na UFMG pelo sistema de cotas.<\/p>\n<p>Para realizar a inscri\u00e7\u00e3o, o candidato dever\u00e1 enviar um e-mail para\u00a0<a href=\"mailto:scienceschool.ufmg@gmail.com\">scienceschool.ufmg@gmail.com<\/a>, com assunto \u201cInscri\u00e7\u00e3o Bolsa PBEXT-AF\u201d ou \u201cInscri\u00e7\u00e3o Bolsa Formex-PG\u201d, e anexar (PDF):<\/p>\n<ul>\n<li aria-level=\"1\">Hist\u00f3rico Escolar;<\/li>\n<li aria-level=\"1\">Texto contendo uma exposi\u00e7\u00e3o dos motivos que levaram o estudante a pleitear sua participa\u00e7\u00e3o no projeto;<\/li>\n<li aria-level=\"1\">Carta de inten\u00e7\u00e3o.<\/li>\n<\/ul>\n<p>O processo seletivo analisar\u00e1: Hist\u00f3rico Escolar, Carta de Inten\u00e7\u00e3o e Entrevista.<\/p>\n<p>Os alunos selecionados cumprir\u00e3o uma jornada de 20 horas semanais (estudantes de gradua\u00e7\u00e3o) e 12 horas semanais (estudantes de p\u00f3s-gradua\u00e7\u00e3o).<\/p>\n<p>As demais informa\u00e7\u00f5es devem ser consultadas no\u00a0<a href=\"https:\/\/www.icb.ufmg.br\/images\/CENEX\/2022_PBEXT\/Edital-Seleo-de-Bolsistas_PG-e-graduao_FV5.pdf\" target=\"_blank\" rel=\"noopener\">EDITAL FORMEX 02\/2022<\/a>.<\/p>\n","protected":false},"excerpt":{"rendered":"<p>Est\u00e3o abertas, at\u00e9 04\/06, as inscri\u00e7\u00f5es para bolsistas no projeto [&hellip;]<\/p>\n","protected":false},"author":2,"featured_media":0,"parent":0,"menu_order":0,"comment_status":"closed","ping_status":"closed","template":"","meta":[],"tags":[],"_links":{"self":[{"href":"https:\/\/www.ufmg.br\/proex\/wp-json\/wp\/v2\/pages\/5462"}],"collection":[{"href":"https:\/\/www.ufmg.br\/proex\/wp-json\/wp\/v2\/pages"}],"about":[{"href":"https:\/\/www.ufmg.br\/proex\/wp-json\/wp\/v2\/types\/page"}],"author":[{"embeddable":true,"href":"https:\/\/www.ufmg.br\/proex\/wp-json\/wp\/v2\/users\/2"}],"replies":[{"embeddable":true,"href":"https:\/\/www.ufmg.br\/proex\/wp-json\/wp\/v2\/comments?post=5462"}],"version-history":[{"count":1,"href":"https:\/\/www.ufmg.br\/proex\/wp-json\/wp\/v2\/pages\/5462\/revisions"}],"predecessor-version":[{"id":5463,"href":"https:\/\/www.ufmg.br\/proex\/wp-json\/wp\/v2\/pages\/5462\/revisions\/5463"}],"wp:attachment":[{"href":"https:\/\/www.ufmg.br\/proex\/wp-json\/wp\/v2\/media?parent=5462"}],"wp:term":[{"taxonomy":"post_tag","embeddable":true,"href":"https:\/\/www.ufmg.br\/proex\/wp-json\/wp\/v2\/tags?post=5462"}],"curies":[{"name":"wp","href":"https:\/\/api.w.org\/{rel}","templated":true}]}}