{"id":5544,"date":"2022-06-14T11:50:35","date_gmt":"2022-06-14T14:50:35","guid":{"rendered":"https:\/\/www.ufmg.br\/proex\/?page_id=5544"},"modified":"2026-03-04T14:11:24","modified_gmt":"2026-03-04T17:11:24","slug":"rede-de-museus","status":"publish","type":"page","link":"https:\/\/www.ufmg.br\/proex\/rede-de-museus\/","title":{"rendered":"Rede de Museus"},"content":{"rendered":"<p>\u00adA Rede de Museus e Espa\u00e7os de Ci\u00eancias e Cultura da UFMG recebe inscri\u00e7\u00f5es,<strong> at\u00e9 o dia 10 de mar\u00e7o de 2026<\/strong>, para processo seletivo referente a 7 (sete) vagas de bolsistas de Apoio \u00e0 extens\u00e3o (APEX).<\/p>\n<p>Podem se inscrever alunas e alunos da UFMG (cursando do 2\u00ba ao 7\u00ba per\u00edodo) dos cursos de gradua\u00e7\u00e3o em <strong>Conserva\u00e7\u00e3o-Restaura\u00e7\u00e3o de Bens Culturais <\/strong>e <strong>Cinema de Anima\u00e7\u00e3o e Artes Digitais (CAAD).<\/strong><\/p>\n<p><strong>Valor da bolsa<\/strong>: R$700,00\/mensal<br \/>\n<strong>Vig\u00eancia<\/strong>: mar\u00e7o de 2026 a fevereiro de 2027<\/p>\n<p>\u00c9 necess\u00e1rio que o (a) candidato (a) tenha disponibilidade para dedicar 20 (vinte) horas semanais \u00e0s atividades a serem realizadas, presencialmente, na coordena\u00e7\u00e3o e nos espa\u00e7os integrantes da Rede de Museus.<\/p>\n<p><strong>Atividades desenvolvidas<br \/>\n<\/strong>Entre as atividades est\u00e3o cataloga\u00e7\u00e3o, acondicionamento, valora\u00e7\u00e3o, diagn\u00f3stico de gest\u00e3o de risco, monitoramento climatol\u00f3gico, registro imag\u00e9tico das a\u00e7\u00f5es \u2014 incluindo editora\u00e7\u00e3o de v\u00eddeo \u2014, apoio na organiza\u00e7\u00e3o da documenta\u00e7\u00e3o do projeto e elabora\u00e7\u00e3o de relat\u00f3rio.<\/p>\n<div class=\"flex flex-col text-sm pb-25\">\n<article class=\"text-token-text-primary w-full focus:outline-none [--shadow-height:45px] has-data-writing-block:pointer-events-none has-data-writing-block:-mt-(--shadow-height) has-data-writing-block:pt-(--shadow-height) [&amp;:has([data-writing-block])&gt;*]:pointer-events-auto scroll-mt-[calc(var(--header-height)+min(200px,max(70px,20svh)))]\" dir=\"auto\" tabindex=\"-1\" data-turn-id=\"request-WEB:920f92e8-d90b-41ee-bb14-5b8c95c8e86e-1\" data-testid=\"conversation-turn-4\" data-scroll-anchor=\"true\" data-turn=\"assistant\">\n<div class=\"text-base my-auto mx-auto pb-10 [--thread-content-margin:--spacing(4)] @w-sm\/main:[--thread-content-margin:--spacing(6)] @w-lg\/main:[--thread-content-margin:--spacing(16)] px-(--thread-content-margin)\">\n<div class=\"[--thread-content-max-width:40rem] @w-lg\/main:[--thread-content-max-width:48rem] mx-auto max-w-(--thread-content-max-width) flex-1 group\/turn-messages focus-visible:outline-hidden relative flex w-full min-w-0 flex-col agent-turn\" tabindex=\"-1\">\n<div class=\"z-0 flex min-h-[46px] justify-start\"><strong>Como se inscrever<\/strong><\/div>\n<\/div>\n<\/div>\n<\/article>\n<\/div>\n<p>Os (as) interessados (as) devem preencher <a href=\"https:\/\/forms.gle\/GSAeGVmDrz2Rktjz7\" target=\"_blank\" rel=\"noopener\">formul\u00e1rio eletr\u00f4nico<\/a> e\u00a0enviar os seguintes documentos:<\/p>\n<ul>\n<li>Arquivo contendo o hist\u00f3rico escolar da Gradua\u00e7\u00e3o e o Rendimento ou Nota Semestral Global dos per\u00edodos j\u00e1 cursados<\/li>\n<li>Arquivo contendo Carta de Inten\u00e7\u00f5es do candidato (apresenta\u00e7\u00e3o do perfil e descri\u00e7\u00e3o do motivo pelo qual deseja ser bolsista do Programa).<\/li>\n<\/ul>\n<p>As informa\u00e7\u00f5es completas est\u00e3o no <a href=\"https:\/\/www.ufmg.br\/proex\/wp-content\/uploads\/2026\/03\/2026-02-Bolsista-Extensao-da-REMIN.pdf\" target=\"_blank\" rel=\"noopener\">Edital 02\/2026<\/a>.<\/p>\n<p>&nbsp;<\/p>\n","protected":false},"excerpt":{"rendered":"<p>\u00adA Rede de Museus e Espa\u00e7os de Ci\u00eancias e Cultura [&hellip;]<\/p>\n","protected":false},"author":1,"featured_media":0,"parent":0,"menu_order":0,"comment_status":"closed","ping_status":"closed","template":"","meta":[],"tags":[191,23,299],"_links":{"self":[{"href":"https:\/\/www.ufmg.br\/proex\/wp-json\/wp\/v2\/pages\/5544"}],"collection":[{"href":"https:\/\/www.ufmg.br\/proex\/wp-json\/wp\/v2\/pages"}],"about":[{"href":"https:\/\/www.ufmg.br\/proex\/wp-json\/wp\/v2\/types\/page"}],"author":[{"embeddable":true,"href":"https:\/\/www.ufmg.br\/proex\/wp-json\/wp\/v2\/users\/1"}],"replies":[{"embeddable":true,"href":"https:\/\/www.ufmg.br\/proex\/wp-json\/wp\/v2\/comments?post=5544"}],"version-history":[{"count":49,"href":"https:\/\/www.ufmg.br\/proex\/wp-json\/wp\/v2\/pages\/5544\/revisions"}],"predecessor-version":[{"id":17263,"href":"https:\/\/www.ufmg.br\/proex\/wp-json\/wp\/v2\/pages\/5544\/revisions\/17263"}],"wp:attachment":[{"href":"https:\/\/www.ufmg.br\/proex\/wp-json\/wp\/v2\/media?parent=5544"}],"wp:term":[{"taxonomy":"post_tag","embeddable":true,"href":"https:\/\/www.ufmg.br\/proex\/wp-json\/wp\/v2\/tags?post=5544"}],"curies":[{"name":"wp","href":"https:\/\/api.w.org\/{rel}","templated":true}]}}