{"id":5616,"date":"2022-06-27T14:40:26","date_gmt":"2022-06-27T17:40:26","guid":{"rendered":"https:\/\/www.ufmg.br\/proex\/?page_id=5616"},"modified":"2022-06-27T14:40:26","modified_gmt":"2022-06-27T17:40:26","slug":"cevex","status":"publish","type":"page","link":"https:\/\/www.ufmg.br\/proex\/cevex\/","title":{"rendered":"CEVEX"},"content":{"rendered":"<p>Est\u00e3o abertas, at\u00e9 05\/07, as inscri\u00e7\u00f5es para 02 bolsas de extens\u00e3o PBEXT A\u00e7\u00e3o Afirmativa para o projeto Centro Virtual de Mem\u00f3ria da Extens\u00e3o \u2013 CEVEX.<\/p>\n<p>Podem se inscrever alunos dos cursos de gradua\u00e7\u00e3o em Museologia, Jornalismo e Design que sejam m\u00e3es com crian\u00e7a em idade escolar, estudantes travestis e transexuais, estudantes com defici\u00eancia, discentes que ingressaram na UFMG pelo sistema de cotas e discentes classificados socioeconomicamente no n\u00edvel I, II ou III pela Funda\u00e7\u00e3o Universit\u00e1ria Mendes Pimentel.<\/p>\n<p>Para realizar a inscri\u00e7\u00e3o, o candidato dever\u00e1 enviar um e-mail para psabino@ufmg.br\u00a0e anexar (PDF):<\/p>\n<ul>\n<li aria-level=\"1\">Hist\u00f3rico escolar;<\/li>\n<li aria-level=\"1\">Comprovante de matr\u00edcula do primeiro semestre de 2022;<\/li>\n<li aria-level=\"1\">Curriculum Lattes (Apenas o link);<\/li>\n<li aria-level=\"1\">Dados pessoais: nome completo, telefone e e-mail;<\/li>\n<li aria-level=\"1\">C\u00f3pia do comprovante de endere\u00e7o;<\/li>\n<li aria-level=\"1\">Carta de inten\u00e7\u00f5es relatando o porque do interesse no projeto de extens\u00e3o.<\/li>\n<\/ul>\n<p>Os alunos selecionados cumprir\u00e3o uma jornada de 20 horas semanais.<\/p>\n<p>Demais informa\u00e7\u00f5es devem ser consultadas no <a href=\"https:\/\/www.ufmg.br\/proex\/wp-content\/uploads\/2022\/06\/Edital-Cenex-ECI-09-2022-Cevex-Democratizar-Paulo-Sabino-1.pdf\" target=\"_blank\" rel=\"noopener\">EDITAL 09\/2022<\/a>.<\/p>\n","protected":false},"excerpt":{"rendered":"<p>Est\u00e3o abertas, at\u00e9 05\/07, as inscri\u00e7\u00f5es para 02 bolsas de [&hellip;]<\/p>\n","protected":false},"author":1,"featured_media":0,"parent":0,"menu_order":0,"comment_status":"closed","ping_status":"closed","template":"","meta":[],"tags":[],"_links":{"self":[{"href":"https:\/\/www.ufmg.br\/proex\/wp-json\/wp\/v2\/pages\/5616"}],"collection":[{"href":"https:\/\/www.ufmg.br\/proex\/wp-json\/wp\/v2\/pages"}],"about":[{"href":"https:\/\/www.ufmg.br\/proex\/wp-json\/wp\/v2\/types\/page"}],"author":[{"embeddable":true,"href":"https:\/\/www.ufmg.br\/proex\/wp-json\/wp\/v2\/users\/1"}],"replies":[{"embeddable":true,"href":"https:\/\/www.ufmg.br\/proex\/wp-json\/wp\/v2\/comments?post=5616"}],"version-history":[{"count":2,"href":"https:\/\/www.ufmg.br\/proex\/wp-json\/wp\/v2\/pages\/5616\/revisions"}],"predecessor-version":[{"id":5620,"href":"https:\/\/www.ufmg.br\/proex\/wp-json\/wp\/v2\/pages\/5616\/revisions\/5620"}],"wp:attachment":[{"href":"https:\/\/www.ufmg.br\/proex\/wp-json\/wp\/v2\/media?parent=5616"}],"wp:term":[{"taxonomy":"post_tag","embeddable":true,"href":"https:\/\/www.ufmg.br\/proex\/wp-json\/wp\/v2\/tags?post=5616"}],"curies":[{"name":"wp","href":"https:\/\/api.w.org\/{rel}","templated":true}]}}