{"id":5623,"date":"2022-06-28T11:45:27","date_gmt":"2022-06-28T14:45:27","guid":{"rendered":"https:\/\/www.ufmg.br\/proex\/?page_id=5623"},"modified":"2025-12-18T10:23:13","modified_gmt":"2025-12-18T13:23:13","slug":"polosdecidadania","status":"publish","type":"page","link":"https:\/\/www.ufmg.br\/proex\/polosdecidadania\/","title":{"rendered":"Polos de Cidadania"},"content":{"rendered":"<p>O <a href=\"https:\/\/polos.direito.ufmg.br\/\" target=\"_blank\" rel=\"noopener\">Polos de Cidadania<\/a>, programa de ensino, pesquisa e extens\u00e3o da Faculdade de Direito da UFMG, recebe, <strong>at\u00e9 20 de fevereiro de 2026<\/strong>, inscri\u00e7\u00f5es de estudantes de gradua\u00e7\u00e3o da UFMG interessados (as) em integrar a equipe de pesquisadoras(es)-extensionistas do programa.<\/p>\n<p>S\u00e3o oferecidas <strong>16 vagas<\/strong> de bolsas: <strong>8 na modalidade Pbext<\/strong> e <strong>8 na modalidade Pbext A\u00e7\u00e3o Afirmativa.<\/strong><\/p>\n<p>Os(as) selecionados(as) atuar\u00e3o nas seguintes plataformas do Polos:<\/p>\n<ul>\n<li>Observat\u00f3rio Brasileiro de Pol\u00edticas P\u00fablicas com a Popula\u00e7\u00e3o em Situa\u00e7\u00e3o de Rua (6 vagas)<\/li>\n<li>\u00c1poro (6 vagas)<\/li>\n<li>Comunica\u00e7\u00e3o p\u00fablica da ci\u00eancia em direitos humanos (4 vagas)<\/li>\n<\/ul>\n<p><strong>Vig\u00eancia da bolsa<\/strong>: mar\u00e7o de 2026 a fevereiro de 2027 (at\u00e9 12 meses)<br \/>\n<strong>Valor<\/strong>: R$ 700 mensais<\/p>\n<p><strong>Inscri\u00e7\u00f5es<br \/>\n<\/strong>As inscri\u00e7\u00f5es s\u00e3o realizadas por meio do e-mail <a href=\"mailto:selecaopolos@gmail.com\">selecaopolos@gmail.com<\/a>.<br \/>\nO(a) candidato (a) deve encaminhar:<br \/>\n-Comprovante de matr\u00edcula atualizado<br \/>\n-C\u00f3pia da carteira de identidade<br \/>\n-Curr\u00edculo Lattes<br \/>\n&#8211; V\u00eddeo com at\u00e9 5 minutos para apresenta\u00e7\u00e3o do (a) candidato (a), indica\u00e7\u00e3o da plataforma de interesse e exposi\u00e7\u00e3o de motivos para participa\u00e7\u00e3o no Polos<\/p>\n<p>Para o candidato \u00e0 bolsa PBEXT A\u00e7\u00e3o Afirmativa, al\u00e9m dos documentos citados, ser\u00e1 necess\u00e1rio encaminhar tamb\u00e9m o comprovante de classifica\u00e7\u00e3o socioeconomicamente do n\u00edvel I, II ou III pela Funda\u00e7\u00e3o Universit\u00e1ria Mendes Pimentel (FUMP) e\/ou o comprovante de ingresso na UFMG pelo sistema de cotas.<\/p>\n<p>Para informa\u00e7\u00f5es completas sobre a bolsa, acesse o <a href=\"https:\/\/drive.google.com\/file\/d\/1pOVveLFoit14VZlNskHHtZjlbzlMIT2i\/view\" target=\"_blank\" rel=\"noopener\">edital de sele\u00e7\u00e3o.<\/a><\/p>\n<p><strong>Sobre o programa<br \/>\n<\/strong>O Polos de Cidadania \u00e9 um programa transdisciplinar e interinstitucional de extens\u00e3o, ensino e pesquisa social aplicada, criado em 1995, na Faculdade de Direito, voltado \u00e0 efetiva\u00e7\u00e3o dos direitos humanos e \u00e0 constru\u00e7\u00e3o de conhecimento a partir do di\u00e1logo entre os diferentes saberes.<\/p>\n","protected":false},"excerpt":{"rendered":"<p>O Polos de Cidadania, programa de ensino, pesquisa e extens\u00e3o [&hellip;]<\/p>\n","protected":false},"author":2,"featured_media":0,"parent":0,"menu_order":0,"comment_status":"closed","ping_status":"closed","template":"","meta":[],"tags":[191,23,819],"_links":{"self":[{"href":"https:\/\/www.ufmg.br\/proex\/wp-json\/wp\/v2\/pages\/5623"}],"collection":[{"href":"https:\/\/www.ufmg.br\/proex\/wp-json\/wp\/v2\/pages"}],"about":[{"href":"https:\/\/www.ufmg.br\/proex\/wp-json\/wp\/v2\/types\/page"}],"author":[{"embeddable":true,"href":"https:\/\/www.ufmg.br\/proex\/wp-json\/wp\/v2\/users\/2"}],"replies":[{"embeddable":true,"href":"https:\/\/www.ufmg.br\/proex\/wp-json\/wp\/v2\/comments?post=5623"}],"version-history":[{"count":28,"href":"https:\/\/www.ufmg.br\/proex\/wp-json\/wp\/v2\/pages\/5623\/revisions"}],"predecessor-version":[{"id":16916,"href":"https:\/\/www.ufmg.br\/proex\/wp-json\/wp\/v2\/pages\/5623\/revisions\/16916"}],"wp:attachment":[{"href":"https:\/\/www.ufmg.br\/proex\/wp-json\/wp\/v2\/media?parent=5623"}],"wp:term":[{"taxonomy":"post_tag","embeddable":true,"href":"https:\/\/www.ufmg.br\/proex\/wp-json\/wp\/v2\/tags?post=5623"}],"curies":[{"name":"wp","href":"https:\/\/api.w.org\/{rel}","templated":true}]}}