{"id":5635,"date":"2022-06-28T14:47:27","date_gmt":"2022-06-28T17:47:27","guid":{"rendered":"https:\/\/www.ufmg.br\/proex\/?page_id=5635"},"modified":"2023-07-03T08:44:56","modified_gmt":"2023-07-03T11:44:56","slug":"direito-humano-a-alimentacao","status":"publish","type":"page","link":"https:\/\/www.ufmg.br\/proex\/direito-humano-a-alimentacao\/","title":{"rendered":"Direito humano \u00e0 alimenta\u00e7\u00e3o adequada"},"content":{"rendered":"<p><span style=\"font-weight: 400;\">Est\u00e3o abertas, at\u00e9 \u00e0s<strong> 16h do dia 07 de julho<\/strong>, as inscri\u00e7\u00f5es para 2 bolsas para o projeto <em>Direito Humano \u00e0 Alimenta\u00e7\u00e3o Adequada: apoio a agricultoras\/es agroecol\u00f3gicas\/os da RMBH em processos e instrumento de sistematiza\u00e7\u00e3o da produ\u00e7\u00e3o e comercializa\u00e7\u00e3o, <\/em>do Departamento de Geografia do Instituto de Geoci\u00eancias da UFMG.\u00a0<\/span><\/p>\n<p><span style=\"font-weight: 400;\">Podem se inscrever alunos dos cursos de gradua\u00e7\u00e3o de Geografia, Ci\u00eancias Socioambientais, Nutri\u00e7\u00e3o, Pedagogia, Ci\u00eancias Sociais, Gest\u00e3o P\u00fablica, Arquitetura e Urbanismo e cursos afins que estejam cursando do terceiro ao pen\u00faltimo per\u00edodo.<\/span><\/p>\n<p><span style=\"font-weight: 400;\">As bolsas s\u00e3o destinadas \u00e0s estudantes m\u00e3es com crian\u00e7a em idade escolar, estudantes travestis e transexuais, estudantes com defici\u00eancia, estudantes ind\u00edgenas e quilombolas, discentes que ingressaram na UFMG pelo sistema de cotas e discentes classificados socioeconomicamente no n\u00edvel I, II ou III pela Funda\u00e7\u00e3o Universit\u00e1ria Mendes Pimentel.<\/span><\/p>\n<p><span style=\"font-weight: 400;\">Para realizar a inscri\u00e7\u00e3o, o candidato dever\u00e1 enviar um e-mail para\u00a0 <\/span><span style=\"font-weight: 400;\">cenex@igc.ufmg.br<\/span><span style=\"font-weight: 400;\">, identificando-se no campo assunto o t\u00edtulo do Projeto e o n\u00famero do edital 1522\/2023\/IGC-CNX-UFMG.<\/span><\/p>\n<p>Al\u00e9m disso, deve-se anexar ao e-mail:<\/p>\n<ul>\n<li style=\"font-weight: 400;\" aria-level=\"1\"><span style=\"font-weight: 400;\">Hist\u00f3rico Escolar;\u00a0<\/span><\/li>\n<li style=\"font-weight: 400;\" aria-level=\"1\"><span style=\"font-weight: 400;\">Curr\u00edculo;\u00a0<\/span><\/li>\n<li style=\"font-weight: 400;\" aria-level=\"1\"><span style=\"font-weight: 400;\">Carta de Inten\u00e7\u00f5es (m\u00e1ximo uma lauda);<\/span><\/li>\n<li style=\"font-weight: 400;\" aria-level=\"1\"><span style=\"font-weight: 400;\">Declara\u00e7\u00e3o da Funda\u00e7\u00e3o Universit\u00e1ria Mendes Pimentel (FUMP) indicando o n\u00edvel socioecon\u00f4mico da\/o discente \u2013 n\u00edvel I, II, ou III e\/ou se a\/o discente ingressou na UFMG pelo sistema de cotas.\u00a0<\/span><\/li>\n<\/ul>\n<p>A sele\u00e7\u00e3o ser\u00e1 realizada nos dias 10 e 11 de julho, segunda e ter\u00e7a-feira, de forma virtual em link a ser enviado aos candidatos por e-mail.<\/p>\n<p>O resultado ser\u00e1 divulgado nas redes sociais do CENEX-IGC e comunicado a(o)s candidatos(as) via e-mail na data de 14 de julho de 2023.\u00a0<span style=\"font-weight: 400;\">Os alunos selecionados cumprir\u00e3o uma jornada de 20 horas semanais.<\/span><\/p>\n<p><span style=\"font-weight: 400;\">Demais informa\u00e7\u00f5es devem ser consultadas no <a href=\"https:\/\/www.ufmg.br\/proex\/wp-content\/uploads\/2023\/06\/Edital-no-1522-2023-IGC-CNX-UFMG.pdf\" target=\"_blank\" rel=\"noopener\">Edital 1522\/2023.<\/a><\/span><\/p>\n","protected":false},"excerpt":{"rendered":"<p>Est\u00e3o abertas, at\u00e9 \u00e0s 16h do dia 07 de julho, [&hellip;]<\/p>\n","protected":false},"author":1,"featured_media":0,"parent":0,"menu_order":0,"comment_status":"closed","ping_status":"closed","template":"","meta":[],"tags":[],"_links":{"self":[{"href":"https:\/\/www.ufmg.br\/proex\/wp-json\/wp\/v2\/pages\/5635"}],"collection":[{"href":"https:\/\/www.ufmg.br\/proex\/wp-json\/wp\/v2\/pages"}],"about":[{"href":"https:\/\/www.ufmg.br\/proex\/wp-json\/wp\/v2\/types\/page"}],"author":[{"embeddable":true,"href":"https:\/\/www.ufmg.br\/proex\/wp-json\/wp\/v2\/users\/1"}],"replies":[{"embeddable":true,"href":"https:\/\/www.ufmg.br\/proex\/wp-json\/wp\/v2\/comments?post=5635"}],"version-history":[{"count":9,"href":"https:\/\/www.ufmg.br\/proex\/wp-json\/wp\/v2\/pages\/5635\/revisions"}],"predecessor-version":[{"id":9022,"href":"https:\/\/www.ufmg.br\/proex\/wp-json\/wp\/v2\/pages\/5635\/revisions\/9022"}],"wp:attachment":[{"href":"https:\/\/www.ufmg.br\/proex\/wp-json\/wp\/v2\/media?parent=5635"}],"wp:term":[{"taxonomy":"post_tag","embeddable":true,"href":"https:\/\/www.ufmg.br\/proex\/wp-json\/wp\/v2\/tags?post=5635"}],"curies":[{"name":"wp","href":"https:\/\/api.w.org\/{rel}","templated":true}]}}