{"id":5642,"date":"2022-06-28T18:00:09","date_gmt":"2022-06-28T21:00:09","guid":{"rendered":"https:\/\/www.ufmg.br\/proex\/?page_id=5642"},"modified":"2023-07-03T16:54:09","modified_gmt":"2023-07-03T19:54:09","slug":"parque-ecologico-brejinho","status":"publish","type":"page","link":"https:\/\/www.ufmg.br\/proex\/parque-ecologico-brejinho\/","title":{"rendered":"Parque Ecol\u00f3gico Brejinho"},"content":{"rendered":"<p><span style=\"font-weight: 400;\">Est\u00e3o abertas, at\u00e9 o<\/span><b> dia 07 de julho<\/b><span style=\"font-weight: 400;\">, as inscri\u00e7\u00f5es para 02 bolsas de extens\u00e3o para o projeto &#8220;Tramas comunit\u00e1rias para educa\u00e7\u00e3o ambiental e produ\u00e7\u00e3o de sistema agroflorestal no territ\u00f3rio do Parque Ecol\u00f3gico do Brejinho&#8221;.<\/span><\/p>\n<p><span style=\"font-weight: 400;\">Podem se inscrever alunos dos cursos de gradua\u00e7\u00e3o em Geografia, Ci\u00eancias Socioambientais, Nutri\u00e7\u00e3o, Pedagogia, Ci\u00eancias Sociais, Gest\u00e3o P\u00fablica, Arquitetura e Urbanismo e cursos afins que estejam cursando do terceiro ao pen\u00faltimo per\u00edodo.\u00a0<\/span><\/p>\n<p><span style=\"font-weight: 400;\">As bolsas s\u00e3o destinadas exclusivamente \u00e0s estudantes que sejam m\u00e3es com crian\u00e7a em idade escolar, estudantes travestis e transexuais, estudantes com defici\u00eancia, estudantes ind\u00edgenas e quilombolas, discentes que ingressaram na UFMG pelo sistema de cotas e discentes classificados socioeconomicamente no n\u00edvel I, II ou III pela Funda\u00e7\u00e3o Universit\u00e1ria Mendes Pimentel.\u00a0<\/span><\/p>\n<p><span style=\"font-weight: 400;\">Para realizar a inscri\u00e7\u00e3o, o candidato dever\u00e1 enviar um e-mail para\u00a0 cenex@igc.ufmg.br identificando-se no campo assunto o t\u00edtulo do Projeto e o n\u00famero do edital. Al\u00e9m disso, deve-se anexar (PDF):<\/span><\/p>\n<ul>\n<li style=\"font-weight: 400;\" aria-level=\"1\"><span style=\"font-weight: 400;\">Hist\u00f3rico Escolar;\u00a0<\/span><\/li>\n<li style=\"font-weight: 400;\" aria-level=\"1\"><span style=\"font-weight: 400;\">Carta de Inten\u00e7\u00f5es;\u00a0<\/span><\/li>\n<li style=\"font-weight: 400;\" aria-level=\"1\"><span style=\"font-weight: 400;\">Declara\u00e7\u00e3o da Funda\u00e7\u00e3o Universit\u00e1ria Mendes Pimentel (FUMP) indicando o n\u00edvel socioecon\u00f4mico da\/o discente \u2013 se n\u00edvel I, II, ou III e\/ou se a\/o discente ingressou na UFMG pelo sistema de cotas.\u00a0<\/span><\/li>\n<\/ul>\n<p>A sele\u00e7\u00e3o ser\u00e1 realizada no dia 11 de julho, ter\u00e7a-feira, a partir das 14 horas, de forma virtual em link a ser enviado aos candidatos por e-mail. O resultado ser\u00e1 divulgado nas redes sociais do CENEX-IGC e comunicado a(o)s candidatos(as) via e-mail na data de 14 de julho de 2023.<\/p>\n<p><span style=\"font-weight: 400;\">Os alunos selecionados cumprir\u00e3o uma jornada de 20 horas semanais.<\/span><\/p>\n<p><span style=\"font-weight: 400;\">Demais informa\u00e7\u00f5es devem ser consultadas no <\/span><a href=\"https:\/\/www.ufmg.br\/proex\/wp-content\/uploads\/2023\/07\/Brejinho.pdf\" target=\"_blank\" rel=\"noopener\"><span style=\"font-weight: 400;\">Edital 1530\/2023<\/span>\u00a0<span style=\"font-weight: 400;\">.<\/span><\/a><\/p>\n","protected":false},"excerpt":{"rendered":"<p>Est\u00e3o abertas, at\u00e9 o dia 07 de julho, as inscri\u00e7\u00f5es [&hellip;]<\/p>\n","protected":false},"author":1,"featured_media":0,"parent":0,"menu_order":0,"comment_status":"closed","ping_status":"closed","template":"","meta":[],"tags":[],"_links":{"self":[{"href":"https:\/\/www.ufmg.br\/proex\/wp-json\/wp\/v2\/pages\/5642"}],"collection":[{"href":"https:\/\/www.ufmg.br\/proex\/wp-json\/wp\/v2\/pages"}],"about":[{"href":"https:\/\/www.ufmg.br\/proex\/wp-json\/wp\/v2\/types\/page"}],"author":[{"embeddable":true,"href":"https:\/\/www.ufmg.br\/proex\/wp-json\/wp\/v2\/users\/1"}],"replies":[{"embeddable":true,"href":"https:\/\/www.ufmg.br\/proex\/wp-json\/wp\/v2\/comments?post=5642"}],"version-history":[{"count":4,"href":"https:\/\/www.ufmg.br\/proex\/wp-json\/wp\/v2\/pages\/5642\/revisions"}],"predecessor-version":[{"id":9076,"href":"https:\/\/www.ufmg.br\/proex\/wp-json\/wp\/v2\/pages\/5642\/revisions\/9076"}],"wp:attachment":[{"href":"https:\/\/www.ufmg.br\/proex\/wp-json\/wp\/v2\/media?parent=5642"}],"wp:term":[{"taxonomy":"post_tag","embeddable":true,"href":"https:\/\/www.ufmg.br\/proex\/wp-json\/wp\/v2\/tags?post=5642"}],"curies":[{"name":"wp","href":"https:\/\/api.w.org\/{rel}","templated":true}]}}