{"id":5659,"date":"2022-06-30T09:27:57","date_gmt":"2022-06-30T12:27:57","guid":{"rendered":"https:\/\/www.ufmg.br\/proex\/?page_id=5659"},"modified":"2023-09-04T13:24:48","modified_gmt":"2023-09-04T16:24:48","slug":"portas-abertas","status":"publish","type":"page","link":"https:\/\/www.ufmg.br\/proex\/portas-abertas\/","title":{"rendered":"Portas Abertas"},"content":{"rendered":"<p><span style=\"font-weight: 400;\">Est\u00e3o abertas, at\u00e9 o dia <strong>8 de setembro de 2023<\/strong>, as inscri\u00e7\u00f5es para 01 bolsa de extens\u00e3o PBEXT A\u00e7\u00e3o Afirmativa para o projeto <em>Portas Abertas da Faculdade de Medicina\/UFMG &#8211; Acolhimento do estudante com defici\u00eancia pela comunidade acad\u00eamica da faculdade de medicina: como podemos melhorar?<\/em><\/span><\/p>\n<p><span style=\"font-weight: 400;\">Podem se inscrever estudantes dos cursos de gradua\u00e7\u00e3o da UFMG, preferencialmente da \u00e1rea da sa\u00fade, a partir do 3\u00b0 per\u00edodo.\u00a0<\/span><\/p>\n<p><span style=\"font-weight: 400;\">O candidato dever\u00e1 enviar um e-mail para <\/span><a href=\"mailto:projetoportasabertasPCD@gmail.com\" target=\"_blank\" rel=\"noopener\"><span style=\"font-weight: 400;\">projetoportasabertaspcd@gmail.com<\/span><\/a><span style=\"font-weight: 400;\">, com assunto &#8220;Inscri\u00e7\u00f5es para a bolsa DEMOCRATIZAR-proex-2023*NOME DO INTERESSADO*\/*DATA DO ENVIO*\u201d. No corpo do e-mail deve constar o nome completo do aluno, curso e per\u00edodo, n\u00famero de matr\u00edcula, n\u00fameros de identidade e CPF, n\u00fameros de telefone e e-mails para contato com o interessado. Al\u00e9m disso, deve ser anexado em formato PDF os documentos:\u00a0<\/span><\/p>\n<ul>\n<li style=\"font-weight: 400;\" aria-level=\"1\"><span style=\"font-weight: 400;\">Carteira de Identidade, CPF e Certid\u00e3o Social (se houver);\u00a0<\/span><\/li>\n<li style=\"font-weight: 400;\" aria-level=\"1\"><span style=\"font-weight: 400;\">Comprovante de matr\u00edcula, telefone e e-mail;\u00a0<\/span><\/li>\n<li style=\"font-weight: 400;\" aria-level=\"1\"><span style=\"font-weight: 400;\">Hist\u00f3rico Escolar;\u00a0<\/span><\/li>\n<li style=\"font-weight: 400;\" aria-level=\"1\"><span style=\"font-weight: 400;\">Curriculum Vitae;\u00a0<\/span><\/li>\n<li style=\"font-weight: 400;\" aria-level=\"1\"><span style=\"font-weight: 400;\">Declara\u00e7\u00e3o de Assist\u00eancia socioecon\u00f4mica pela FUMP;\u00a0<\/span><\/li>\n<li style=\"font-weight: 400;\" aria-level=\"1\"><span style=\"font-weight: 400;\">Comprovante de Registro Acad\u00eamico ou outra documenta\u00e7\u00e3o que comprove ingresso na universidade por meio de Sistema de Cotas.<br \/>\n<\/span><\/li>\n<li style=\"font-weight: 400;\" aria-level=\"1\"><span style=\"font-weight: 400;\">Carta de inten\u00e7\u00e3o.\u00a0<\/span>(m\u00e1ximo de 10 linhas).<\/li>\n<\/ul>\n<p>O exame de sele\u00e7\u00e3o ocorrer\u00e1 nos dias 11 e 12\/09\/2023, na sala 421 da Faculdade de Medicina\/UFMG. O resultado ser\u00e1 divulgado no dia 12 a partir das 17h.<\/p>\n<p><span style=\"font-weight: 400;\">Os estudantes selecionados cumprir\u00e3o uma jornada de 20 horas semanais.<\/span><\/p>\n<p><span style=\"font-weight: 400;\">Demais informa\u00e7\u00f5es devem ser consultadas no <a href=\"https:\/\/www.ufmg.br\/proex\/wp-content\/uploads\/2023\/09\/EDITAL_3_Portas_Abertas_24-08-2023_assinado.pdf\" target=\"_blank\" rel=\"noopener\">EDITAL 03\/2023.<\/a><\/span><\/p>\n","protected":false},"excerpt":{"rendered":"<p>Est\u00e3o abertas, at\u00e9 o dia 8 de setembro de 2023, [&hellip;]<\/p>\n","protected":false},"author":1,"featured_media":0,"parent":0,"menu_order":0,"comment_status":"closed","ping_status":"closed","template":"","meta":[],"tags":[],"_links":{"self":[{"href":"https:\/\/www.ufmg.br\/proex\/wp-json\/wp\/v2\/pages\/5659"}],"collection":[{"href":"https:\/\/www.ufmg.br\/proex\/wp-json\/wp\/v2\/pages"}],"about":[{"href":"https:\/\/www.ufmg.br\/proex\/wp-json\/wp\/v2\/types\/page"}],"author":[{"embeddable":true,"href":"https:\/\/www.ufmg.br\/proex\/wp-json\/wp\/v2\/users\/1"}],"replies":[{"embeddable":true,"href":"https:\/\/www.ufmg.br\/proex\/wp-json\/wp\/v2\/comments?post=5659"}],"version-history":[{"count":7,"href":"https:\/\/www.ufmg.br\/proex\/wp-json\/wp\/v2\/pages\/5659\/revisions"}],"predecessor-version":[{"id":9977,"href":"https:\/\/www.ufmg.br\/proex\/wp-json\/wp\/v2\/pages\/5659\/revisions\/9977"}],"wp:attachment":[{"href":"https:\/\/www.ufmg.br\/proex\/wp-json\/wp\/v2\/media?parent=5659"}],"wp:term":[{"taxonomy":"post_tag","embeddable":true,"href":"https:\/\/www.ufmg.br\/proex\/wp-json\/wp\/v2\/tags?post=5659"}],"curies":[{"name":"wp","href":"https:\/\/api.w.org\/{rel}","templated":true}]}}