{"id":5715,"date":"2022-07-07T08:52:44","date_gmt":"2022-07-07T11:52:44","guid":{"rendered":"https:\/\/www.ufmg.br\/proex\/?page_id=5715"},"modified":"2024-02-27T14:45:17","modified_gmt":"2024-02-27T17:45:17","slug":"eeco","status":"publish","type":"page","link":"https:\/\/www.ufmg.br\/proex\/eeco\/","title":{"rendered":"Esta\u00e7\u00e3o Ecol\u00f3gica da UFMG"},"content":{"rendered":"<article id=\"conteudo\" class=\"article\">\n<div class=\"widget\">\n<div class=\"widget widget--small\">\n<p>A Esta\u00e7\u00e3o Ecol\u00f3gica da UFMG tem dois editais abertos para a sele\u00e7\u00e3o de bolsistas e volunt\u00e1rios para participa\u00e7\u00e3o em atividades de extens\u00e3o.<\/p>\n<p>Ser\u00e3o selecionados 14 estudantes para o Programa de Extens\u00e3o Esta\u00e7\u00e3o Ecol\u00f3gica (Proeco) e 11 para o Projeto Educa\u00e7\u00e3o Ambiental: a\u00e7\u00f5es de extens\u00e3o e pesquisa junto \u00e0 educa\u00e7\u00e3o b\u00e1sica do munic\u00edpio de Mariana.<\/p>\n<p>Composto de diversos projetos comprometidos com a conserva\u00e7\u00e3o da biodiversidade, com a educa\u00e7\u00e3o ambiental cr\u00edtica e com o di\u00e1logo com a sociedade, o Proeco congrega a\u00e7\u00f5es de car\u00e1ter educativo, de democratiza\u00e7\u00e3o e populariza\u00e7\u00e3o do conhecimento cient\u00edfico, al\u00e9m de\u00a0eventos, oficinas, forma\u00e7\u00f5es e a\u00e7\u00f5es sociais.<\/p>\n<p>Desenvolvido no \u00e2mbito do Proeco, o Projeto Mariana re\u00fane a\u00e7\u00f5es de\u00a0extens\u00e3o e pesquisa com foco na educa\u00e7\u00e3o ambiental em escolas da educa\u00e7\u00e3o b\u00e1sica da rede p\u00fablica de ensino, em Mariana, com aten\u00e7\u00e3o especial aos problemas decorrentes do rompimento da barragem de Fund\u00e3o, ocorrido em 5 de novembro de 2015.<\/p>\n<p><strong class=\"redactor-inline-converted\">Inscri\u00e7\u00f5es e valores<br \/>\n<\/strong>As inscri\u00e7\u00f5es v\u00e3o<strong> at\u00e9 5 de mar\u00e7o.<\/strong> Podem ser feitas por estudantes regularmente matriculados em cursos da UFMG a partir do terceiro per\u00edodo. O candidato n\u00e3o pode ser benefici\u00e1rio de qualquer outro tipo de bolsa da Universidade (com exce\u00e7\u00e3o de aux\u00edlios da Funda\u00e7\u00e3o Universit\u00e1ria Mendes Pimentel).<\/p>\n<p>A inscri\u00e7\u00e3o deve ser feita remotamente, por meio do e-mail <a href=\"mailto:eeco.pampulha@gmail.com\" target=\"_blank\" rel=\"noopener\">eeco.pampulha@gmail.com<\/a>. A documenta\u00e7\u00e3o pode ser consultada nos editais. A bolsa de R$ 700 ter\u00e1 a vig\u00eancia de 12 meses, com in\u00edcio em 1\u00ba de mar\u00e7o de 2024.<\/p>\n<p><strong>Sele\u00e7\u00e3o e resultados<br \/>\n<\/strong>O processo seletivo contar\u00e1 com duas etapas: an\u00e1lise de dados e entrevista. O resultado da primeira fase ser\u00e1 divulgado em 7 de mar\u00e7o de 2024, em e-mail enviado aos candidatos com a lista dos selecionados para as entrevistas, que v\u00e3o ocorrer, on-line, em 7 e 8 de mar\u00e7o.\u00a0A data e o hor\u00e1rio de cada candidato participante ser\u00e1 enviada tamb\u00e9m por e-mail. A lista dos candidatos aprovados e do cadastro de reserva ser\u00e1 enviada no dia 12 de mar\u00e7o.<\/p>\n<p>Leia os editais:\u00a0<a href=\"https:\/\/ufmg.br\/storage\/e\/2\/4\/9\/e2492264b52602271386ad19de65237b_17086972446426_1908643509.pdf\" target=\"_blank\" rel=\"noopener\">Proeco<\/a>\u00a0e\u00a0<a href=\"https:\/\/ufmg.br\/storage\/4\/5\/6\/8\/45687209e02db8a9c46ce40963b0ed44_17086972724496_955117078.pdf\" target=\"_blank\" rel=\"noopener\">Projeto Mariana<\/a>.<\/p>\n<\/div>\n<\/div>\n<\/article>\n","protected":false},"excerpt":{"rendered":"<p>A Esta\u00e7\u00e3o Ecol\u00f3gica da UFMG tem dois editais abertos para [&hellip;]<\/p>\n","protected":false},"author":1,"featured_media":0,"parent":0,"menu_order":0,"comment_status":"closed","ping_status":"closed","template":"","meta":[],"tags":[],"_links":{"self":[{"href":"https:\/\/www.ufmg.br\/proex\/wp-json\/wp\/v2\/pages\/5715"}],"collection":[{"href":"https:\/\/www.ufmg.br\/proex\/wp-json\/wp\/v2\/pages"}],"about":[{"href":"https:\/\/www.ufmg.br\/proex\/wp-json\/wp\/v2\/types\/page"}],"author":[{"embeddable":true,"href":"https:\/\/www.ufmg.br\/proex\/wp-json\/wp\/v2\/users\/1"}],"replies":[{"embeddable":true,"href":"https:\/\/www.ufmg.br\/proex\/wp-json\/wp\/v2\/comments?post=5715"}],"version-history":[{"count":6,"href":"https:\/\/www.ufmg.br\/proex\/wp-json\/wp\/v2\/pages\/5715\/revisions"}],"predecessor-version":[{"id":11806,"href":"https:\/\/www.ufmg.br\/proex\/wp-json\/wp\/v2\/pages\/5715\/revisions\/11806"}],"wp:attachment":[{"href":"https:\/\/www.ufmg.br\/proex\/wp-json\/wp\/v2\/media?parent=5715"}],"wp:term":[{"taxonomy":"post_tag","embeddable":true,"href":"https:\/\/www.ufmg.br\/proex\/wp-json\/wp\/v2\/tags?post=5715"}],"curies":[{"name":"wp","href":"https:\/\/api.w.org\/{rel}","templated":true}]}}