{"id":5733,"date":"2022-07-11T14:15:37","date_gmt":"2022-07-11T17:15:37","guid":{"rendered":"https:\/\/www.ufmg.br\/proex\/?page_id=5733"},"modified":"2022-07-11T16:12:25","modified_gmt":"2022-07-11T19:12:25","slug":"cad","status":"publish","type":"page","link":"https:\/\/www.ufmg.br\/proex\/cad\/","title":{"rendered":"Projeto CAD"},"content":{"rendered":"<p><span style=\"font-weight: 400;\">Est\u00e3o abertas, at\u00e9 13\/07, as inscri\u00e7\u00f5es para bolsa de extens\u00e3o para o projeto CAD pelo CAd: Conhecendo, Aprendendo e Divulgando os Produtos Acad\u00eamicos das Ci\u00eancias Administrativas da UFMG.<\/span><\/p>\n<p><span style=\"font-weight: 400;\">Poder\u00e3o inscrever-se alunos regularmente matriculados no curso de gradua\u00e7\u00e3o em Administra\u00e7\u00e3o e no curso de gradua\u00e7\u00e3o em Comunica\u00e7\u00e3o Social da UFMG, a partir do 3\u00ba per\u00edodo.<\/span><\/p>\n<p><span style=\"font-weight: 400;\">Para realizar a inscri\u00e7\u00e3o, o candidato dever\u00e1 enviar um e-mail para <\/span><a href=\"mailto:cepeadfaceufmg@gmail.com\"><span style=\"font-weight: 400;\">cepeadfaceufmg@gmail.com<\/span><\/a><span style=\"font-weight: 400;\">, e anexar (PDF):<\/span><\/p>\n<ul>\n<li style=\"font-weight: 400;\" aria-level=\"1\"><span style=\"font-weight: 400;\">N\u00famero da Carteira de Identidade e CPF;\u00a0<\/span><\/li>\n<li style=\"font-weight: 400;\" aria-level=\"1\"><span style=\"font-weight: 400;\">Hist\u00f3rico Escolar;\u00a0<\/span><\/li>\n<li style=\"font-weight: 400;\" aria-level=\"1\"><span style=\"font-weight: 400;\">Carta de apresenta\u00e7\u00e3o;\u00a0<\/span><\/li>\n<li style=\"font-weight: 400;\" aria-level=\"1\"><span style=\"font-weight: 400;\">N\u00famero de matr\u00edcula, telefone e e-mail.\u00a0<\/span><\/li>\n<\/ul>\n<p><span style=\"font-weight: 400;\">Os alunos selecionados cumprir\u00e3o uma jornada de 20 horas semanais.<\/span><\/p>\n<p><span style=\"font-weight: 400;\">Demais informa\u00e7\u00f5es devem ser consultadas no <a href=\"https:\/\/www.ufmg.br\/proex\/wp-content\/uploads\/2022\/07\/SEI_UFMG-1580038-Edital-Prorrogacao.pdf\" target=\"_blank\" rel=\"noopener\">EDITAL 1244\/2022<\/a>.\u00a0<\/span><\/p>\n","protected":false},"excerpt":{"rendered":"<p>Est\u00e3o abertas, at\u00e9 13\/07, as inscri\u00e7\u00f5es para bolsa de extens\u00e3o [&hellip;]<\/p>\n","protected":false},"author":1,"featured_media":0,"parent":0,"menu_order":0,"comment_status":"closed","ping_status":"closed","template":"","meta":[],"tags":[],"_links":{"self":[{"href":"https:\/\/www.ufmg.br\/proex\/wp-json\/wp\/v2\/pages\/5733"}],"collection":[{"href":"https:\/\/www.ufmg.br\/proex\/wp-json\/wp\/v2\/pages"}],"about":[{"href":"https:\/\/www.ufmg.br\/proex\/wp-json\/wp\/v2\/types\/page"}],"author":[{"embeddable":true,"href":"https:\/\/www.ufmg.br\/proex\/wp-json\/wp\/v2\/users\/1"}],"replies":[{"embeddable":true,"href":"https:\/\/www.ufmg.br\/proex\/wp-json\/wp\/v2\/comments?post=5733"}],"version-history":[{"count":2,"href":"https:\/\/www.ufmg.br\/proex\/wp-json\/wp\/v2\/pages\/5733\/revisions"}],"predecessor-version":[{"id":5739,"href":"https:\/\/www.ufmg.br\/proex\/wp-json\/wp\/v2\/pages\/5733\/revisions\/5739"}],"wp:attachment":[{"href":"https:\/\/www.ufmg.br\/proex\/wp-json\/wp\/v2\/media?parent=5733"}],"wp:term":[{"taxonomy":"post_tag","embeddable":true,"href":"https:\/\/www.ufmg.br\/proex\/wp-json\/wp\/v2\/tags?post=5733"}],"curies":[{"name":"wp","href":"https:\/\/api.w.org\/{rel}","templated":true}]}}