{"id":578,"date":"2021-08-04T11:47:20","date_gmt":"2021-08-04T14:47:20","guid":{"rendered":"https:\/\/www.ufmg.br\/proex\/?page_id=578"},"modified":"2024-05-16T12:47:43","modified_gmt":"2024-05-16T15:47:43","slug":"politica-nacional-de-extensao-universitaria-pneu","status":"publish","type":"page","link":"https:\/\/www.ufmg.br\/proex\/documentos\/politica-nacional-de-extensao-universitaria-pneu\/","title":{"rendered":"Pol\u00edtica Nacional de Extens\u00e3o Universit\u00e1ria (PNEU)"},"content":{"rendered":"<p>Veja informa\u00e7\u00f5es sobre a breve hist\u00f3ria da extens\u00e3o no Brasil na <a href=\"https:\/\/www.ufmg.br\/proex\/wp-content\/uploads\/2021\/12\/PNEU.pdf\" target=\"_blank\" rel=\"noopener\">Pol\u00edtica Nacional da Extens\u00e3o Universit\u00e1ria (PNEU)<\/a>, documento publicado em maio de 2012, pelo F\u00f3rum de Pr\u00f3-reitores de Extens\u00e3o das Universidades P\u00fablicas Brasileiras (Forproex).<\/p>\n<p>Al\u00e9m do percurso hist\u00f3rico da extens\u00e3o, esse documento traz importantes informa\u00e7\u00f5es sobre o contexto internacional, realidade brasileira e princ\u00edpios b\u00e1sicos da extens\u00e3o.<\/p>\n<p>Confira tamb\u00e9m <a href=\"http:\/\/portal.mec.gov.br\/index.php?option=com_docman&amp;view=download&amp;alias=104251-rces007-18&amp;category_slug=dezembro-2018-pdf&amp;Itemid=30192\" target=\"_blank\" rel=\"noopener\">resolu\u00e7\u00e3o de 2018 do Conselho Nacional de Educa\u00e7\u00e3o (CNE)<\/a> que estabeleceu as diretrizes para a extens\u00e3o na educa\u00e7\u00e3o superior brasileira.<\/p>\n<p>&nbsp;<\/p>\n<p>&nbsp;<\/p>\n<p>&nbsp;<\/p>\n","protected":false},"excerpt":{"rendered":"<p>Veja informa\u00e7\u00f5es sobre a breve hist\u00f3ria da extens\u00e3o no Brasil [&hellip;]<\/p>\n","protected":false},"author":2,"featured_media":0,"parent":467,"menu_order":0,"comment_status":"closed","ping_status":"closed","template":"","meta":[],"tags":[49,51,23],"_links":{"self":[{"href":"https:\/\/www.ufmg.br\/proex\/wp-json\/wp\/v2\/pages\/578"}],"collection":[{"href":"https:\/\/www.ufmg.br\/proex\/wp-json\/wp\/v2\/pages"}],"about":[{"href":"https:\/\/www.ufmg.br\/proex\/wp-json\/wp\/v2\/types\/page"}],"author":[{"embeddable":true,"href":"https:\/\/www.ufmg.br\/proex\/wp-json\/wp\/v2\/users\/2"}],"replies":[{"embeddable":true,"href":"https:\/\/www.ufmg.br\/proex\/wp-json\/wp\/v2\/comments?post=578"}],"version-history":[{"count":13,"href":"https:\/\/www.ufmg.br\/proex\/wp-json\/wp\/v2\/pages\/578\/revisions"}],"predecessor-version":[{"id":12515,"href":"https:\/\/www.ufmg.br\/proex\/wp-json\/wp\/v2\/pages\/578\/revisions\/12515"}],"up":[{"embeddable":true,"href":"https:\/\/www.ufmg.br\/proex\/wp-json\/wp\/v2\/pages\/467"}],"wp:attachment":[{"href":"https:\/\/www.ufmg.br\/proex\/wp-json\/wp\/v2\/media?parent=578"}],"wp:term":[{"taxonomy":"post_tag","embeddable":true,"href":"https:\/\/www.ufmg.br\/proex\/wp-json\/wp\/v2\/tags?post=578"}],"curies":[{"name":"wp","href":"https:\/\/api.w.org\/{rel}","templated":true}]}}