{"id":5899,"date":"2022-08-22T10:02:25","date_gmt":"2022-08-22T13:02:25","guid":{"rendered":"https:\/\/www.ufmg.br\/proex\/?page_id=5899"},"modified":"2022-08-22T10:02:51","modified_gmt":"2022-08-22T13:02:51","slug":"procult","status":"publish","type":"page","link":"https:\/\/www.ufmg.br\/proex\/procult\/","title":{"rendered":"PROCULT"},"content":{"rendered":"<p><span style=\"font-weight: 400;\">Est\u00e3o abertas, at\u00e9 28\/08, as inscri\u00e7\u00f5es para 01 bolsa de extens\u00e3o na assessoria da Pr\u00f3-reitoria de Cultura da UFMG.\u00a0<\/span><\/p>\n<p><span style=\"font-weight: 400;\">Podem se inscrever estudantes a partir do 5\u00b0 per\u00edodo do curso de Comunica\u00e7\u00e3o Social (Jornalismo ou Rela\u00e7\u00f5es P\u00fablicas), que ingressaram na UFMG pelo sistema de cotas e\/ou discentes classificados socioeconomicamente no n\u00edvel I, II ou III pela Funda\u00e7\u00e3o Universit\u00e1ria Mendes Pimentel (FUMP).\u00a0<\/span><\/p>\n<p><span style=\"font-weight: 400;\">Al\u00e9m disso, \u00e9 necess\u00e1rio possuir habilidade na cria\u00e7\u00e3o de conte\u00fado relevante para redes sociais (Facebook, Instagram, Twitter e YouTube), reda\u00e7\u00e3o de not\u00edcias e releases, desenvoltura para contatos e proatividade. O conhecimento de ferramentas de edi\u00e7\u00e3o gr\u00e1fica \u00e9 um diferencial.<\/span><\/p>\n<p><span style=\"font-weight: 400;\">Para realizar a inscri\u00e7\u00e3o, o candidato dever\u00e1 enviar um e-mail para <\/span><a href=\"mailto:comunicacao@dac.ufmg.br\"><span style=\"font-weight: 400;\">comunicacao@dac.ufmg.br<\/span><\/a><span style=\"font-weight: 400;\"> e anexar (PDF):<\/span><\/p>\n<ul>\n<li style=\"font-weight: 400;\" aria-level=\"1\"><span style=\"font-weight: 400;\">Curriculum Vitae (em que conste telefone e e-mail de contato);<\/span><\/li>\n<li style=\"font-weight: 400;\" aria-level=\"1\"><span style=\"font-weight: 400;\">Comprovante de matr\u00edcula (2022\/2);<\/span><\/li>\n<li style=\"font-weight: 400;\" aria-level=\"1\"><span style=\"font-weight: 400;\">Comprovante de classifica\u00e7\u00e3o socioecon\u00f4mica no n\u00edvel I, II ou III emitido pela Funda\u00e7\u00e3o Universit\u00e1ria Mendes Pimentel (FUMP) ou documento que comprove o ingresso na UFMG pelo sistema de b\u00f4nus ou cotas;<\/span><\/li>\n<li style=\"font-weight: 400;\" aria-level=\"1\"><span style=\"font-weight: 400;\">Portf\u00f3lio (se houver).<\/span><\/li>\n<\/ul>\n<p><span style=\"font-weight: 400;\">Os alunos selecionados cumprir\u00e3o uma jornada de 20 horas semanais.<\/span><\/p>\n<p><span style=\"font-weight: 400;\">Demais informa\u00e7\u00f5es devem ser consultadas no <a href=\"https:\/\/www.ufmg.br\/proex\/wp-content\/uploads\/2022\/08\/PRORROGACAO-CHAMADA-DE-SELECAO-PROCULT-No-001-2022-1.pdf\" target=\"_blank\" rel=\"noopener\">EDITAL 001\/22<\/a>.\u00a0<\/span><\/p>\n","protected":false},"excerpt":{"rendered":"<p>Est\u00e3o abertas, at\u00e9 28\/08, as inscri\u00e7\u00f5es para 01 bolsa de [&hellip;]<\/p>\n","protected":false},"author":1,"featured_media":0,"parent":0,"menu_order":0,"comment_status":"closed","ping_status":"closed","template":"","meta":[],"tags":[],"_links":{"self":[{"href":"https:\/\/www.ufmg.br\/proex\/wp-json\/wp\/v2\/pages\/5899"}],"collection":[{"href":"https:\/\/www.ufmg.br\/proex\/wp-json\/wp\/v2\/pages"}],"about":[{"href":"https:\/\/www.ufmg.br\/proex\/wp-json\/wp\/v2\/types\/page"}],"author":[{"embeddable":true,"href":"https:\/\/www.ufmg.br\/proex\/wp-json\/wp\/v2\/users\/1"}],"replies":[{"embeddable":true,"href":"https:\/\/www.ufmg.br\/proex\/wp-json\/wp\/v2\/comments?post=5899"}],"version-history":[{"count":1,"href":"https:\/\/www.ufmg.br\/proex\/wp-json\/wp\/v2\/pages\/5899\/revisions"}],"predecessor-version":[{"id":5902,"href":"https:\/\/www.ufmg.br\/proex\/wp-json\/wp\/v2\/pages\/5899\/revisions\/5902"}],"wp:attachment":[{"href":"https:\/\/www.ufmg.br\/proex\/wp-json\/wp\/v2\/media?parent=5899"}],"wp:term":[{"taxonomy":"post_tag","embeddable":true,"href":"https:\/\/www.ufmg.br\/proex\/wp-json\/wp\/v2\/tags?post=5899"}],"curies":[{"name":"wp","href":"https:\/\/api.w.org\/{rel}","templated":true}]}}