{"id":590,"date":"2021-08-04T12:20:13","date_gmt":"2021-08-04T15:20:13","guid":{"rendered":"https:\/\/www.ufmg.br\/proex\/?page_id=590"},"modified":"2023-09-13T11:01:45","modified_gmt":"2023-09-13T14:01:45","slug":"organograma","status":"publish","type":"page","link":"https:\/\/www.ufmg.br\/proex\/sobre\/organograma\/","title":{"rendered":"Organograma"},"content":{"rendered":"<p>Organograma \u00e9 um gr\u00e1fico que estabelece, de maneira visual, as rela\u00e7\u00f5es hier\u00e1rquicas, fun\u00e7\u00f5es e setores de uma determinada organiza\u00e7\u00e3o.<\/p>\n<p>Para visualizar a estrutura da Extens\u00e3o e seus \u00f3rg\u00e3os, confira o documento <a href=\"https:\/\/www.ufmg.br\/proex\/wp-content\/uploads\/2023\/09\/ORGANOGRAMA-PROEX_13DeSet2023.pdf\" target=\"_blank\" rel=\"noopener\">Estrutura Organizacional Proex\/UFMG.<\/a><\/p>\n<p>&nbsp;<\/p>\n<p>&nbsp;<\/p>\n<p>&nbsp;<\/p>\n<p>&nbsp;<\/p>\n<p>&nbsp;<\/p>\n","protected":false},"excerpt":{"rendered":"<p>Organograma \u00e9 um gr\u00e1fico que estabelece, de maneira visual, as [&hellip;]<\/p>\n","protected":false},"author":2,"featured_media":0,"parent":357,"menu_order":0,"comment_status":"closed","ping_status":"closed","template":"","meta":[],"tags":[23,761,29],"_links":{"self":[{"href":"https:\/\/www.ufmg.br\/proex\/wp-json\/wp\/v2\/pages\/590"}],"collection":[{"href":"https:\/\/www.ufmg.br\/proex\/wp-json\/wp\/v2\/pages"}],"about":[{"href":"https:\/\/www.ufmg.br\/proex\/wp-json\/wp\/v2\/types\/page"}],"author":[{"embeddable":true,"href":"https:\/\/www.ufmg.br\/proex\/wp-json\/wp\/v2\/users\/2"}],"replies":[{"embeddable":true,"href":"https:\/\/www.ufmg.br\/proex\/wp-json\/wp\/v2\/comments?post=590"}],"version-history":[{"count":13,"href":"https:\/\/www.ufmg.br\/proex\/wp-json\/wp\/v2\/pages\/590\/revisions"}],"predecessor-version":[{"id":10146,"href":"https:\/\/www.ufmg.br\/proex\/wp-json\/wp\/v2\/pages\/590\/revisions\/10146"}],"up":[{"embeddable":true,"href":"https:\/\/www.ufmg.br\/proex\/wp-json\/wp\/v2\/pages\/357"}],"wp:attachment":[{"href":"https:\/\/www.ufmg.br\/proex\/wp-json\/wp\/v2\/media?parent=590"}],"wp:term":[{"taxonomy":"post_tag","embeddable":true,"href":"https:\/\/www.ufmg.br\/proex\/wp-json\/wp\/v2\/tags?post=590"}],"curies":[{"name":"wp","href":"https:\/\/api.w.org\/{rel}","templated":true}]}}