{"id":5907,"date":"2022-02-23T10:44:16","date_gmt":"2022-02-23T13:44:16","guid":{"rendered":"https:\/\/www.ufmg.br\/proex\/?page_id=5907"},"modified":"2025-07-29T11:05:58","modified_gmt":"2025-07-29T14:05:58","slug":"conservatorio","status":"publish","type":"page","link":"https:\/\/www.ufmg.br\/proex\/conservatorio\/","title":{"rendered":"Conservat\u00f3rio UFMG"},"content":{"rendered":"<p><span style=\"font-weight: 400;\">Est\u00e3o abertas, <strong>at\u00e9 11 de agosto de 2025,<\/strong> as inscri\u00e7\u00f5es de candidatos (as) a uma vaga de bolsa no projeto<em>\u00a0Conservat\u00f3rio UFMG \u2013 A\u00e7\u00e3o, intera\u00e7\u00e3o e reflex\u00e3o<\/em>.\u00a0<\/span><\/p>\n<p>A oportunidade \u00e9 para estudantes dos cursos de Jornalismo, Publicidade e Propaganda ou Rela\u00e7\u00f5es P\u00fablicas da UFMG.<\/p>\n<p>O(a) aluno (a) selecionado(a) desenvolver\u00e1 as seguintes atividades:<br \/>\n\u2022 Divulga\u00e7\u00e3o da programa\u00e7\u00e3o cultural do Conservat\u00f3rio UFMG;<br \/>\n\u2022 Elabora\u00e7\u00e3o de pe\u00e7as gr\u00e1ficas;<br \/>\n\u2022 Reda\u00e7\u00e3o de release para a m\u00eddia impressa e eletr\u00f4nica;<br \/>\n\u2022 Reda\u00e7\u00e3o de textos;<br \/>\n\u2022 Elabora\u00e7\u00e3o de clipping.<\/p>\n<p><strong>Valor da bolsa<\/strong>: 700,00\/mensal<br \/>\n<strong>Vig\u00eancia<\/strong>: agosto de 2025 a mar\u00e7o de 2026<\/p>\n<p><span style=\"font-weight: 400;\">Os(as) estudantes selecionados (as) no processo de sele\u00e7\u00e3o cumprir\u00e3o jornada de 20 horas semanais e desenvolver\u00e3o as atividades <strong>presencialmente<\/strong> no Conservat\u00f3rio UFMG (Avenida Afonso Pena, n\u00ba 1534, centro, Belo Horizonte).<\/span><\/p>\n<p>Os(as) interessados (as) devem encaminhar o curriculum vitae, hist\u00f3rico escolar e rendimento semestral global para o e-mail: <a href=\"mailto:comunica@conservatorio.ufmg.br\" target=\"_blank\" rel=\"noopener\">comunica@conservatorio.ufmg.br<\/a>.<\/p>\n<p><strong>Cronograma<\/strong><br \/>\nPer\u00edodo de inscri\u00e7\u00e3o: 21\/07\/2025 a 11\/08\/2025<br \/>\nData da entrevista: 12\/08\/2025<br \/>\nResultado da sele\u00e7\u00e3o: 13\/08\/2025<br \/>\nIn\u00edcio das atividades: 18\/08\/2025<\/p>\n<p><span style=\"font-weight: 400;\">As informa\u00e7\u00f5es completas est\u00e3o no <a href=\"https:\/\/www.ufmg.br\/proex\/wp-content\/uploads\/2025\/07\/EditaldeselecaodeBolsista2025_ComunicacaoSegundoSemestre.pdf\" target=\"_blank\" rel=\"noopener\">edital de sele\u00e7\u00e3o.<\/a><\/span><\/p>\n","protected":false},"excerpt":{"rendered":"<p>Est\u00e3o abertas, at\u00e9 11 de agosto de 2025, as inscri\u00e7\u00f5es [&hellip;]<\/p>\n","protected":false},"author":1,"featured_media":0,"parent":0,"menu_order":0,"comment_status":"closed","ping_status":"closed","template":"","meta":[],"tags":[191,23,109,29],"_links":{"self":[{"href":"https:\/\/www.ufmg.br\/proex\/wp-json\/wp\/v2\/pages\/5907"}],"collection":[{"href":"https:\/\/www.ufmg.br\/proex\/wp-json\/wp\/v2\/pages"}],"about":[{"href":"https:\/\/www.ufmg.br\/proex\/wp-json\/wp\/v2\/types\/page"}],"author":[{"embeddable":true,"href":"https:\/\/www.ufmg.br\/proex\/wp-json\/wp\/v2\/users\/1"}],"replies":[{"embeddable":true,"href":"https:\/\/www.ufmg.br\/proex\/wp-json\/wp\/v2\/comments?post=5907"}],"version-history":[{"count":39,"href":"https:\/\/www.ufmg.br\/proex\/wp-json\/wp\/v2\/pages\/5907\/revisions"}],"predecessor-version":[{"id":16102,"href":"https:\/\/www.ufmg.br\/proex\/wp-json\/wp\/v2\/pages\/5907\/revisions\/16102"}],"wp:attachment":[{"href":"https:\/\/www.ufmg.br\/proex\/wp-json\/wp\/v2\/media?parent=5907"}],"wp:term":[{"taxonomy":"post_tag","embeddable":true,"href":"https:\/\/www.ufmg.br\/proex\/wp-json\/wp\/v2\/tags?post=5907"}],"curies":[{"name":"wp","href":"https:\/\/api.w.org\/{rel}","templated":true}]}}