{"id":5933,"date":"2022-08-23T15:46:37","date_gmt":"2022-08-23T18:46:37","guid":{"rendered":"https:\/\/www.ufmg.br\/proex\/?page_id=5933"},"modified":"2023-02-10T12:25:52","modified_gmt":"2023-02-10T14:25:52","slug":"espaco-do-conhecimento-nucleo-de-audiovisual","status":"publish","type":"page","link":"https:\/\/www.ufmg.br\/proex\/espaco-do-conhecimento-nucleo-de-audiovisual\/","title":{"rendered":"Espa\u00e7o do Conhecimento &#8211; N\u00facleo de Audiovisual"},"content":{"rendered":"<p>Est\u00e3o abertas as inscri\u00e7\u00f5es para bolsa de extens\u00e3o no N\u00facleo de Audiovisual do Espa\u00e7o do Conhecimento UFMG.<\/p>\n<p><strong>Vaga:<\/strong>\u00a001 (uma)<\/p>\n<p><strong>Inscri\u00e7\u00f5es<\/strong>:\u00a0 07\/02\/2023 a 15\/02\/2023, por meio de <a href=\"https:\/\/forms.gle\/27UUjoNY7iGjGV7D7\" target=\"_blank\" rel=\"noopener\">formul\u00e1rio eletr\u00f4nico<\/a>.<\/p>\n<p><strong>Per\u00edodo de vig\u00eancia da bolsa<\/strong>: at\u00e9 28\/02\/2023<\/p>\n<p><strong>Valor da bolsa<\/strong>: R$400,00<\/p>\n<p><strong>Carga-hor\u00e1ria<\/strong>: 12 horas semanais<\/p>\n<p><strong>Pr\u00e9-requisitos:<\/strong><\/p>\n<p>\u2013 Estar matriculado preferencialmente nos cursos de gradua\u00e7\u00e3o da \u00e1rea de Cinema de anima\u00e7\u00e3o, Design, Artes Visuais<br \/>\nou Comunica\u00e7\u00e3o Social da UFMG;<br \/>\n\u2013 Ter preferencialmente experi\u00eancias pr\u00e9vias em atividades com capta\u00e7\u00e3o e edi\u00e7\u00e3o de \u00e1udio e v\u00eddeo, anima\u00e7\u00e3o e<br \/>\nanima\u00e7\u00e3o gr\u00e1fica;<br \/>\n\u2013 Ter disponibilidade de 12 horas semanais para dedica\u00e7\u00e3o \u00e0s atividades de extens\u00e3o (produ\u00e7\u00e3o de conte\u00fado<br \/>\naudiovisual para exposi\u00e7\u00f5es, Fachada Digital e Planet\u00e1rio e outras atividades presenciais e remotas).<br \/>\n\u2013 N\u00e3o ter v\u00ednculo empregat\u00edcio ou ac\u00famulo de bolsas no per\u00edodo de desenvolvimento do projeto;<br \/>\n\u2013 Estar dispon\u00edvel para assumir a bolsa em mar\u00e7o de 2023;<br \/>\n\u2013 Caso seja selecionado para a bolsa, possuir conta corrente no Banco do Brasil, da qual seja o \u00fanico titular<\/p>\n<p><strong>Desej\u00e1vel:<\/strong><\/p>\n<p>\u2013 Experi\u00eancia com produ\u00e7\u00e3o de material audiovisual, edi\u00e7\u00e3o de v\u00eddeo, no\u00e7\u00f5es de anima\u00e7\u00e3o gr\u00e1fica.<br \/>\n\u2013 Equipamento pr\u00f3prio (computador ou notebook para edi\u00e7\u00e3o) para trabalhar remotamente.<br \/>\n\u2013 Acesso aos programas do pacote Adobe (Premiere, After Effects, Photoshop e Illustrator).<\/p>\n<p>Acesse as informa\u00e7\u00f5es completas no <a href=\"https:\/\/www.ufmg.br\/espacodoconhecimento\/wp-content\/uploads\/2023\/02\/EDITAL-N%C2%BA-05-2023-%E2%80%93-N%C3%BAcleo-Audiovisual.pdf\" target=\"_blank\" rel=\"noopener\">Edit<\/a><a href=\"https:\/\/www.ufmg.br\/espacodoconhecimento\/wp-content\/uploads\/2023\/02\/EDITAL-N%C2%BA-05-2023-%E2%80%93-N%C3%BAcleo-Audiovisual.pdf\" target=\"_blank\" rel=\"noopener\">al<\/a><a href=\"https:\/\/www.ufmg.br\/espacodoconhecimento\/wp-content\/uploads\/2023\/02\/EDITAL-N%C2%BA-05-2023-%E2%80%93-N%C3%BAcleo-Audiovisual.pdf\" target=\"_blank\" rel=\"noopener\"> N\u00ba<\/a><a href=\"https:\/\/www.ufmg.br\/espacodoconhecimento\/wp-content\/uploads\/2023\/02\/EDITAL-N%C2%BA-05-2023-%E2%80%93-N%C3%BAcleo-Audiovisual.pdf\" target=\"_blank\" rel=\"noopener\"> 05<\/a><a href=\"https:\/\/www.ufmg.br\/espacodoconhecimento\/wp-content\/uploads\/2023\/02\/EDITAL-N%C2%BA-05-2023-%E2%80%93-N%C3%BAcleo-Audiovisual.pdf\" target=\"_blank\" rel=\"noopener\">-2023<\/a><strong><a href=\"https:\/\/www.ufmg.br\/espacodoconhecimento\/wp-content\/uploads\/2023\/02\/EDITAL-N%C2%BA-05-2023-%E2%80%93-N%C3%BAcleo-Audiovisual.pdf\" target=\"_blank\" rel=\"noopener\"> \u2013<\/a><\/strong><a href=\"https:\/\/www.ufmg.br\/espacodoconhecimento\/wp-content\/uploads\/2023\/02\/EDITAL-N%C2%BA-05-2023-%E2%80%93-N%C3%BAcleo-Audiovisual.pdf\" target=\"_blank\" rel=\"noopener\"> N\u00facleo<\/a><a href=\"https:\/\/www.ufmg.br\/espacodoconhecimento\/wp-content\/uploads\/2023\/02\/EDITAL-N%C2%BA-05-2023-%E2%80%93-N%C3%BAcleo-Audiovisual.pdf\" target=\"_blank\" rel=\"noopener\"> A<\/a><a href=\"https:\/\/www.ufmg.br\/espacodoconhecimento\/wp-content\/uploads\/2023\/02\/EDITAL-N%C2%BA-05-2023-%E2%80%93-N%C3%BAcleo-Audiovisual.pdf\" target=\"_blank\" rel=\"noopener\">udiovisual<\/a><\/p>\n","protected":false},"excerpt":{"rendered":"<p>Est\u00e3o abertas as inscri\u00e7\u00f5es para bolsa de extens\u00e3o no N\u00facleo [&hellip;]<\/p>\n","protected":false},"author":1,"featured_media":0,"parent":0,"menu_order":0,"comment_status":"closed","ping_status":"closed","template":"","meta":[],"tags":[],"_links":{"self":[{"href":"https:\/\/www.ufmg.br\/proex\/wp-json\/wp\/v2\/pages\/5933"}],"collection":[{"href":"https:\/\/www.ufmg.br\/proex\/wp-json\/wp\/v2\/pages"}],"about":[{"href":"https:\/\/www.ufmg.br\/proex\/wp-json\/wp\/v2\/types\/page"}],"author":[{"embeddable":true,"href":"https:\/\/www.ufmg.br\/proex\/wp-json\/wp\/v2\/users\/1"}],"replies":[{"embeddable":true,"href":"https:\/\/www.ufmg.br\/proex\/wp-json\/wp\/v2\/comments?post=5933"}],"version-history":[{"count":4,"href":"https:\/\/www.ufmg.br\/proex\/wp-json\/wp\/v2\/pages\/5933\/revisions"}],"predecessor-version":[{"id":7136,"href":"https:\/\/www.ufmg.br\/proex\/wp-json\/wp\/v2\/pages\/5933\/revisions\/7136"}],"wp:attachment":[{"href":"https:\/\/www.ufmg.br\/proex\/wp-json\/wp\/v2\/media?parent=5933"}],"wp:term":[{"taxonomy":"post_tag","embeddable":true,"href":"https:\/\/www.ufmg.br\/proex\/wp-json\/wp\/v2\/tags?post=5933"}],"curies":[{"name":"wp","href":"https:\/\/api.w.org\/{rel}","templated":true}]}}