{"id":595,"date":"2021-08-04T12:45:28","date_gmt":"2021-08-04T15:45:28","guid":{"rendered":"https:\/\/www.ufmg.br\/proex\/?page_id=595"},"modified":"2026-03-27T14:03:36","modified_gmt":"2026-03-27T17:03:36","slug":"resolucoes","status":"publish","type":"page","link":"https:\/\/www.ufmg.br\/proex\/documentos\/resolucoes\/","title":{"rendered":"Resolu\u00e7\u00f5es"},"content":{"rendered":"<h3>Conselho Universit\u00e1rio e CEPE<\/h3>\n<p>&nbsp;<\/p>\n<p><a href=\"https:\/\/www.ufmg.br\/proex\/wp-content\/uploads\/2026\/03\/SEI-UFMG-Resolucao-CEPE-01_2026-CURSO-APERFEICOAMENTO.pdf\" target=\"_blank\" rel=\"noopener\">Resolu\u00e7\u00e3o n\u00b0 01\/2026 de 26 de fevereiro de 2026<\/a> \u2013 Regulamenta os cursos de aperfei\u00e7oamento na UFMG e revoga a Resolu\u00e7\u00e3o n\u00ba 04\/2021, de 27 de maio de 2021<\/p>\n<p><a href=\"https:\/\/www.ufmg.br\/proex\/wp-content\/uploads\/2024\/07\/Resolucao-03_2024-CEPE-Normas-Gerais-da-Extensao.pdf\" target=\"_blank\" rel=\"noopener\">Resolu\u00e7\u00e3o complementar n\u00b0 03\/2024 de 1\u00ba de julho de 2024 <\/a>\u2013 Aprova as Normas Gerais da Extens\u00e3o da UFMG<\/p>\n<p><a href=\"https:\/\/www.ufmg.br\/proex\/wp-content\/uploads\/2023\/08\/13uni2022assinadapelaReitora.pdf\" target=\"_blank\" rel=\"noopener\">Resolu\u00e7\u00e3o n\u00b0 13\/2022 de 1\u00ba de maio de 2022<\/a> \u2013 Regulamenta, no \u00e2mbito da UFMG, as Atividades Acad\u00eamicas realizadas com recursos externos dos setores p\u00fablico e privado e o ressarcimento \u00e0 Universidade, bem como revoga a Resolu\u00e7\u00e3o n\u00ba 10\/95, de 30 de novembro de 1995<\/p>\n<p><a href=\"https:\/\/www.ufmg.br\/proex\/wp-content\/uploads\/2021\/12\/Resolucao-03_CEPE_2021_Institui-o-COMDICI.pdf\" target=\"_blank\" rel=\"noopener\">Resolu\u00e7\u00e3o n\u00b0 03\/2021 de 27 de maio de 2021<\/a> \u2013 Institui o Comit\u00ea para Discuss\u00e3o e Monitoramento da Pol\u00edtica de Divulga\u00e7\u00e3o Cient\u00edfica da UFMG (COMDICI) e estabelece sua estrutura<\/p>\n<div class=\"content-text\">\n<p><a href=\"https:\/\/www.ufmg.br\/proex\/wp-content\/uploads\/2021\/12\/Resolucao-02_CEPE_2021_Diretrizes-para-a-Politica-de-Divulgacao-Cientifica-na-UFMG.pdf\" target=\"_blank\" rel=\"noopener\">Resolu\u00e7\u00e3o n\u00b0 02\/2021 de 27 de maio de 2021<\/a> \u2013 Estabelece as Diretrizes para a Pol\u00edtica de Divulga\u00e7\u00e3o Cient\u00edfica da UFMG<\/p>\n<p><a href=\"https:\/\/www.ufmg.br\/proex\/wp-content\/uploads\/2021\/12\/Resolucao-Complementar-06.2020-Conselho-Universitario-de-22-de-outubro-de-2020.pdf\" target=\"_blank\" rel=\"noopener\">Resolu\u00e7\u00e3o Complementar n\u00b0 06\/2020 de 22 de outubro de 2020<\/a> \u2013\u00a0Regulamenta a composi\u00e7\u00e3o e as compet\u00eancias dos Centros de Extens\u00e3o (CENEX) nas Unidades Acad\u00eamicas e nas Unidades Especiais da UFMG<\/p>\n<p><a href=\"https:\/\/www.ufmg.br\/proex\/wp-content\/uploads\/2021\/12\/Resolucao-Complementar-05.2020-Conselho-Universitario-de-22-de-outubro-de-2020.pdf\" target=\"_blank\" rel=\"noopener\">Resolu\u00e7\u00e3o Complementar n\u00b0 05\/2020 de 22 de outubro de 2020<\/a> \u2013\u00a0Cria os Centros de Extens\u00e3o (CENEX) nas Unidades Acad\u00eamicas e nas Unidades Especiais da UFMG<\/p>\n<p><a href=\"https:\/\/www.ufmg.br\/proex\/wp-content\/uploads\/2021\/12\/Resolucao-no-5-2020-COEJ-empresa-junior.pdf\" target=\"_blank\" rel=\"noopener\">Resolu\u00e7\u00e3o n\u00ba 05\/2020 de 13 de agosto de 2020<\/a>\u00a0\u2013 Institui na Universidade Federal de Minas Gerais (UFMG) o Comit\u00ea de Empresas Juniores (COEJ-UFMG) e estabelece sua estrutura<\/p>\n<p><a href=\"https:\/\/www.ufmg.br\/proex\/wp-content\/uploads\/2021\/12\/Resolucao-no-4-2020-Reconhecimento-das-EMPRESAS-JUNIORES.pdf\" target=\"_blank\" rel=\"noopener\">Resolu\u00e7\u00e3o n\u00ba 04\/2020 de 13 de agosto de 2020<\/a> \u2013 Estabelece normas para o reconhecimento de empresas juniores no \u00e2mbito da Universidade Federal de Minas Gerais (UFMG)<\/p>\n<p><a href=\"https:\/\/www.ufmg.br\/proex\/wp-content\/uploads\/2021\/12\/01uni2020-1.pdf\" target=\"_blank\" rel=\"noopener\">Resolu\u00e7\u00e3o n\u00b0 01\/2020 de 05 de mar\u00e7o de 2020<\/a> \u2013 Disciplina crit\u00e9rios para a participa\u00e7\u00e3o de servidores e para a concess\u00e3o de bolsas no \u00e2mbito dos projetos desenvolvidos com a colabora\u00e7\u00e3o das Funda\u00e7\u00f5es de Apoio da UFMG<\/p>\n<p><a href=\"https:\/\/www.ufmg.br\/proex\/wp-content\/uploads\/2021\/12\/RESOLUCAO-CEPE-10.2019-1.pdf\" target=\"_blank\" rel=\"noopener\">Resolu\u00e7\u00e3o n\u00b0 10\/2019 de 10 de outubro de 2019<\/a> \u2013 Estabelece diretrizes curriculares para a integraliza\u00e7\u00e3o de atividades de Forma\u00e7\u00e3o em Extens\u00e3o Universit\u00e1ria nos cursos de gradua\u00e7\u00e3o da UFMG<\/p>\n<p><a href=\"https:\/\/www.ufmg.br\/proex\/wp-content\/uploads\/2021\/12\/jun-3-Doc-1.pdf\" target=\"_blank\" rel=\"noopener\">Resolu\u00e7\u00e3o n\u00b0 05\/2019 de 14 de maio de 2019<\/a> \u2013\u00a0Cria e regulamenta a Comiss\u00e3o para Discuss\u00e3o e Elabora\u00e7\u00e3o das Pol\u00edticas de Forma\u00e7\u00e3o Inicial e Continuada de Professores da Educa\u00e7\u00e3o B\u00e1sica<\/p>\n<p><a href=\"https:\/\/www.ufmg.br\/proex\/wp-content\/uploads\/2021\/12\/Resolucao_bolsas_cursos-07-2004.pdf\" target=\"_blank\" rel=\"noopener\">Resolu\u00e7\u00e3o n\u00ba 07\/2004 de 2 de setembro de 2004<\/a>\u00a0\u2013 Regulamenta a concess\u00e3o de bolsas em cursos de Extens\u00e3o e P\u00f3s-Gradua\u00e7\u00e3o\u00a0<em>lato sensu<\/em>, em conformidade com o percentual definido na Resolu\u00e7\u00e3o n o 6\/92, de 23\/6\/1992<\/p>\n<p>&nbsp;<\/p>\n<h3>C\u00e2mara de Extens\u00e3o<\/h3>\n<p>&nbsp;<\/p>\n<p><a href=\"https:\/\/www.ufmg.br\/proex\/wp-content\/uploads\/2025\/11\/SEI_4742934_Resolucao_41.pdf\" target=\"_blank\" rel=\"noopener\">Resolu\u00e7\u00e3o n\u00ba 4, de 14 de Novembro de 2025<\/a> \u2013 Aprova as Normas e Procedimentos Gerais de Bolsas de Extens\u00e3o e Outros Incentivos Financeiros da Pr\u00f3-Reitoria de Extens\u00e3o da UFMG<\/p>\n<p><a href=\"https:\/\/www.ufmg.br\/proex\/wp-content\/uploads\/2025\/07\/SEI_4327303_Resolucao_3.pdf\" target=\"_blank\" rel=\"noopener\">Resolu\u00e7\u00e3o n\u00ba 03, de 26 de junho de 2025 <\/a>\u2013 Regulamenta as normas para a formaliza\u00e7\u00e3o da participa\u00e7\u00e3o de colaborador volunt\u00e1rio externo em atividades de extens\u00e3o e revoga a Resolu\u00e7\u00e3o n\u00ba 04\/2021, de 01 de julho de 2021<\/p>\n<p><a href=\"https:\/\/www.ufmg.br\/proex\/wp-content\/uploads\/2025\/04\/RESOLUCAO-No-02.2025-Forum-de-Coordenadores-dos-CENEX-Aprovada.pdf\" target=\"_blank\" rel=\"noopener\">Resolu\u00e7\u00e3o n\u00ba 02\/2025, de 27 de mar\u00e7o de 2025<\/a> \u2013 Regulamenta o F\u00f3rum de Coordenadores dos Centros de Extens\u00e3o (CENEX) da UFMG<\/p>\n<p><a href=\"https:\/\/www.ufmg.br\/proex\/wp-content\/uploads\/2025\/04\/Resolucao_01_2025_apresentacao-de-propostas-Aprovada.pdf\" target=\"_blank\" rel=\"noopener\">Resolu\u00e7\u00e3o n\u00ba 01\/2025 de 27 de mar\u00e7o de 2025<\/a> \u2013 Regulamenta a apresenta\u00e7\u00e3o de propostas de atividades de extens\u00e3o no \u00e2mbito da UFMG<\/p>\n<p><a href=\"https:\/\/www.ufmg.br\/proex\/wp-content\/uploads\/2025\/09\/Regimento-Interno-Observatorio-Astronomico-Frei-Rosario-UFMG.pdf\" target=\"_blank\" rel=\"noopener\">Resolu\u00e7\u00e3o n\u00ba 01\/2024 de 11 de julho de 2024<\/a> <em>\u2013 <\/em>Aprova o Regimento Interno do Observat\u00f3rio Astron\u00f4mico Frei Ros\u00e1rio UFMG<\/p>\n<p><a href=\"https:\/\/www.ufmg.br\/proex\/wp-content\/uploads\/2022\/09\/SEI_UFMG-1613891-Oficio-17_2022_Ligas-Academicas.pdf\" target=\"_blank\" rel=\"noopener\">Of\u00edcio n\u00ba17\/2022 de 18 de julho de 2022<\/a> \u2013 Decis\u00e3o da C\u00e2mara de Extens\u00e3o sobre Ligas Acad\u00eamicas<\/p>\n<p><a href=\"https:\/\/www.ufmg.br\/proex\/wp-content\/uploads\/2021\/12\/05_2021_RESOLUCAO_DE_DIRETRIZES_PARA_AVALIACAO_DE_EXTENSAO.pdf\" target=\"_blank\" rel=\"noopener\">Resolu\u00e7\u00e3o n\u00ba 05\/2021 de 21 de outubro de 2021 <\/a>\u2013 Estabelece Diretrizes para a Pol\u00edtica de Avalia\u00e7\u00e3o da Extens\u00e3o UFMG<\/p>\n<p><a href=\"https:\/\/www.ufmg.br\/proex\/wp-content\/uploads\/2021\/12\/Resolucao_04_2021.pdf\" target=\"_blank\" rel=\"noopener\">Resolu\u00e7\u00e3o n\u00b0 04\/2021 de 01 de julho de 2021 <\/a>\u2013 Regulamenta as normas para a formaliza\u00e7\u00e3o da participa\u00e7\u00e3o de colaborador volunt\u00e1rio externo em atividades de extens\u00e3o da UFMG e revoga a Resolu\u00e7\u00e3o n\u00ba02\/2021, de 28 de janeiro de 2021<\/p>\n<p><a href=\"https:\/\/www.ufmg.br\/proex\/wp-content\/uploads\/2021\/12\/Resolucao_03_2021.pdf\" target=\"_blank\" rel=\"noopener\">Resolu\u00e7\u00e3o n\u00ba 03\/2021 de 01 de julho de 2021<\/a> \u2013 Estabelece os crit\u00e9rios e prazos para a aprecia\u00e7\u00e3o das propostas de Cursos de Aperfei\u00e7oamento pela C\u00e2mara de Extens\u00e3o<\/p>\n<p><a href=\"https:\/\/www.ufmg.br\/proex\/wp-content\/uploads\/2024\/08\/RESOLUCAO-03_2021-ESTACAO-ECOLOGICA-DA-UFMG.pdf\" target=\"_blank\" rel=\"noopener\">Resolu\u00e7\u00e3o n\u00ba 03\/2021 de 16 de mar\u00e7o de 2021<\/a> \u2013 Altera o Regimento Interno da Esta\u00e7\u00e3o Ecol\u00f3gica da UFMG e revoga a resolu\u00e7\u00e3o n\u00ba 02\/2015 de 11 de agosto de 2015<\/p>\n<p><a href=\"https:\/\/www.ufmg.br\/proex\/wp-content\/uploads\/2021\/12\/Resolucao-sobre-o-Programa_Camara-de-Extensao_APROVADO_03dedez.pdf\" target=\"_blank\" rel=\"noopener\">Resolu\u00e7\u00e3o n\u00ba 01\/2020 de 14 de janeiro de 2020<\/a> \u2013 Disp\u00f5e sobre o \u201cPrograma UFMG Jovem \u2013 conhecimento para todos\u201d e reedita a Resolu\u00e7\u00e3o da C\u00e2mara de Extens\u00e3o n\u00ba 01\/2017, de 25 de abril de 2017<\/p>\n<p><a href=\"https:\/\/www.ufmg.br\/proex\/wp-content\/uploads\/2021\/12\/Resolucao-No-01-2015_Comites-Assessores-da-Camara-de-Extensao.pdf\" target=\"_blank\" rel=\"noopener\">Resolu\u00e7\u00e3o n\u00b0 01\/2015 de 10 de mar\u00e7o de 2015 <\/a>\u2013 Reedita, com altera\u00e7\u00f5es, a Resolu\u00e7\u00e3o N\u00b0 01\/2012, de 25 de setembro de 2012, que define as atribui\u00e7\u00f5es e composi\u00e7\u00e3o dos Comit\u00eas Assessores da C\u00e2mara de Extens\u00e3o<\/p>\n<\/div>\n<p>&nbsp;<\/p>\n","protected":false},"excerpt":{"rendered":"<p>Conselho Universit\u00e1rio e CEPE &nbsp; Resolu\u00e7\u00e3o n\u00b0 01\/2026 de 26 [&hellip;]<\/p>\n","protected":false},"author":2,"featured_media":0,"parent":467,"menu_order":0,"comment_status":"closed","ping_status":"closed","template":"","meta":[],"tags":[49,25,29,273],"_links":{"self":[{"href":"https:\/\/www.ufmg.br\/proex\/wp-json\/wp\/v2\/pages\/595"}],"collection":[{"href":"https:\/\/www.ufmg.br\/proex\/wp-json\/wp\/v2\/pages"}],"about":[{"href":"https:\/\/www.ufmg.br\/proex\/wp-json\/wp\/v2\/types\/page"}],"author":[{"embeddable":true,"href":"https:\/\/www.ufmg.br\/proex\/wp-json\/wp\/v2\/users\/2"}],"replies":[{"embeddable":true,"href":"https:\/\/www.ufmg.br\/proex\/wp-json\/wp\/v2\/comments?post=595"}],"version-history":[{"count":49,"href":"https:\/\/www.ufmg.br\/proex\/wp-json\/wp\/v2\/pages\/595\/revisions"}],"predecessor-version":[{"id":17477,"href":"https:\/\/www.ufmg.br\/proex\/wp-json\/wp\/v2\/pages\/595\/revisions\/17477"}],"up":[{"embeddable":true,"href":"https:\/\/www.ufmg.br\/proex\/wp-json\/wp\/v2\/pages\/467"}],"wp:attachment":[{"href":"https:\/\/www.ufmg.br\/proex\/wp-json\/wp\/v2\/media?parent=595"}],"wp:term":[{"taxonomy":"post_tag","embeddable":true,"href":"https:\/\/www.ufmg.br\/proex\/wp-json\/wp\/v2\/tags?post=595"}],"curies":[{"name":"wp","href":"https:\/\/api.w.org\/{rel}","templated":true}]}}