{"id":5989,"date":"2022-08-24T14:14:57","date_gmt":"2022-08-24T17:14:57","guid":{"rendered":"https:\/\/www.ufmg.br\/proex\/?page_id=5989"},"modified":"2023-09-11T12:46:36","modified_gmt":"2023-09-11T15:46:36","slug":"gemti","status":"publish","type":"page","link":"https:\/\/www.ufmg.br\/proex\/gemti\/","title":{"rendered":"Gemti"},"content":{"rendered":"<p><span style=\"font-weight: 400;\">Est\u00e3o abertas, at\u00e9 <strong>18 de setembro de 2023<\/strong>, as inscri\u00e7\u00f5es para 5 vagas de bolsistas volunt\u00e1rios para atuarem no projeto \u201cGemti: A\u00e7\u00f5es Educativas para a Promo\u00e7\u00e3o da Sa\u00fade\u201d.\u00a0<\/span><\/p>\n<p><span style=\"font-weight: 400;\">Podem se inscrever alunos dos cursos de gradua\u00e7\u00e3o de Ci\u00eancias Biol\u00f3gicas ou em cursos da \u00e1rea da Sa\u00fade da UFMG e que possam contribuir pelo menos 6 horas semanais no projeto.\u00a0<\/span><\/p>\n<p><span style=\"font-weight: 400;\">Para realizar a inscri\u00e7\u00e3o, o candidato dever\u00e1 enviar um e-mail para tmsegatelli@icb.ufmg.br e <\/span><span style=\"font-weight: 400;\">segatellitm@gmail.com<\/span><span style=\"font-weight: 400;\">, e anexar (PDF):<\/span><\/p>\n<ul>\n<li style=\"font-weight: 400;\" aria-level=\"1\"><span style=\"font-weight: 400;\">\u00a0Carteira de Identidade;<\/span><\/li>\n<li style=\"font-weight: 400;\" aria-level=\"1\"><span style=\"font-weight: 400;\">\u00a0CPF;\u00a0<\/span><\/li>\n<li style=\"font-weight: 400;\" aria-level=\"1\"><span style=\"font-weight: 400;\">Comprovante de Matr\u00edcula na UFMG;<\/span><\/li>\n<li style=\"font-weight: 400;\" aria-level=\"1\"><span style=\"font-weight: 400;\">Hist\u00f3rico Escolar, incluindo o Rendimento Semestral Global;<\/span><\/li>\n<li style=\"font-weight: 400;\" aria-level=\"1\"><span style=\"font-weight: 400;\">Carta de inten\u00e7\u00e3o;<\/span><\/li>\n<li style=\"font-weight: 400;\" aria-level=\"1\"><span style=\"font-weight: 400;\">V\u00eddeo.<\/span><\/li>\n<\/ul>\n<p>O resultado final ser\u00e1 divulgado pelo e-mail de contato dos candidatos participantes assim que as an\u00e1lises dos documentos e entrevistas serem conclu\u00eddas.<\/p>\n<p><span style=\"font-weight: 400;\">Demais informa\u00e7\u00f5es devem ser consultadas no <a href=\"https:\/\/www.ufmg.br\/proex\/wp-content\/uploads\/2023\/09\/Edital_Selecao_Voluntarios_2023_-2_Projeto_GEMTI_assinado.pdf\" target=\"_blank\" rel=\"noopener\">EDITAL GEMTI 2023.<\/a><\/span><\/p>\n","protected":false},"excerpt":{"rendered":"<p>Est\u00e3o abertas, at\u00e9 18 de setembro de 2023, as inscri\u00e7\u00f5es [&hellip;]<\/p>\n","protected":false},"author":1,"featured_media":0,"parent":0,"menu_order":0,"comment_status":"closed","ping_status":"closed","template":"","meta":[],"tags":[],"_links":{"self":[{"href":"https:\/\/www.ufmg.br\/proex\/wp-json\/wp\/v2\/pages\/5989"}],"collection":[{"href":"https:\/\/www.ufmg.br\/proex\/wp-json\/wp\/v2\/pages"}],"about":[{"href":"https:\/\/www.ufmg.br\/proex\/wp-json\/wp\/v2\/types\/page"}],"author":[{"embeddable":true,"href":"https:\/\/www.ufmg.br\/proex\/wp-json\/wp\/v2\/users\/1"}],"replies":[{"embeddable":true,"href":"https:\/\/www.ufmg.br\/proex\/wp-json\/wp\/v2\/comments?post=5989"}],"version-history":[{"count":3,"href":"https:\/\/www.ufmg.br\/proex\/wp-json\/wp\/v2\/pages\/5989\/revisions"}],"predecessor-version":[{"id":10081,"href":"https:\/\/www.ufmg.br\/proex\/wp-json\/wp\/v2\/pages\/5989\/revisions\/10081"}],"wp:attachment":[{"href":"https:\/\/www.ufmg.br\/proex\/wp-json\/wp\/v2\/media?parent=5989"}],"wp:term":[{"taxonomy":"post_tag","embeddable":true,"href":"https:\/\/www.ufmg.br\/proex\/wp-json\/wp\/v2\/tags?post=5989"}],"curies":[{"name":"wp","href":"https:\/\/api.w.org\/{rel}","templated":true}]}}